{"id":9192,"date":"2025-05-15T07:39:29","date_gmt":"2025-05-15T05:39:29","guid":{"rendered":"https:\/\/med.tattoo\/produkt\/barbierit-chirurgical-cu-lama-dubla-8-1pc\/"},"modified":"2025-05-15T07:39:29","modified_gmt":"2025-05-15T05:39:29","slug":"barbierit-chirurgical-cu-lama-dubla-8-1pc","status":"publish","type":"product","link":"https:\/\/med.tattoo\/ro\/produs\/barbierit-chirurgical-cu-lama-dubla-8-1pc\/","title":{"rendered":"B\u0103rbierit chirurgical cu lam\u0103 dubl\u0103 8% 1pc"},"content":{"rendered":"<p>Aparat de ras de unic\u0103 folosin\u021b\u0103 cu lam\u0103 dubl\u0103. M\u00e2nerul briciului este fabricat din plastic. Acestea sunt utilizate pentru \u00eendep\u0103rtarea p\u0103rului de pe corp \u00eentr-un mod foarte confortabil, precum \u0219i sigur. Aparatele de ras sunt nesterile, dar sunt, de asemenea, fabricate din o\u021bel inoxidabil de \u00eenalt\u0103 calitate. Lama dubl\u0103 este suficient de ascu\u021bit\u0103 pentru a oferi zonei b\u0103rbierite un finisaj foarte fin. Aparatele de ras de unic\u0103 folosin\u021b\u0103 sunt utilizate \u00een principal pentru a rade anumite zone ale corpului chiar \u00eenainte de procedurile medicale sau cosmetice. Acestea sunt, de asemenea, utilizate \u00een gospod\u0103rii. Aparatele de ras sunt foarte u\u0219or de utilizat \u0219i sunt, de asemenea, extrem de confortabile. Lama dubl\u0103 se adapteaz\u0103 perfect la corp. Capetele aparatelor de ras de unic\u0103 folosin\u021b\u0103 sunt protejate de protec\u021bii din plastic, astfel \u00eenc\u00e2t s\u0103 nu fie deteriorate \u00een timpul transportului.         <\/p>\n","protected":false},"excerpt":{"rendered":"<p>Aparat de ras de unic\u0103 folosin\u021b\u0103 cu lam\u0103 dubl\u0103. M\u00e2nerul briciului este fabricat din plastic. Acestea sunt utilizate pentru \u00eendep\u0103rtarea p\u0103rului de pe corp \u00eentr-un mod foarte confortabil, precum \u0219i sigur. Aparatele de ras sunt nesterile, dar sunt, de asemenea, fabricate din o\u021bel inoxidabil de \u00eenalt\u0103 calitate. Lama dubl\u0103 este suficient de ascu\u021bit\u0103 pentru a [&hellip;]<\/p>\n","protected":false},"featured_media":8398,"comment_status":"closed","ping_status":"open","template":"","meta":{"site-sidebar-layout":"default","site-content-layout":"","ast-site-content-layout":"default","site-content-style":"default","site-sidebar-style":"default","ast-global-header-display":"","ast-banner-title-visibility":"","ast-main-header-display":"","ast-hfb-above-header-display":"","ast-hfb-below-header-display":"","ast-hfb-mobile-header-display":"","site-post-title":"","ast-breadcrumbs-content":"","ast-featured-img":"","footer-sml-layout":"","ast-disable-related-posts":"","theme-transparent-header-meta":"","adv-header-id-meta":"","stick-header-meta":"","header-above-stick-meta":"","header-main-stick-meta":"","header-below-stick-meta":"","astra-migrate-meta-layouts":"default","ast-page-background-enabled":"default","ast-page-background-meta":{"desktop":{"background-color":"var(--ast-global-color-4)","background-image":"","background-repeat":"repeat","background-position":"center center","background-size":"auto","background-attachment":"scroll","background-type":"","background-media":"","overlay-type":"","overlay-color":"","overlay-opacity":"","overlay-gradient":""},"tablet":{"background-color":"","background-image":"","background-repeat":"repeat","background-position":"center center","background-size":"auto","background-attachment":"scroll","background-type":"","background-media":"","overlay-type":"","overlay-color":"","overlay-opacity":"","overlay-gradient":""},"mobile":{"background-color":"","background-image":"","background-repeat":"repeat","background-position":"center center","background-size":"auto","background-attachment":"scroll","background-type":"","background-media":"","overlay-type":"","overlay-color":"","overlay-opacity":"","overlay-gradient":""}},"ast-content-background-meta":{"desktop":{"background-color":"var(--ast-global-color-5)","background-image":"","background-repeat":"repeat","background-position":"center center","background-size":"auto","background-attachment":"scroll","background-type":"","background-media":"","overlay-type":"","overlay-color":"","overlay-opacity":"","overlay-gradient":""},"tablet":{"background-color":"var(--ast-global-color-5)","background-image":"","background-repeat":"repeat","background-position":"center center","background-size":"auto","background-attachment":"scroll","background-type":"","background-media":"","overlay-type":"","overlay-color":"","overlay-opacity":"","overlay-gradient":""},"mobile":{"background-color":"var(--ast-global-color-5)","background-image":"","background-repeat":"repeat","background-position":"center center","background-size":"auto","background-attachment":"scroll","background-type":"","background-media":"","overlay-type":"","overlay-color":"","overlay-opacity":"","overlay-gradient":""}}},"product_brand":[],"product_cat":[25],"product_tag":[],"class_list":{"0":"post-9192","1":"product","2":"type-product","3":"status-publish","4":"has-post-thumbnail","6":"product_cat-med-tattoo","7":"desktop-align-left","8":"tablet-align-left","9":"mobile-align-left","10":"ast-product-gallery-layout-horizontal-slider","11":"ast-product-gallery-with-no-image","12":"ast-product-tabs-layout-distributed","14":"first","15":"instock","16":"purchasable","17":"product-type-simple"},"yoast_head":"<!-- This site is optimized with the Yoast SEO plugin v27.4 - https:\/\/yoast.com\/product\/yoast-seo-wordpress\/ -->\n<title>B\u0103rbierit chirurgical cu lam\u0103 dubl\u0103 8% 1pc - MED.TATTOO<\/title>\n<meta name=\"robots\" content=\"index, follow, max-snippet:-1, max-image-preview:large, max-video-preview:-1\" \/>\n<link rel=\"canonical\" href=\"https:\/\/med.tattoo\/ro\/produs\/barbierit-chirurgical-cu-lama-dubla-8-1pc\/\" \/>\n<meta property=\"og:locale\" content=\"ro_RO\" \/>\n<meta property=\"og:type\" content=\"article\" \/>\n<meta property=\"og:title\" content=\"B\u0103rbierit chirurgical cu lam\u0103 dubl\u0103 8% 1pc - MED.TATTOO\" \/>\n<meta property=\"og:description\" content=\"Aparat de ras de unic\u0103 folosin\u021b\u0103 cu lam\u0103 dubl\u0103. M\u00e2nerul briciului este fabricat din plastic. Acestea sunt utilizate pentru \u00eendep\u0103rtarea p\u0103rului de pe corp \u00eentr-un mod foarte confortabil, precum \u0219i sigur. Aparatele de ras sunt nesterile, dar sunt, de asemenea, fabricate din o\u021bel inoxidabil de \u00eenalt\u0103 calitate. Lama dubl\u0103 este suficient de ascu\u021bit\u0103 pentru a [&hellip;]\" \/>\n<meta property=\"og:url\" content=\"https:\/\/med.tattoo\/ro\/produs\/barbierit-chirurgical-cu-lama-dubla-8-1pc\/\" \/>\n<meta property=\"og:site_name\" content=\"MED.TATTOO\" \/>\n<meta property=\"article:publisher\" content=\"https:\/\/www.facebook.com\/profile.php?id=100084366705613\" \/>\n<meta name=\"twitter:card\" content=\"summary_large_image\" \/>\n<meta name=\"twitter:label1\" content=\"Timp estimat pentru citire\" \/>\n\t<meta name=\"twitter:data1\" content=\"1 minut\" \/>\n<script type=\"application\/ld+json\" class=\"yoast-schema-graph\">{\"@context\":\"https:\\\/\\\/schema.org\",\"@graph\":[{\"@type\":\"WebPage\",\"@id\":\"https:\\\/\\\/med.tattoo\\\/ro\\\/produs\\\/barbierit-chirurgical-cu-lama-dubla-8-1pc\\\/\",\"url\":\"https:\\\/\\\/med.tattoo\\\/ro\\\/produs\\\/barbierit-chirurgical-cu-lama-dubla-8-1pc\\\/\",\"name\":\"B\u0103rbierit chirurgical cu lam\u0103 dubl\u0103 8% 1pc - MED.TATTOO\",\"isPartOf\":{\"@id\":\"https:\\\/\\\/med.tattoo\\\/ro\\\/#website\"},\"primaryImageOfPage\":{\"@id\":\"https:\\\/\\\/med.tattoo\\\/ro\\\/produs\\\/barbierit-chirurgical-cu-lama-dubla-8-1pc\\\/#primaryimage\"},\"image\":{\"@id\":\"https:\\\/\\\/med.tattoo\\\/ro\\\/produs\\\/barbierit-chirurgical-cu-lama-dubla-8-1pc\\\/#primaryimage\"},\"thumbnailUrl\":\"https:\\\/\\\/med.tattoo\\\/wp-content\\\/uploads\\\/2025\\\/05\\\/130_golarka-j.u.-chirurgiczna.-z-podwojnym-ostrz-8-_1742990450.png\",\"datePublished\":\"2025-05-15T05:39:29+00:00\",\"breadcrumb\":{\"@id\":\"https:\\\/\\\/med.tattoo\\\/ro\\\/produs\\\/barbierit-chirurgical-cu-lama-dubla-8-1pc\\\/#breadcrumb\"},\"inLanguage\":\"ro-RO\",\"potentialAction\":[{\"@type\":\"ReadAction\",\"target\":[\"https:\\\/\\\/med.tattoo\\\/ro\\\/produs\\\/barbierit-chirurgical-cu-lama-dubla-8-1pc\\\/\"]}]},{\"@type\":\"ImageObject\",\"inLanguage\":\"ro-RO\",\"@id\":\"https:\\\/\\\/med.tattoo\\\/ro\\\/produs\\\/barbierit-chirurgical-cu-lama-dubla-8-1pc\\\/#primaryimage\",\"url\":\"https:\\\/\\\/med.tattoo\\\/wp-content\\\/uploads\\\/2025\\\/05\\\/130_golarka-j.u.-chirurgiczna.-z-podwojnym-ostrz-8-_1742990450.png\",\"contentUrl\":\"https:\\\/\\\/med.tattoo\\\/wp-content\\\/uploads\\\/2025\\\/05\\\/130_golarka-j.u.-chirurgiczna.-z-podwojnym-ostrz-8-_1742990450.png\",\"width\":407,\"height\":375},{\"@type\":\"BreadcrumbList\",\"@id\":\"https:\\\/\\\/med.tattoo\\\/ro\\\/produs\\\/barbierit-chirurgical-cu-lama-dubla-8-1pc\\\/#breadcrumb\",\"itemListElement\":[{\"@type\":\"ListItem\",\"position\":1,\"name\":\"Strona G\u0142\u00f3wna\",\"item\":\"https:\\\/\\\/med.tattoo\\\/ro\\\/\"},{\"@type\":\"ListItem\",\"position\":2,\"name\":\"Magazin\",\"item\":\"https:\\\/\\\/med.tattoo\\\/ro\\\/shop\\\/\"},{\"@type\":\"ListItem\",\"position\":3,\"name\":\"B\u0103rbierit chirurgical cu lam\u0103 dubl\u0103 8% 1pc\"}]},{\"@type\":\"WebSite\",\"@id\":\"https:\\\/\\\/med.tattoo\\\/ro\\\/#website\",\"url\":\"https:\\\/\\\/med.tattoo\\\/ro\\\/\",\"name\":\"MED.TATTOO\",\"description\":\"Wszystko dla Twojego tatua\u017cu\",\"publisher\":{\"@id\":\"https:\\\/\\\/med.tattoo\\\/ro\\\/#organization\"},\"potentialAction\":[{\"@type\":\"SearchAction\",\"target\":{\"@type\":\"EntryPoint\",\"urlTemplate\":\"https:\\\/\\\/med.tattoo\\\/ro\\\/?s={search_term_string}\"},\"query-input\":{\"@type\":\"PropertyValueSpecification\",\"valueRequired\":true,\"valueName\":\"search_term_string\"}}],\"inLanguage\":\"ro-RO\"},{\"@type\":\"Organization\",\"@id\":\"https:\\\/\\\/med.tattoo\\\/ro\\\/#organization\",\"name\":\"MED.TATTOO\",\"url\":\"https:\\\/\\\/med.tattoo\\\/ro\\\/\",\"logo\":{\"@type\":\"ImageObject\",\"inLanguage\":\"ro-RO\",\"@id\":\"https:\\\/\\\/med.tattoo\\\/ro\\\/#\\\/schema\\\/logo\\\/image\\\/\",\"url\":\"https:\\\/\\\/med.tattoo\\\/wp-content\\\/uploads\\\/2025\\\/05\\\/Bez-tytulu-600S300-px-1-e1658908183800.png\",\"contentUrl\":\"https:\\\/\\\/med.tattoo\\\/wp-content\\\/uploads\\\/2025\\\/05\\\/Bez-tytulu-600S300-px-1-e1658908183800.png\",\"width\":600,\"height\":61,\"caption\":\"MED.TATTOO\"},\"image\":{\"@id\":\"https:\\\/\\\/med.tattoo\\\/ro\\\/#\\\/schema\\\/logo\\\/image\\\/\"},\"sameAs\":[\"https:\\\/\\\/www.facebook.com\\\/profile.php?id=100084366705613\",\"https:\\\/\\\/www.instagram.com\\\/med.tattoo_official\\\/\"]}]}<\/script>\n<!-- \/ Yoast SEO plugin. -->","yoast_head_json":{"title":"B\u0103rbierit chirurgical cu lam\u0103 dubl\u0103 8% 1pc - MED.TATTOO","robots":{"index":"index","follow":"follow","max-snippet":"max-snippet:-1","max-image-preview":"max-image-preview:large","max-video-preview":"max-video-preview:-1"},"canonical":"https:\/\/med.tattoo\/ro\/produs\/barbierit-chirurgical-cu-lama-dubla-8-1pc\/","og_locale":"ro_RO","og_type":"article","og_title":"B\u0103rbierit chirurgical cu lam\u0103 dubl\u0103 8% 1pc - MED.TATTOO","og_description":"Aparat de ras de unic\u0103 folosin\u021b\u0103 cu lam\u0103 dubl\u0103. M\u00e2nerul briciului este fabricat din plastic. Acestea sunt utilizate pentru \u00eendep\u0103rtarea p\u0103rului de pe corp \u00eentr-un mod foarte confortabil, precum \u0219i sigur. Aparatele de ras sunt nesterile, dar sunt, de asemenea, fabricate din o\u021bel inoxidabil de \u00eenalt\u0103 calitate. Lama dubl\u0103 este suficient de ascu\u021bit\u0103 pentru a [&hellip;]","og_url":"https:\/\/med.tattoo\/ro\/produs\/barbierit-chirurgical-cu-lama-dubla-8-1pc\/","og_site_name":"MED.TATTOO","article_publisher":"https:\/\/www.facebook.com\/profile.php?id=100084366705613","twitter_card":"summary_large_image","twitter_misc":{"Timp estimat pentru citire":"1 minut"},"schema":{"@context":"https:\/\/schema.org","@graph":[{"@type":"WebPage","@id":"https:\/\/med.tattoo\/ro\/produs\/barbierit-chirurgical-cu-lama-dubla-8-1pc\/","url":"https:\/\/med.tattoo\/ro\/produs\/barbierit-chirurgical-cu-lama-dubla-8-1pc\/","name":"B\u0103rbierit chirurgical cu lam\u0103 dubl\u0103 8% 1pc - MED.TATTOO","isPartOf":{"@id":"https:\/\/med.tattoo\/ro\/#website"},"primaryImageOfPage":{"@id":"https:\/\/med.tattoo\/ro\/produs\/barbierit-chirurgical-cu-lama-dubla-8-1pc\/#primaryimage"},"image":{"@id":"https:\/\/med.tattoo\/ro\/produs\/barbierit-chirurgical-cu-lama-dubla-8-1pc\/#primaryimage"},"thumbnailUrl":"https:\/\/med.tattoo\/wp-content\/uploads\/2025\/05\/130_golarka-j.u.-chirurgiczna.-z-podwojnym-ostrz-8-_1742990450.png","datePublished":"2025-05-15T05:39:29+00:00","breadcrumb":{"@id":"https:\/\/med.tattoo\/ro\/produs\/barbierit-chirurgical-cu-lama-dubla-8-1pc\/#breadcrumb"},"inLanguage":"ro-RO","potentialAction":[{"@type":"ReadAction","target":["https:\/\/med.tattoo\/ro\/produs\/barbierit-chirurgical-cu-lama-dubla-8-1pc\/"]}]},{"@type":"ImageObject","inLanguage":"ro-RO","@id":"https:\/\/med.tattoo\/ro\/produs\/barbierit-chirurgical-cu-lama-dubla-8-1pc\/#primaryimage","url":"https:\/\/med.tattoo\/wp-content\/uploads\/2025\/05\/130_golarka-j.u.-chirurgiczna.-z-podwojnym-ostrz-8-_1742990450.png","contentUrl":"https:\/\/med.tattoo\/wp-content\/uploads\/2025\/05\/130_golarka-j.u.-chirurgiczna.-z-podwojnym-ostrz-8-_1742990450.png","width":407,"height":375},{"@type":"BreadcrumbList","@id":"https:\/\/med.tattoo\/ro\/produs\/barbierit-chirurgical-cu-lama-dubla-8-1pc\/#breadcrumb","itemListElement":[{"@type":"ListItem","position":1,"name":"Strona G\u0142\u00f3wna","item":"https:\/\/med.tattoo\/ro\/"},{"@type":"ListItem","position":2,"name":"Magazin","item":"https:\/\/med.tattoo\/ro\/shop\/"},{"@type":"ListItem","position":3,"name":"B\u0103rbierit chirurgical cu lam\u0103 dubl\u0103 8% 1pc"}]},{"@type":"WebSite","@id":"https:\/\/med.tattoo\/ro\/#website","url":"https:\/\/med.tattoo\/ro\/","name":"MED.TATTOO","description":"Wszystko dla Twojego tatua\u017cu","publisher":{"@id":"https:\/\/med.tattoo\/ro\/#organization"},"potentialAction":[{"@type":"SearchAction","target":{"@type":"EntryPoint","urlTemplate":"https:\/\/med.tattoo\/ro\/?s={search_term_string}"},"query-input":{"@type":"PropertyValueSpecification","valueRequired":true,"valueName":"search_term_string"}}],"inLanguage":"ro-RO"},{"@type":"Organization","@id":"https:\/\/med.tattoo\/ro\/#organization","name":"MED.TATTOO","url":"https:\/\/med.tattoo\/ro\/","logo":{"@type":"ImageObject","inLanguage":"ro-RO","@id":"https:\/\/med.tattoo\/ro\/#\/schema\/logo\/image\/","url":"https:\/\/med.tattoo\/wp-content\/uploads\/2025\/05\/Bez-tytulu-600S300-px-1-e1658908183800.png","contentUrl":"https:\/\/med.tattoo\/wp-content\/uploads\/2025\/05\/Bez-tytulu-600S300-px-1-e1658908183800.png","width":600,"height":61,"caption":"MED.TATTOO"},"image":{"@id":"https:\/\/med.tattoo\/ro\/#\/schema\/logo\/image\/"},"sameAs":["https:\/\/www.facebook.com\/profile.php?id=100084366705613","https:\/\/www.instagram.com\/med.tattoo_official\/"]}]}},"_links":{"self":[{"href":"https:\/\/med.tattoo\/ro\/wp-json\/wp\/v2\/product\/9192","targetHints":{"allow":["GET"]}}],"collection":[{"href":"https:\/\/med.tattoo\/ro\/wp-json\/wp\/v2\/product"}],"about":[{"href":"https:\/\/med.tattoo\/ro\/wp-json\/wp\/v2\/types\/product"}],"replies":[{"embeddable":true,"href":"https:\/\/med.tattoo\/ro\/wp-json\/wp\/v2\/comments?post=9192"}],"wp:featuredmedia":[{"embeddable":true,"href":"https:\/\/med.tattoo\/ro\/wp-json\/wp\/v2\/media\/8398"}],"wp:attachment":[{"href":"https:\/\/med.tattoo\/ro\/wp-json\/wp\/v2\/media?parent=9192"}],"wp:term":[{"taxonomy":"product_brand","embeddable":true,"href":"https:\/\/med.tattoo\/ro\/wp-json\/wp\/v2\/product_brand?post=9192"},{"taxonomy":"product_cat","embeddable":true,"href":"https:\/\/med.tattoo\/ro\/wp-json\/wp\/v2\/product_cat?post=9192"},{"taxonomy":"product_tag","embeddable":true,"href":"https:\/\/med.tattoo\/ro\/wp-json\/wp\/v2\/product_tag?post=9192"}],"curies":[{"name":"wp","href":"https:\/\/api.w.org\/{rel}","templated":true}]}}