{"id":9321,"date":"2025-05-15T07:16:57","date_gmt":"2025-05-15T05:16:57","guid":{"rendered":"https:\/\/med.tattoo\/produkt\/masca-chirurgicala-medicala-cu-trei-straturi-pe-elastic-50pcs-tip-ii-negru\/"},"modified":"2025-05-15T07:16:57","modified_gmt":"2025-05-15T05:16:57","slug":"masca-chirurgicala-medicala-cu-trei-straturi-pe-elastic-50pcs-tip-ii-negru","status":"publish","type":"product","link":"https:\/\/med.tattoo\/ro\/produs\/masca-chirurgicala-medicala-cu-trei-straturi-pe-elastic-50pcs-tip-ii-negru\/","title":{"rendered":"Masc\u0103 chirurgical\u0103, medical\u0103, cu trei straturi, pe elastic, 50pcs tip II negru"},"content":{"rendered":"<p>Masc\u0103 facial\u0103 profesional\u0103 medical\u0103 de unic\u0103 folosin\u021b\u0103 \u00een 3 straturi cu elastice pentru urechi Tip II EN14683<\/p>\n<p>Scop: masca medical\u0103 de unic\u0103 folosin\u021b\u0103 este utilizat\u0103 pentru a acoperi gura, nasul \u0219i maxilarul utilizatorului \u00een mediul medical obi\u0219nuit, bloc\u00e2nd gura \u0219i cavitatea nazal\u0103 a utilizatorului de la exhalarea sau pulverizarea contaminan\u021bilor.<\/p>\n<p>Eficient \u0219i confortabil, cu un element de etan\u0219are \u0219i ajustare pentru nas.<\/p>\n<p>Masca este conform\u0103 cu urm\u0103toarele standarde:<\/p>\n<p>EN 14683:2019<\/p>\n<p>BFE &gt; 98%<br \/>\nPuritate microbiologic\u0103 (CFU) &lt;= 30 cfu\/g<br \/>\nPresiune diferen\u021bial\u0103 (DP) &lt; 40 Pa \/ cm2<\/p>\n<p>Avertismente<\/p>\n<p>Verifica\u021bi dac\u0103 ambalajul este complet \u00eenainte de utilizare. Verifica\u021bi eticheta, data de fabrica\u021bie \u0219i termenul de expirare pentru a v\u0103 asigura c\u0103 produsul este valabil. <\/p>\n<p>2. nu utiliza\u021bi dac\u0103 ambalajul este deteriorat.<\/p>\n<p>3. Nu reutiliza\u021bi. Reutilizarea poate cauza contaminare \u00eencruci\u0219at\u0103. <\/p>\n<p>4. nu trebuie utilizat \u00een medii medicale invazive sau medii care con\u021bin gaze\/pulberi nocive;<\/p>\n<p>5. Nu utiliza\u021bi acest produs \u00een apropierea unei surse de foc. Arunca\u021bi-l dup\u0103 utilizare. <\/p>\n<p>Utilizarea continu\u0103 maxim\u0103 a acestui produs nu trebuie s\u0103 dep\u0103\u0219easc\u0103 4 ore.<\/p>\n<p>7. \u00een caz de simptome alergice, cum ar fi m\u00e2nc\u0103rimi \u0219i dureri de urechi, nu mai utiliza\u021bi acest produs.<\/p>\n<p>8. dac\u0103 nasul, gura sau urechea prezint\u0103 o leziune pe suprafa\u021ba pielii care va intra \u00een contact cu acest produs \u00een timpul utiliz\u0103rii, aceasta trebuie mai \u00eent\u00e2i tratat\u0103.<\/p>\n<p>Instruc\u021biuni de utilizare:<\/p>\n<p>1. Deschide\u021bi punga \u0219i scoate\u021bi masca.<\/p>\n<p>2 Desf\u0103\u0219ura\u021bi masca pentru a evita atingerea interiorului m\u0103\u0219tii cu m\u00e2na, cu partea colorat\u0103 \u00eendreptat\u0103 \u00een direc\u021bia opus\u0103 dumneavoastr\u0103.<\/p>\n<p>3 A\u0219eza\u021bi marginea cu cureaua elastic\u0103 deasupra. Ag\u0103\u021ba\u021bi buclele peste urechi. <\/p>\n<p>4 Ap\u0103sa\u021bi cureaua pentru a potrivi masca la partea din spate a nasului, apoi \u021bine\u021bi cureaua peste nas \u0219i trage\u021bi cap\u0103tul inferior al m\u0103\u0219tii la maxilarul inferior.<\/p>\n<p>5 Regla\u021bi masca pentru a acoperi fa\u021ba, de la partea din spate a nasului p\u00e2n\u0103 la maxilarul inferior, pentru cel mai bun efect de protec\u021bie.<\/p>\n<p>6. Nu atinge\u021bi partea exterioar\u0103 a m\u0103\u0219tii atunci c\u00e2nd o scoate\u021bi.<\/p>\n<p>7 Eliminarea trebuie efectuat\u0103 \u00een conformitate cu reglement\u0103rile locale privind de\u0219eurile medicale.<\/p>\n<p>Depozitare: A se depozita \u00eentr-o zon\u0103 f\u0103r\u0103 gaze, curat\u0103, r\u0103coroas\u0103, uscat\u0103 \u0219i ventilat\u0103.<\/p>\n<p>Perioada de valabilitate: 2 ani<\/p>\n","protected":false},"excerpt":{"rendered":"<p>Masc\u0103 facial\u0103 profesional\u0103 medical\u0103 de unic\u0103 folosin\u021b\u0103 \u00een 3 straturi cu elastice pentru urechi Tip II EN14683 Scop: masca medical\u0103 de unic\u0103 folosin\u021b\u0103 este utilizat\u0103 pentru a acoperi gura, nasul \u0219i maxilarul utilizatorului \u00een mediul medical obi\u0219nuit, bloc\u00e2nd gura \u0219i cavitatea nazal\u0103 a utilizatorului de la exhalarea sau pulverizarea contaminan\u021bilor. Eficient \u0219i confortabil, cu un [&hellip;]<\/p>\n","protected":false},"featured_media":8544,"comment_status":"closed","ping_status":"open","template":"","meta":{"site-sidebar-layout":"default","site-content-layout":"","ast-site-content-layout":"default","site-content-style":"default","site-sidebar-style":"default","ast-global-header-display":"","ast-banner-title-visibility":"","ast-main-header-display":"","ast-hfb-above-header-display":"","ast-hfb-below-header-display":"","ast-hfb-mobile-header-display":"","site-post-title":"","ast-breadcrumbs-content":"","ast-featured-img":"","footer-sml-layout":"","ast-disable-related-posts":"","theme-transparent-header-meta":"","adv-header-id-meta":"","stick-header-meta":"","header-above-stick-meta":"","header-main-stick-meta":"","header-below-stick-meta":"","astra-migrate-meta-layouts":"default","ast-page-background-enabled":"default","ast-page-background-meta":{"desktop":{"background-color":"var(--ast-global-color-4)","background-image":"","background-repeat":"repeat","background-position":"center center","background-size":"auto","background-attachment":"scroll","background-type":"","background-media":"","overlay-type":"","overlay-color":"","overlay-opacity":"","overlay-gradient":""},"tablet":{"background-color":"","background-image":"","background-repeat":"repeat","background-position":"center center","background-size":"auto","background-attachment":"scroll","background-type":"","background-media":"","overlay-type":"","overlay-color":"","overlay-opacity":"","overlay-gradient":""},"mobile":{"background-color":"","background-image":"","background-repeat":"repeat","background-position":"center center","background-size":"auto","background-attachment":"scroll","background-type":"","background-media":"","overlay-type":"","overlay-color":"","overlay-opacity":"","overlay-gradient":""}},"ast-content-background-meta":{"desktop":{"background-color":"var(--ast-global-color-5)","background-image":"","background-repeat":"repeat","background-position":"center center","background-size":"auto","background-attachment":"scroll","background-type":"","background-media":"","overlay-type":"","overlay-color":"","overlay-opacity":"","overlay-gradient":""},"tablet":{"background-color":"var(--ast-global-color-5)","background-image":"","background-repeat":"repeat","background-position":"center center","background-size":"auto","background-attachment":"scroll","background-type":"","background-media":"","overlay-type":"","overlay-color":"","overlay-opacity":"","overlay-gradient":""},"mobile":{"background-color":"var(--ast-global-color-5)","background-image":"","background-repeat":"repeat","background-position":"center center","background-size":"auto","background-attachment":"scroll","background-type":"","background-media":"","overlay-type":"","overlay-color":"","overlay-opacity":"","overlay-gradient":""}}},"product_brand":[],"product_cat":[25],"product_tag":[],"class_list":{"0":"post-9321","1":"product","2":"type-product","3":"status-publish","4":"has-post-thumbnail","6":"product_cat-med-tattoo","7":"desktop-align-left","8":"tablet-align-left","9":"mobile-align-left","10":"ast-product-gallery-layout-horizontal-slider","11":"ast-product-tabs-layout-distributed","13":"first","14":"instock","15":"purchasable","16":"product-type-simple"},"yoast_head":"<!-- This site is optimized with the Yoast SEO plugin v27.4 - https:\/\/yoast.com\/product\/yoast-seo-wordpress\/ -->\n<title>Masc\u0103 chirurgical\u0103, medical\u0103, cu trei straturi, pe elastic, 50pcs tip II negru - MED.TATTOO<\/title>\n<meta name=\"robots\" content=\"index, follow, max-snippet:-1, max-image-preview:large, max-video-preview:-1\" \/>\n<link rel=\"canonical\" href=\"https:\/\/med.tattoo\/ro\/produs\/masca-chirurgicala-medicala-cu-trei-straturi-pe-elastic-50pcs-tip-ii-negru\/\" \/>\n<meta property=\"og:locale\" content=\"ro_RO\" \/>\n<meta property=\"og:type\" content=\"article\" \/>\n<meta property=\"og:title\" content=\"Masc\u0103 chirurgical\u0103, medical\u0103, cu trei straturi, pe elastic, 50pcs tip II negru - MED.TATTOO\" \/>\n<meta property=\"og:description\" content=\"Masc\u0103 facial\u0103 profesional\u0103 medical\u0103 de unic\u0103 folosin\u021b\u0103 \u00een 3 straturi cu elastice pentru urechi Tip II EN14683 Scop: masca medical\u0103 de unic\u0103 folosin\u021b\u0103 este utilizat\u0103 pentru a acoperi gura, nasul \u0219i maxilarul utilizatorului \u00een mediul medical obi\u0219nuit, bloc\u00e2nd gura \u0219i cavitatea nazal\u0103 a utilizatorului de la exhalarea sau pulverizarea contaminan\u021bilor. Eficient \u0219i confortabil, cu un [&hellip;]\" \/>\n<meta property=\"og:url\" content=\"https:\/\/med.tattoo\/ro\/produs\/masca-chirurgicala-medicala-cu-trei-straturi-pe-elastic-50pcs-tip-ii-negru\/\" \/>\n<meta property=\"og:site_name\" content=\"MED.TATTOO\" \/>\n<meta property=\"article:publisher\" content=\"https:\/\/www.facebook.com\/profile.php?id=100084366705613\" \/>\n<meta name=\"twitter:card\" content=\"summary_large_image\" \/>\n<meta name=\"twitter:label1\" content=\"Timp estimat pentru citire\" \/>\n\t<meta name=\"twitter:data1\" content=\"2 minute\" \/>\n<script type=\"application\/ld+json\" class=\"yoast-schema-graph\">{\"@context\":\"https:\\\/\\\/schema.org\",\"@graph\":[{\"@type\":\"WebPage\",\"@id\":\"https:\\\/\\\/med.tattoo\\\/ro\\\/produs\\\/masca-chirurgicala-medicala-cu-trei-straturi-pe-elastic-50pcs-tip-ii-negru\\\/\",\"url\":\"https:\\\/\\\/med.tattoo\\\/ro\\\/produs\\\/masca-chirurgicala-medicala-cu-trei-straturi-pe-elastic-50pcs-tip-ii-negru\\\/\",\"name\":\"Masc\u0103 chirurgical\u0103, medical\u0103, cu trei straturi, pe elastic, 50pcs tip II negru - MED.TATTOO\",\"isPartOf\":{\"@id\":\"https:\\\/\\\/med.tattoo\\\/ro\\\/#website\"},\"primaryImageOfPage\":{\"@id\":\"https:\\\/\\\/med.tattoo\\\/ro\\\/produs\\\/masca-chirurgicala-medicala-cu-trei-straturi-pe-elastic-50pcs-tip-ii-negru\\\/#primaryimage\"},\"image\":{\"@id\":\"https:\\\/\\\/med.tattoo\\\/ro\\\/produs\\\/masca-chirurgicala-medicala-cu-trei-straturi-pe-elastic-50pcs-tip-ii-negru\\\/#primaryimage\"},\"thumbnailUrl\":\"https:\\\/\\\/med.tattoo\\\/wp-content\\\/uploads\\\/2025\\\/05\\\/3131_maska-medyczna-trojwarstwowa-na-gumce-50szt-cza_1744006587.jpg\",\"datePublished\":\"2025-05-15T05:16:57+00:00\",\"breadcrumb\":{\"@id\":\"https:\\\/\\\/med.tattoo\\\/ro\\\/produs\\\/masca-chirurgicala-medicala-cu-trei-straturi-pe-elastic-50pcs-tip-ii-negru\\\/#breadcrumb\"},\"inLanguage\":\"ro-RO\",\"potentialAction\":[{\"@type\":\"ReadAction\",\"target\":[\"https:\\\/\\\/med.tattoo\\\/ro\\\/produs\\\/masca-chirurgicala-medicala-cu-trei-straturi-pe-elastic-50pcs-tip-ii-negru\\\/\"]}]},{\"@type\":\"ImageObject\",\"inLanguage\":\"ro-RO\",\"@id\":\"https:\\\/\\\/med.tattoo\\\/ro\\\/produs\\\/masca-chirurgicala-medicala-cu-trei-straturi-pe-elastic-50pcs-tip-ii-negru\\\/#primaryimage\",\"url\":\"https:\\\/\\\/med.tattoo\\\/wp-content\\\/uploads\\\/2025\\\/05\\\/3131_maska-medyczna-trojwarstwowa-na-gumce-50szt-cza_1744006587.jpg\",\"contentUrl\":\"https:\\\/\\\/med.tattoo\\\/wp-content\\\/uploads\\\/2025\\\/05\\\/3131_maska-medyczna-trojwarstwowa-na-gumce-50szt-cza_1744006587.jpg\",\"width\":1750,\"height\":931},{\"@type\":\"BreadcrumbList\",\"@id\":\"https:\\\/\\\/med.tattoo\\\/ro\\\/produs\\\/masca-chirurgicala-medicala-cu-trei-straturi-pe-elastic-50pcs-tip-ii-negru\\\/#breadcrumb\",\"itemListElement\":[{\"@type\":\"ListItem\",\"position\":1,\"name\":\"Strona G\u0142\u00f3wna\",\"item\":\"https:\\\/\\\/med.tattoo\\\/ro\\\/\"},{\"@type\":\"ListItem\",\"position\":2,\"name\":\"Magazin\",\"item\":\"https:\\\/\\\/med.tattoo\\\/ro\\\/shop\\\/\"},{\"@type\":\"ListItem\",\"position\":3,\"name\":\"Masc\u0103 chirurgical\u0103, medical\u0103, cu trei straturi, pe elastic, 50pcs tip II negru\"}]},{\"@type\":\"WebSite\",\"@id\":\"https:\\\/\\\/med.tattoo\\\/ro\\\/#website\",\"url\":\"https:\\\/\\\/med.tattoo\\\/ro\\\/\",\"name\":\"MED.TATTOO\",\"description\":\"Wszystko dla Twojego tatua\u017cu\",\"publisher\":{\"@id\":\"https:\\\/\\\/med.tattoo\\\/ro\\\/#organization\"},\"potentialAction\":[{\"@type\":\"SearchAction\",\"target\":{\"@type\":\"EntryPoint\",\"urlTemplate\":\"https:\\\/\\\/med.tattoo\\\/ro\\\/?s={search_term_string}\"},\"query-input\":{\"@type\":\"PropertyValueSpecification\",\"valueRequired\":true,\"valueName\":\"search_term_string\"}}],\"inLanguage\":\"ro-RO\"},{\"@type\":\"Organization\",\"@id\":\"https:\\\/\\\/med.tattoo\\\/ro\\\/#organization\",\"name\":\"MED.TATTOO\",\"url\":\"https:\\\/\\\/med.tattoo\\\/ro\\\/\",\"logo\":{\"@type\":\"ImageObject\",\"inLanguage\":\"ro-RO\",\"@id\":\"https:\\\/\\\/med.tattoo\\\/ro\\\/#\\\/schema\\\/logo\\\/image\\\/\",\"url\":\"https:\\\/\\\/med.tattoo\\\/wp-content\\\/uploads\\\/2025\\\/05\\\/Bez-tytulu-600S300-px-1-e1658908183800.png\",\"contentUrl\":\"https:\\\/\\\/med.tattoo\\\/wp-content\\\/uploads\\\/2025\\\/05\\\/Bez-tytulu-600S300-px-1-e1658908183800.png\",\"width\":600,\"height\":61,\"caption\":\"MED.TATTOO\"},\"image\":{\"@id\":\"https:\\\/\\\/med.tattoo\\\/ro\\\/#\\\/schema\\\/logo\\\/image\\\/\"},\"sameAs\":[\"https:\\\/\\\/www.facebook.com\\\/profile.php?id=100084366705613\",\"https:\\\/\\\/www.instagram.com\\\/med.tattoo_official\\\/\"]}]}<\/script>\n<!-- \/ Yoast SEO plugin. -->","yoast_head_json":{"title":"Masc\u0103 chirurgical\u0103, medical\u0103, cu trei straturi, pe elastic, 50pcs tip II negru - MED.TATTOO","robots":{"index":"index","follow":"follow","max-snippet":"max-snippet:-1","max-image-preview":"max-image-preview:large","max-video-preview":"max-video-preview:-1"},"canonical":"https:\/\/med.tattoo\/ro\/produs\/masca-chirurgicala-medicala-cu-trei-straturi-pe-elastic-50pcs-tip-ii-negru\/","og_locale":"ro_RO","og_type":"article","og_title":"Masc\u0103 chirurgical\u0103, medical\u0103, cu trei straturi, pe elastic, 50pcs tip II negru - MED.TATTOO","og_description":"Masc\u0103 facial\u0103 profesional\u0103 medical\u0103 de unic\u0103 folosin\u021b\u0103 \u00een 3 straturi cu elastice pentru urechi Tip II EN14683 Scop: masca medical\u0103 de unic\u0103 folosin\u021b\u0103 este utilizat\u0103 pentru a acoperi gura, nasul \u0219i maxilarul utilizatorului \u00een mediul medical obi\u0219nuit, bloc\u00e2nd gura \u0219i cavitatea nazal\u0103 a utilizatorului de la exhalarea sau pulverizarea contaminan\u021bilor. Eficient \u0219i confortabil, cu un [&hellip;]","og_url":"https:\/\/med.tattoo\/ro\/produs\/masca-chirurgicala-medicala-cu-trei-straturi-pe-elastic-50pcs-tip-ii-negru\/","og_site_name":"MED.TATTOO","article_publisher":"https:\/\/www.facebook.com\/profile.php?id=100084366705613","twitter_card":"summary_large_image","twitter_misc":{"Timp estimat pentru citire":"2 minute"},"schema":{"@context":"https:\/\/schema.org","@graph":[{"@type":"WebPage","@id":"https:\/\/med.tattoo\/ro\/produs\/masca-chirurgicala-medicala-cu-trei-straturi-pe-elastic-50pcs-tip-ii-negru\/","url":"https:\/\/med.tattoo\/ro\/produs\/masca-chirurgicala-medicala-cu-trei-straturi-pe-elastic-50pcs-tip-ii-negru\/","name":"Masc\u0103 chirurgical\u0103, medical\u0103, cu trei straturi, pe elastic, 50pcs tip II negru - MED.TATTOO","isPartOf":{"@id":"https:\/\/med.tattoo\/ro\/#website"},"primaryImageOfPage":{"@id":"https:\/\/med.tattoo\/ro\/produs\/masca-chirurgicala-medicala-cu-trei-straturi-pe-elastic-50pcs-tip-ii-negru\/#primaryimage"},"image":{"@id":"https:\/\/med.tattoo\/ro\/produs\/masca-chirurgicala-medicala-cu-trei-straturi-pe-elastic-50pcs-tip-ii-negru\/#primaryimage"},"thumbnailUrl":"https:\/\/med.tattoo\/wp-content\/uploads\/2025\/05\/3131_maska-medyczna-trojwarstwowa-na-gumce-50szt-cza_1744006587.jpg","datePublished":"2025-05-15T05:16:57+00:00","breadcrumb":{"@id":"https:\/\/med.tattoo\/ro\/produs\/masca-chirurgicala-medicala-cu-trei-straturi-pe-elastic-50pcs-tip-ii-negru\/#breadcrumb"},"inLanguage":"ro-RO","potentialAction":[{"@type":"ReadAction","target":["https:\/\/med.tattoo\/ro\/produs\/masca-chirurgicala-medicala-cu-trei-straturi-pe-elastic-50pcs-tip-ii-negru\/"]}]},{"@type":"ImageObject","inLanguage":"ro-RO","@id":"https:\/\/med.tattoo\/ro\/produs\/masca-chirurgicala-medicala-cu-trei-straturi-pe-elastic-50pcs-tip-ii-negru\/#primaryimage","url":"https:\/\/med.tattoo\/wp-content\/uploads\/2025\/05\/3131_maska-medyczna-trojwarstwowa-na-gumce-50szt-cza_1744006587.jpg","contentUrl":"https:\/\/med.tattoo\/wp-content\/uploads\/2025\/05\/3131_maska-medyczna-trojwarstwowa-na-gumce-50szt-cza_1744006587.jpg","width":1750,"height":931},{"@type":"BreadcrumbList","@id":"https:\/\/med.tattoo\/ro\/produs\/masca-chirurgicala-medicala-cu-trei-straturi-pe-elastic-50pcs-tip-ii-negru\/#breadcrumb","itemListElement":[{"@type":"ListItem","position":1,"name":"Strona G\u0142\u00f3wna","item":"https:\/\/med.tattoo\/ro\/"},{"@type":"ListItem","position":2,"name":"Magazin","item":"https:\/\/med.tattoo\/ro\/shop\/"},{"@type":"ListItem","position":3,"name":"Masc\u0103 chirurgical\u0103, medical\u0103, cu trei straturi, pe elastic, 50pcs tip II negru"}]},{"@type":"WebSite","@id":"https:\/\/med.tattoo\/ro\/#website","url":"https:\/\/med.tattoo\/ro\/","name":"MED.TATTOO","description":"Wszystko dla Twojego tatua\u017cu","publisher":{"@id":"https:\/\/med.tattoo\/ro\/#organization"},"potentialAction":[{"@type":"SearchAction","target":{"@type":"EntryPoint","urlTemplate":"https:\/\/med.tattoo\/ro\/?s={search_term_string}"},"query-input":{"@type":"PropertyValueSpecification","valueRequired":true,"valueName":"search_term_string"}}],"inLanguage":"ro-RO"},{"@type":"Organization","@id":"https:\/\/med.tattoo\/ro\/#organization","name":"MED.TATTOO","url":"https:\/\/med.tattoo\/ro\/","logo":{"@type":"ImageObject","inLanguage":"ro-RO","@id":"https:\/\/med.tattoo\/ro\/#\/schema\/logo\/image\/","url":"https:\/\/med.tattoo\/wp-content\/uploads\/2025\/05\/Bez-tytulu-600S300-px-1-e1658908183800.png","contentUrl":"https:\/\/med.tattoo\/wp-content\/uploads\/2025\/05\/Bez-tytulu-600S300-px-1-e1658908183800.png","width":600,"height":61,"caption":"MED.TATTOO"},"image":{"@id":"https:\/\/med.tattoo\/ro\/#\/schema\/logo\/image\/"},"sameAs":["https:\/\/www.facebook.com\/profile.php?id=100084366705613","https:\/\/www.instagram.com\/med.tattoo_official\/"]}]}},"_links":{"self":[{"href":"https:\/\/med.tattoo\/ro\/wp-json\/wp\/v2\/product\/9321","targetHints":{"allow":["GET"]}}],"collection":[{"href":"https:\/\/med.tattoo\/ro\/wp-json\/wp\/v2\/product"}],"about":[{"href":"https:\/\/med.tattoo\/ro\/wp-json\/wp\/v2\/types\/product"}],"replies":[{"embeddable":true,"href":"https:\/\/med.tattoo\/ro\/wp-json\/wp\/v2\/comments?post=9321"}],"wp:featuredmedia":[{"embeddable":true,"href":"https:\/\/med.tattoo\/ro\/wp-json\/wp\/v2\/media\/8544"}],"wp:attachment":[{"href":"https:\/\/med.tattoo\/ro\/wp-json\/wp\/v2\/media?parent=9321"}],"wp:term":[{"taxonomy":"product_brand","embeddable":true,"href":"https:\/\/med.tattoo\/ro\/wp-json\/wp\/v2\/product_brand?post=9321"},{"taxonomy":"product_cat","embeddable":true,"href":"https:\/\/med.tattoo\/ro\/wp-json\/wp\/v2\/product_cat?post=9321"},{"taxonomy":"product_tag","embeddable":true,"href":"https:\/\/med.tattoo\/ro\/wp-json\/wp\/v2\/product_tag?post=9321"}],"curies":[{"name":"wp","href":"https:\/\/api.w.org\/{rel}","templated":true}]}}