{"id":9351,"date":"2025-05-15T07:25:49","date_gmt":"2025-05-15T05:25:49","guid":{"rendered":"https:\/\/med.tattoo\/produkt\/tampon-de-protectie-din-celuloza-60-50m-1-buc-alb-2-straturi\/"},"modified":"2025-05-15T07:25:49","modified_gmt":"2025-05-15T05:25:49","slug":"tampon-de-protectie-din-celuloza-60-50m-1-buc-alb-2-straturi","status":"publish","type":"product","link":"https:\/\/med.tattoo\/ro\/produs\/tampon-de-protectie-din-celuloza-60-50m-1-buc-alb-2-straturi\/","title":{"rendered":"Tampon de protec\u021bie din celuloz\u0103 60\/50m 1 buc alb 2 straturi"},"content":{"rendered":"<p>Tamponul medical este un produs de calitate superioar\u0103 care v\u0103 permite s\u0103 men\u021bine\u021bi igiena \u00een toate condi\u021biile. Un produs sigur \u0219i igienic. Este fabricat din h\u00e2rtie dublu stratificat\u0103 de 50 cm x 60 m din celuloz\u0103 pur\u0103, selectat\u0103. Are o culoare alb\u0103 ca z\u0103pada \u0219i o reliefare fin\u0103 pe suprafa\u021b\u0103. Acest lucru contribuie la cre\u0219terea capacit\u0103\u021bii sale de absorb\u021bie.      <\/p>\n<p>  Este foarte pl\u0103cut la atingere \u0219i delicat pe piele. Avantajul este perfora\u021bia perfect\u0103, care \u00eemparte rola de underpad \u00een buc\u0103\u021bi de lungime egal\u0103 &#8211; acestea pot fi rupte u\u0219or \u0219i rapid. Exist\u0103 p\u00e2n\u0103 la 210 buc\u0103\u021bi pe o rol\u0103, ceea ce are un impact semnificativ asupra reducerii uzurii \u0219i ruperii. Fiecare rol\u0103 este ambalat\u0103 separat, asigur\u00e2nd cur\u0103\u021benia, igiena \u0219i siguran\u021ba utilizatorului.     <\/p>\n<p>Recomandat pentru cabinete medicale, spa-uri \u0219i saloane de masaj.  <\/p>\n<p>Culoare: alb  <\/p>\n<p>Materie prim\u0103: Celuloz\u0103<\/p>\n<p>Num\u0103r de straturi: 2<\/p>\n<p>L\u0103\u021bimea rolei: 60 cm<\/p>\n<p>Lungimea rolei: 50 m<\/p>\n","protected":false},"excerpt":{"rendered":"<p>Tamponul medical este un produs de calitate superioar\u0103 care v\u0103 permite s\u0103 men\u021bine\u021bi igiena \u00een toate condi\u021biile. Un produs sigur \u0219i igienic. Este fabricat din h\u00e2rtie dublu stratificat\u0103 de 50 cm x 60 m din celuloz\u0103 pur\u0103, selectat\u0103. Are o culoare alb\u0103 ca z\u0103pada \u0219i o reliefare fin\u0103 pe suprafa\u021b\u0103. Acest lucru contribuie la cre\u0219terea [&hellip;]<\/p>\n","protected":false},"featured_media":7637,"comment_status":"closed","ping_status":"open","template":"","meta":{"site-sidebar-layout":"default","site-content-layout":"","ast-site-content-layout":"default","site-content-style":"default","site-sidebar-style":"default","ast-global-header-display":"","ast-banner-title-visibility":"","ast-main-header-display":"","ast-hfb-above-header-display":"","ast-hfb-below-header-display":"","ast-hfb-mobile-header-display":"","site-post-title":"","ast-breadcrumbs-content":"","ast-featured-img":"","footer-sml-layout":"","ast-disable-related-posts":"","theme-transparent-header-meta":"","adv-header-id-meta":"","stick-header-meta":"","header-above-stick-meta":"","header-main-stick-meta":"","header-below-stick-meta":"","astra-migrate-meta-layouts":"default","ast-page-background-enabled":"default","ast-page-background-meta":{"desktop":{"background-color":"var(--ast-global-color-4)","background-image":"","background-repeat":"repeat","background-position":"center center","background-size":"auto","background-attachment":"scroll","background-type":"","background-media":"","overlay-type":"","overlay-color":"","overlay-opacity":"","overlay-gradient":""},"tablet":{"background-color":"","background-image":"","background-repeat":"repeat","background-position":"center center","background-size":"auto","background-attachment":"scroll","background-type":"","background-media":"","overlay-type":"","overlay-color":"","overlay-opacity":"","overlay-gradient":""},"mobile":{"background-color":"","background-image":"","background-repeat":"repeat","background-position":"center center","background-size":"auto","background-attachment":"scroll","background-type":"","background-media":"","overlay-type":"","overlay-color":"","overlay-opacity":"","overlay-gradient":""}},"ast-content-background-meta":{"desktop":{"background-color":"var(--ast-global-color-5)","background-image":"","background-repeat":"repeat","background-position":"center center","background-size":"auto","background-attachment":"scroll","background-type":"","background-media":"","overlay-type":"","overlay-color":"","overlay-opacity":"","overlay-gradient":""},"tablet":{"background-color":"var(--ast-global-color-5)","background-image":"","background-repeat":"repeat","background-position":"center center","background-size":"auto","background-attachment":"scroll","background-type":"","background-media":"","overlay-type":"","overlay-color":"","overlay-opacity":"","overlay-gradient":""},"mobile":{"background-color":"var(--ast-global-color-5)","background-image":"","background-repeat":"repeat","background-position":"center center","background-size":"auto","background-attachment":"scroll","background-type":"","background-media":"","overlay-type":"","overlay-color":"","overlay-opacity":"","overlay-gradient":""}}},"product_brand":[],"product_cat":[25],"product_tag":[],"class_list":{"0":"post-9351","1":"product","2":"type-product","3":"status-publish","4":"has-post-thumbnail","6":"product_cat-med-tattoo","7":"desktop-align-left","8":"tablet-align-left","9":"mobile-align-left","10":"ast-product-gallery-layout-horizontal-slider","11":"ast-product-gallery-with-no-image","12":"ast-product-tabs-layout-distributed","14":"first","15":"instock","16":"purchasable","17":"product-type-simple"},"yoast_head":"<!-- This site is optimized with the Yoast SEO plugin v27.3 - https:\/\/yoast.com\/product\/yoast-seo-wordpress\/ -->\n<title>Tampon de protec\u021bie din celuloz\u0103 60\/50m 1 buc alb 2 straturi - MED.TATTOO<\/title>\n<meta name=\"robots\" content=\"index, follow, max-snippet:-1, max-image-preview:large, max-video-preview:-1\" \/>\n<link rel=\"canonical\" href=\"https:\/\/med.tattoo\/ro\/produs\/tampon-de-protectie-din-celuloza-60-50m-1-buc-alb-2-straturi\/\" \/>\n<meta property=\"og:locale\" content=\"ro_RO\" \/>\n<meta property=\"og:type\" content=\"article\" \/>\n<meta property=\"og:title\" content=\"Tampon de protec\u021bie din celuloz\u0103 60\/50m 1 buc alb 2 straturi - MED.TATTOO\" \/>\n<meta property=\"og:description\" content=\"Tamponul medical este un produs de calitate superioar\u0103 care v\u0103 permite s\u0103 men\u021bine\u021bi igiena \u00een toate condi\u021biile. Un produs sigur \u0219i igienic. Este fabricat din h\u00e2rtie dublu stratificat\u0103 de 50 cm x 60 m din celuloz\u0103 pur\u0103, selectat\u0103. Are o culoare alb\u0103 ca z\u0103pada \u0219i o reliefare fin\u0103 pe suprafa\u021b\u0103. Acest lucru contribuie la cre\u0219terea [&hellip;]\" \/>\n<meta property=\"og:url\" content=\"https:\/\/med.tattoo\/ro\/produs\/tampon-de-protectie-din-celuloza-60-50m-1-buc-alb-2-straturi\/\" \/>\n<meta property=\"og:site_name\" content=\"MED.TATTOO\" \/>\n<meta property=\"article:publisher\" content=\"https:\/\/www.facebook.com\/profile.php?id=100084366705613\" \/>\n<meta name=\"twitter:card\" content=\"summary_large_image\" \/>\n<meta name=\"twitter:label1\" content=\"Timp estimat pentru citire\" \/>\n\t<meta name=\"twitter:data1\" content=\"1 minut\" \/>\n<script type=\"application\/ld+json\" class=\"yoast-schema-graph\">{\"@context\":\"https:\\\/\\\/schema.org\",\"@graph\":[{\"@type\":\"WebPage\",\"@id\":\"https:\\\/\\\/med.tattoo\\\/ro\\\/produs\\\/tampon-de-protectie-din-celuloza-60-50m-1-buc-alb-2-straturi\\\/\",\"url\":\"https:\\\/\\\/med.tattoo\\\/ro\\\/produs\\\/tampon-de-protectie-din-celuloza-60-50m-1-buc-alb-2-straturi\\\/\",\"name\":\"Tampon de protec\u021bie din celuloz\u0103 60\\\/50m 1 buc alb 2 straturi - MED.TATTOO\",\"isPartOf\":{\"@id\":\"https:\\\/\\\/med.tattoo\\\/ro\\\/#website\"},\"primaryImageOfPage\":{\"@id\":\"https:\\\/\\\/med.tattoo\\\/ro\\\/produs\\\/tampon-de-protectie-din-celuloza-60-50m-1-buc-alb-2-straturi\\\/#primaryimage\"},\"image\":{\"@id\":\"https:\\\/\\\/med.tattoo\\\/ro\\\/produs\\\/tampon-de-protectie-din-celuloza-60-50m-1-buc-alb-2-straturi\\\/#primaryimage\"},\"thumbnailUrl\":\"https:\\\/\\\/med.tattoo\\\/wp-content\\\/uploads\\\/2025\\\/05\\\/1337_podklad-ochronny-celulozowy-60-50-m-1szt-bialy_1744006851.png\",\"datePublished\":\"2025-05-15T05:25:49+00:00\",\"breadcrumb\":{\"@id\":\"https:\\\/\\\/med.tattoo\\\/ro\\\/produs\\\/tampon-de-protectie-din-celuloza-60-50m-1-buc-alb-2-straturi\\\/#breadcrumb\"},\"inLanguage\":\"ro-RO\",\"potentialAction\":[{\"@type\":\"ReadAction\",\"target\":[\"https:\\\/\\\/med.tattoo\\\/ro\\\/produs\\\/tampon-de-protectie-din-celuloza-60-50m-1-buc-alb-2-straturi\\\/\"]}]},{\"@type\":\"ImageObject\",\"inLanguage\":\"ro-RO\",\"@id\":\"https:\\\/\\\/med.tattoo\\\/ro\\\/produs\\\/tampon-de-protectie-din-celuloza-60-50m-1-buc-alb-2-straturi\\\/#primaryimage\",\"url\":\"https:\\\/\\\/med.tattoo\\\/wp-content\\\/uploads\\\/2025\\\/05\\\/1337_podklad-ochronny-celulozowy-60-50-m-1szt-bialy_1744006851.png\",\"contentUrl\":\"https:\\\/\\\/med.tattoo\\\/wp-content\\\/uploads\\\/2025\\\/05\\\/1337_podklad-ochronny-celulozowy-60-50-m-1szt-bialy_1744006851.png\",\"width\":718,\"height\":454},{\"@type\":\"BreadcrumbList\",\"@id\":\"https:\\\/\\\/med.tattoo\\\/ro\\\/produs\\\/tampon-de-protectie-din-celuloza-60-50m-1-buc-alb-2-straturi\\\/#breadcrumb\",\"itemListElement\":[{\"@type\":\"ListItem\",\"position\":1,\"name\":\"Strona G\u0142\u00f3wna\",\"item\":\"https:\\\/\\\/med.tattoo\\\/ro\\\/\"},{\"@type\":\"ListItem\",\"position\":2,\"name\":\"Magazin\",\"item\":\"https:\\\/\\\/med.tattoo\\\/ro\\\/shop\\\/\"},{\"@type\":\"ListItem\",\"position\":3,\"name\":\"Tampon de protec\u021bie din celuloz\u0103 60\\\/50m 1 buc alb 2 straturi\"}]},{\"@type\":\"WebSite\",\"@id\":\"https:\\\/\\\/med.tattoo\\\/ro\\\/#website\",\"url\":\"https:\\\/\\\/med.tattoo\\\/ro\\\/\",\"name\":\"MED.TATTOO\",\"description\":\"Wszystko dla Twojego tatua\u017cu\",\"publisher\":{\"@id\":\"https:\\\/\\\/med.tattoo\\\/ro\\\/#organization\"},\"potentialAction\":[{\"@type\":\"SearchAction\",\"target\":{\"@type\":\"EntryPoint\",\"urlTemplate\":\"https:\\\/\\\/med.tattoo\\\/ro\\\/?s={search_term_string}\"},\"query-input\":{\"@type\":\"PropertyValueSpecification\",\"valueRequired\":true,\"valueName\":\"search_term_string\"}}],\"inLanguage\":\"ro-RO\"},{\"@type\":\"Organization\",\"@id\":\"https:\\\/\\\/med.tattoo\\\/ro\\\/#organization\",\"name\":\"MED.TATTOO\",\"url\":\"https:\\\/\\\/med.tattoo\\\/ro\\\/\",\"logo\":{\"@type\":\"ImageObject\",\"inLanguage\":\"ro-RO\",\"@id\":\"https:\\\/\\\/med.tattoo\\\/ro\\\/#\\\/schema\\\/logo\\\/image\\\/\",\"url\":\"https:\\\/\\\/med.tattoo\\\/wp-content\\\/uploads\\\/2025\\\/05\\\/Bez-tytulu-600S300-px-1-e1658908183800.png\",\"contentUrl\":\"https:\\\/\\\/med.tattoo\\\/wp-content\\\/uploads\\\/2025\\\/05\\\/Bez-tytulu-600S300-px-1-e1658908183800.png\",\"width\":600,\"height\":61,\"caption\":\"MED.TATTOO\"},\"image\":{\"@id\":\"https:\\\/\\\/med.tattoo\\\/ro\\\/#\\\/schema\\\/logo\\\/image\\\/\"},\"sameAs\":[\"https:\\\/\\\/www.facebook.com\\\/profile.php?id=100084366705613\",\"https:\\\/\\\/www.instagram.com\\\/med.tattoo_official\\\/\"]}]}<\/script>\n<!-- \/ Yoast SEO plugin. -->","yoast_head_json":{"title":"Tampon de protec\u021bie din celuloz\u0103 60\/50m 1 buc alb 2 straturi - MED.TATTOO","robots":{"index":"index","follow":"follow","max-snippet":"max-snippet:-1","max-image-preview":"max-image-preview:large","max-video-preview":"max-video-preview:-1"},"canonical":"https:\/\/med.tattoo\/ro\/produs\/tampon-de-protectie-din-celuloza-60-50m-1-buc-alb-2-straturi\/","og_locale":"ro_RO","og_type":"article","og_title":"Tampon de protec\u021bie din celuloz\u0103 60\/50m 1 buc alb 2 straturi - MED.TATTOO","og_description":"Tamponul medical este un produs de calitate superioar\u0103 care v\u0103 permite s\u0103 men\u021bine\u021bi igiena \u00een toate condi\u021biile. Un produs sigur \u0219i igienic. Este fabricat din h\u00e2rtie dublu stratificat\u0103 de 50 cm x 60 m din celuloz\u0103 pur\u0103, selectat\u0103. Are o culoare alb\u0103 ca z\u0103pada \u0219i o reliefare fin\u0103 pe suprafa\u021b\u0103. Acest lucru contribuie la cre\u0219terea [&hellip;]","og_url":"https:\/\/med.tattoo\/ro\/produs\/tampon-de-protectie-din-celuloza-60-50m-1-buc-alb-2-straturi\/","og_site_name":"MED.TATTOO","article_publisher":"https:\/\/www.facebook.com\/profile.php?id=100084366705613","twitter_card":"summary_large_image","twitter_misc":{"Timp estimat pentru citire":"1 minut"},"schema":{"@context":"https:\/\/schema.org","@graph":[{"@type":"WebPage","@id":"https:\/\/med.tattoo\/ro\/produs\/tampon-de-protectie-din-celuloza-60-50m-1-buc-alb-2-straturi\/","url":"https:\/\/med.tattoo\/ro\/produs\/tampon-de-protectie-din-celuloza-60-50m-1-buc-alb-2-straturi\/","name":"Tampon de protec\u021bie din celuloz\u0103 60\/50m 1 buc alb 2 straturi - MED.TATTOO","isPartOf":{"@id":"https:\/\/med.tattoo\/ro\/#website"},"primaryImageOfPage":{"@id":"https:\/\/med.tattoo\/ro\/produs\/tampon-de-protectie-din-celuloza-60-50m-1-buc-alb-2-straturi\/#primaryimage"},"image":{"@id":"https:\/\/med.tattoo\/ro\/produs\/tampon-de-protectie-din-celuloza-60-50m-1-buc-alb-2-straturi\/#primaryimage"},"thumbnailUrl":"https:\/\/med.tattoo\/wp-content\/uploads\/2025\/05\/1337_podklad-ochronny-celulozowy-60-50-m-1szt-bialy_1744006851.png","datePublished":"2025-05-15T05:25:49+00:00","breadcrumb":{"@id":"https:\/\/med.tattoo\/ro\/produs\/tampon-de-protectie-din-celuloza-60-50m-1-buc-alb-2-straturi\/#breadcrumb"},"inLanguage":"ro-RO","potentialAction":[{"@type":"ReadAction","target":["https:\/\/med.tattoo\/ro\/produs\/tampon-de-protectie-din-celuloza-60-50m-1-buc-alb-2-straturi\/"]}]},{"@type":"ImageObject","inLanguage":"ro-RO","@id":"https:\/\/med.tattoo\/ro\/produs\/tampon-de-protectie-din-celuloza-60-50m-1-buc-alb-2-straturi\/#primaryimage","url":"https:\/\/med.tattoo\/wp-content\/uploads\/2025\/05\/1337_podklad-ochronny-celulozowy-60-50-m-1szt-bialy_1744006851.png","contentUrl":"https:\/\/med.tattoo\/wp-content\/uploads\/2025\/05\/1337_podklad-ochronny-celulozowy-60-50-m-1szt-bialy_1744006851.png","width":718,"height":454},{"@type":"BreadcrumbList","@id":"https:\/\/med.tattoo\/ro\/produs\/tampon-de-protectie-din-celuloza-60-50m-1-buc-alb-2-straturi\/#breadcrumb","itemListElement":[{"@type":"ListItem","position":1,"name":"Strona G\u0142\u00f3wna","item":"https:\/\/med.tattoo\/ro\/"},{"@type":"ListItem","position":2,"name":"Magazin","item":"https:\/\/med.tattoo\/ro\/shop\/"},{"@type":"ListItem","position":3,"name":"Tampon de protec\u021bie din celuloz\u0103 60\/50m 1 buc alb 2 straturi"}]},{"@type":"WebSite","@id":"https:\/\/med.tattoo\/ro\/#website","url":"https:\/\/med.tattoo\/ro\/","name":"MED.TATTOO","description":"Wszystko dla Twojego tatua\u017cu","publisher":{"@id":"https:\/\/med.tattoo\/ro\/#organization"},"potentialAction":[{"@type":"SearchAction","target":{"@type":"EntryPoint","urlTemplate":"https:\/\/med.tattoo\/ro\/?s={search_term_string}"},"query-input":{"@type":"PropertyValueSpecification","valueRequired":true,"valueName":"search_term_string"}}],"inLanguage":"ro-RO"},{"@type":"Organization","@id":"https:\/\/med.tattoo\/ro\/#organization","name":"MED.TATTOO","url":"https:\/\/med.tattoo\/ro\/","logo":{"@type":"ImageObject","inLanguage":"ro-RO","@id":"https:\/\/med.tattoo\/ro\/#\/schema\/logo\/image\/","url":"https:\/\/med.tattoo\/wp-content\/uploads\/2025\/05\/Bez-tytulu-600S300-px-1-e1658908183800.png","contentUrl":"https:\/\/med.tattoo\/wp-content\/uploads\/2025\/05\/Bez-tytulu-600S300-px-1-e1658908183800.png","width":600,"height":61,"caption":"MED.TATTOO"},"image":{"@id":"https:\/\/med.tattoo\/ro\/#\/schema\/logo\/image\/"},"sameAs":["https:\/\/www.facebook.com\/profile.php?id=100084366705613","https:\/\/www.instagram.com\/med.tattoo_official\/"]}]}},"_links":{"self":[{"href":"https:\/\/med.tattoo\/ro\/wp-json\/wp\/v2\/product\/9351","targetHints":{"allow":["GET"]}}],"collection":[{"href":"https:\/\/med.tattoo\/ro\/wp-json\/wp\/v2\/product"}],"about":[{"href":"https:\/\/med.tattoo\/ro\/wp-json\/wp\/v2\/types\/product"}],"replies":[{"embeddable":true,"href":"https:\/\/med.tattoo\/ro\/wp-json\/wp\/v2\/comments?post=9351"}],"wp:featuredmedia":[{"embeddable":true,"href":"https:\/\/med.tattoo\/ro\/wp-json\/wp\/v2\/media\/7637"}],"wp:attachment":[{"href":"https:\/\/med.tattoo\/ro\/wp-json\/wp\/v2\/media?parent=9351"}],"wp:term":[{"taxonomy":"product_brand","embeddable":true,"href":"https:\/\/med.tattoo\/ro\/wp-json\/wp\/v2\/product_brand?post=9351"},{"taxonomy":"product_cat","embeddable":true,"href":"https:\/\/med.tattoo\/ro\/wp-json\/wp\/v2\/product_cat?post=9351"},{"taxonomy":"product_tag","embeddable":true,"href":"https:\/\/med.tattoo\/ro\/wp-json\/wp\/v2\/product_tag?post=9351"}],"curies":[{"name":"wp","href":"https:\/\/api.w.org\/{rel}","templated":true}]}}