{"id":9422,"date":"2025-05-15T07:33:19","date_gmt":"2025-05-15T05:33:19","guid":{"rendered":"https:\/\/med.tattoo\/produkt\/substrat-cu-folie-1x-hartie-absorbanta-1x-folie-38cm-x-50m-roz\/"},"modified":"2025-05-15T07:33:19","modified_gmt":"2025-05-15T05:33:19","slug":"substrat-cu-folie-1x-hartie-absorbanta-1x-folie-38cm-x-50m-roz","status":"publish","type":"product","link":"https:\/\/med.tattoo\/ro\/produs\/substrat-cu-folie-1x-hartie-absorbanta-1x-folie-38cm-x-50m-roz\/","title":{"rendered":"Substrat cu folie 1x h\u00e2rtie absorbant\u0103 1x folie 38cm x 50m Roz"},"content":{"rendered":"<p>Tampon medical cu folie 38 cm<\/p>\n<p>V\u0103 \u00eentreba\u021bi cum s\u0103 fixa\u021bi eficient scaunul ginecologic? C\u0103uta\u021bi o modalitate de a asigura confortul pacientei dvs. \u00een timpul examin\u0103rii? <\/p>\n<p>Indica\u021biile produsului:<\/p>\n<p>Acestea includ, printre altele, toate tipurile de teste \u0219i tratamente <\/p>\n<p>Propriet\u0103\u021bi:<br \/>\np\u00e2n\u0103 la 50 de metri pe rol\u0103!<br \/>\nTamponul medical este dublu stratificat (\u021besut + folie), ceea ce contribuie la nivelul s\u0103u ridicat de absorb\u021bie<br \/>\nEste u\u0219or de rupt, ceea ce v\u0103 va economisi timp \u00een timpul examin\u0103rii<br \/>\nProdusul nu se delamin\u0103, ceea ce asigur\u0103 o durabilitate \u00eendelungat\u0103<br \/>\nEste pl\u0103cut la atingere, ceea ce garanteaz\u0103 confortul \u00een timpul examin\u0103rii ginecologice<br \/>\nDimensiunea este de 38 \u00d7 50 cm, tamponul este perforat la fiecare 38 cm<br \/>\nProdusul este fabricat \u00een Grecia.<\/p>\n","protected":false},"excerpt":{"rendered":"<p>Tampon medical cu folie 38 cm V\u0103 \u00eentreba\u021bi cum s\u0103 fixa\u021bi eficient scaunul ginecologic? C\u0103uta\u021bi o modalitate de a asigura confortul pacientei dvs. \u00een timpul examin\u0103rii? Indica\u021biile produsului: Acestea includ, printre altele, toate tipurile de teste \u0219i tratamente Propriet\u0103\u021bi: p\u00e2n\u0103 la 50 de metri pe rol\u0103! Tamponul medical este dublu stratificat (\u021besut + folie), ceea [&hellip;]<\/p>\n","protected":false},"featured_media":8262,"comment_status":"closed","ping_status":"open","template":"","meta":{"site-sidebar-layout":"default","site-content-layout":"","ast-site-content-layout":"default","site-content-style":"default","site-sidebar-style":"default","ast-global-header-display":"","ast-banner-title-visibility":"","ast-main-header-display":"","ast-hfb-above-header-display":"","ast-hfb-below-header-display":"","ast-hfb-mobile-header-display":"","site-post-title":"","ast-breadcrumbs-content":"","ast-featured-img":"","footer-sml-layout":"","ast-disable-related-posts":"","theme-transparent-header-meta":"","adv-header-id-meta":"","stick-header-meta":"","header-above-stick-meta":"","header-main-stick-meta":"","header-below-stick-meta":"","astra-migrate-meta-layouts":"default","ast-page-background-enabled":"default","ast-page-background-meta":{"desktop":{"background-color":"var(--ast-global-color-4)","background-image":"","background-repeat":"repeat","background-position":"center center","background-size":"auto","background-attachment":"scroll","background-type":"","background-media":"","overlay-type":"","overlay-color":"","overlay-opacity":"","overlay-gradient":""},"tablet":{"background-color":"","background-image":"","background-repeat":"repeat","background-position":"center center","background-size":"auto","background-attachment":"scroll","background-type":"","background-media":"","overlay-type":"","overlay-color":"","overlay-opacity":"","overlay-gradient":""},"mobile":{"background-color":"","background-image":"","background-repeat":"repeat","background-position":"center center","background-size":"auto","background-attachment":"scroll","background-type":"","background-media":"","overlay-type":"","overlay-color":"","overlay-opacity":"","overlay-gradient":""}},"ast-content-background-meta":{"desktop":{"background-color":"var(--ast-global-color-5)","background-image":"","background-repeat":"repeat","background-position":"center center","background-size":"auto","background-attachment":"scroll","background-type":"","background-media":"","overlay-type":"","overlay-color":"","overlay-opacity":"","overlay-gradient":""},"tablet":{"background-color":"var(--ast-global-color-5)","background-image":"","background-repeat":"repeat","background-position":"center center","background-size":"auto","background-attachment":"scroll","background-type":"","background-media":"","overlay-type":"","overlay-color":"","overlay-opacity":"","overlay-gradient":""},"mobile":{"background-color":"var(--ast-global-color-5)","background-image":"","background-repeat":"repeat","background-position":"center center","background-size":"auto","background-attachment":"scroll","background-type":"","background-media":"","overlay-type":"","overlay-color":"","overlay-opacity":"","overlay-gradient":""}}},"product_brand":[],"product_cat":[25],"product_tag":[],"class_list":{"0":"post-9422","1":"product","2":"type-product","3":"status-publish","4":"has-post-thumbnail","6":"product_cat-med-tattoo","7":"desktop-align-left","8":"tablet-align-left","9":"mobile-align-left","10":"ast-product-gallery-layout-horizontal-slider","11":"ast-product-gallery-with-no-image","12":"ast-product-tabs-layout-distributed","14":"first","15":"outofstock","16":"purchasable","17":"product-type-simple"},"yoast_head":"<!-- This site is optimized with the Yoast SEO plugin v27.3 - https:\/\/yoast.com\/product\/yoast-seo-wordpress\/ -->\n<title>Substrat cu folie 1x h\u00e2rtie absorbant\u0103 1x folie 38cm x 50m Roz - MED.TATTOO<\/title>\n<meta name=\"robots\" content=\"index, follow, max-snippet:-1, max-image-preview:large, max-video-preview:-1\" \/>\n<link rel=\"canonical\" href=\"https:\/\/med.tattoo\/ro\/produs\/substrat-cu-folie-1x-hartie-absorbanta-1x-folie-38cm-x-50m-roz\/\" \/>\n<meta property=\"og:locale\" content=\"ro_RO\" \/>\n<meta property=\"og:type\" content=\"article\" \/>\n<meta property=\"og:title\" content=\"Substrat cu folie 1x h\u00e2rtie absorbant\u0103 1x folie 38cm x 50m Roz - MED.TATTOO\" \/>\n<meta property=\"og:description\" content=\"Tampon medical cu folie 38 cm V\u0103 \u00eentreba\u021bi cum s\u0103 fixa\u021bi eficient scaunul ginecologic? C\u0103uta\u021bi o modalitate de a asigura confortul pacientei dvs. \u00een timpul examin\u0103rii? Indica\u021biile produsului: Acestea includ, printre altele, toate tipurile de teste \u0219i tratamente Propriet\u0103\u021bi: p\u00e2n\u0103 la 50 de metri pe rol\u0103! Tamponul medical este dublu stratificat (\u021besut + folie), ceea [&hellip;]\" \/>\n<meta property=\"og:url\" content=\"https:\/\/med.tattoo\/ro\/produs\/substrat-cu-folie-1x-hartie-absorbanta-1x-folie-38cm-x-50m-roz\/\" \/>\n<meta property=\"og:site_name\" content=\"MED.TATTOO\" \/>\n<meta property=\"article:publisher\" content=\"https:\/\/www.facebook.com\/profile.php?id=100084366705613\" \/>\n<meta name=\"twitter:card\" content=\"summary_large_image\" \/>\n<meta name=\"twitter:label1\" content=\"Timp estimat pentru citire\" \/>\n\t<meta name=\"twitter:data1\" content=\"1 minut\" \/>\n<script type=\"application\/ld+json\" class=\"yoast-schema-graph\">{\"@context\":\"https:\\\/\\\/schema.org\",\"@graph\":[{\"@type\":\"WebPage\",\"@id\":\"https:\\\/\\\/med.tattoo\\\/ro\\\/produs\\\/substrat-cu-folie-1x-hartie-absorbanta-1x-folie-38cm-x-50m-roz\\\/\",\"url\":\"https:\\\/\\\/med.tattoo\\\/ro\\\/produs\\\/substrat-cu-folie-1x-hartie-absorbanta-1x-folie-38cm-x-50m-roz\\\/\",\"name\":\"Substrat cu folie 1x h\u00e2rtie absorbant\u0103 1x folie 38cm x 50m Roz - MED.TATTOO\",\"isPartOf\":{\"@id\":\"https:\\\/\\\/med.tattoo\\\/ro\\\/#website\"},\"primaryImageOfPage\":{\"@id\":\"https:\\\/\\\/med.tattoo\\\/ro\\\/produs\\\/substrat-cu-folie-1x-hartie-absorbanta-1x-folie-38cm-x-50m-roz\\\/#primaryimage\"},\"image\":{\"@id\":\"https:\\\/\\\/med.tattoo\\\/ro\\\/produs\\\/substrat-cu-folie-1x-hartie-absorbanta-1x-folie-38cm-x-50m-roz\\\/#primaryimage\"},\"thumbnailUrl\":\"https:\\\/\\\/med.tattoo\\\/wp-content\\\/uploads\\\/2025\\\/05\\\/1601_podklad-podfoliowany-1x-bibula-1x-folia-38cm-x-50r_1744006854.jpg\",\"datePublished\":\"2025-05-15T05:33:19+00:00\",\"breadcrumb\":{\"@id\":\"https:\\\/\\\/med.tattoo\\\/ro\\\/produs\\\/substrat-cu-folie-1x-hartie-absorbanta-1x-folie-38cm-x-50m-roz\\\/#breadcrumb\"},\"inLanguage\":\"ro-RO\",\"potentialAction\":[{\"@type\":\"ReadAction\",\"target\":[\"https:\\\/\\\/med.tattoo\\\/ro\\\/produs\\\/substrat-cu-folie-1x-hartie-absorbanta-1x-folie-38cm-x-50m-roz\\\/\"]}]},{\"@type\":\"ImageObject\",\"inLanguage\":\"ro-RO\",\"@id\":\"https:\\\/\\\/med.tattoo\\\/ro\\\/produs\\\/substrat-cu-folie-1x-hartie-absorbanta-1x-folie-38cm-x-50m-roz\\\/#primaryimage\",\"url\":\"https:\\\/\\\/med.tattoo\\\/wp-content\\\/uploads\\\/2025\\\/05\\\/1601_podklad-podfoliowany-1x-bibula-1x-folia-38cm-x-50r_1744006854.jpg\",\"contentUrl\":\"https:\\\/\\\/med.tattoo\\\/wp-content\\\/uploads\\\/2025\\\/05\\\/1601_podklad-podfoliowany-1x-bibula-1x-folia-38cm-x-50r_1744006854.jpg\",\"width\":614,\"height\":734},{\"@type\":\"BreadcrumbList\",\"@id\":\"https:\\\/\\\/med.tattoo\\\/ro\\\/produs\\\/substrat-cu-folie-1x-hartie-absorbanta-1x-folie-38cm-x-50m-roz\\\/#breadcrumb\",\"itemListElement\":[{\"@type\":\"ListItem\",\"position\":1,\"name\":\"Strona G\u0142\u00f3wna\",\"item\":\"https:\\\/\\\/med.tattoo\\\/ro\\\/\"},{\"@type\":\"ListItem\",\"position\":2,\"name\":\"Magazin\",\"item\":\"https:\\\/\\\/med.tattoo\\\/ro\\\/shop\\\/\"},{\"@type\":\"ListItem\",\"position\":3,\"name\":\"Substrat cu folie 1x h\u00e2rtie absorbant\u0103 1x folie 38cm x 50m Roz\"}]},{\"@type\":\"WebSite\",\"@id\":\"https:\\\/\\\/med.tattoo\\\/ro\\\/#website\",\"url\":\"https:\\\/\\\/med.tattoo\\\/ro\\\/\",\"name\":\"MED.TATTOO\",\"description\":\"Wszystko dla Twojego tatua\u017cu\",\"publisher\":{\"@id\":\"https:\\\/\\\/med.tattoo\\\/ro\\\/#organization\"},\"potentialAction\":[{\"@type\":\"SearchAction\",\"target\":{\"@type\":\"EntryPoint\",\"urlTemplate\":\"https:\\\/\\\/med.tattoo\\\/ro\\\/?s={search_term_string}\"},\"query-input\":{\"@type\":\"PropertyValueSpecification\",\"valueRequired\":true,\"valueName\":\"search_term_string\"}}],\"inLanguage\":\"ro-RO\"},{\"@type\":\"Organization\",\"@id\":\"https:\\\/\\\/med.tattoo\\\/ro\\\/#organization\",\"name\":\"MED.TATTOO\",\"url\":\"https:\\\/\\\/med.tattoo\\\/ro\\\/\",\"logo\":{\"@type\":\"ImageObject\",\"inLanguage\":\"ro-RO\",\"@id\":\"https:\\\/\\\/med.tattoo\\\/ro\\\/#\\\/schema\\\/logo\\\/image\\\/\",\"url\":\"https:\\\/\\\/med.tattoo\\\/wp-content\\\/uploads\\\/2025\\\/05\\\/Bez-tytulu-600S300-px-1-e1658908183800.png\",\"contentUrl\":\"https:\\\/\\\/med.tattoo\\\/wp-content\\\/uploads\\\/2025\\\/05\\\/Bez-tytulu-600S300-px-1-e1658908183800.png\",\"width\":600,\"height\":61,\"caption\":\"MED.TATTOO\"},\"image\":{\"@id\":\"https:\\\/\\\/med.tattoo\\\/ro\\\/#\\\/schema\\\/logo\\\/image\\\/\"},\"sameAs\":[\"https:\\\/\\\/www.facebook.com\\\/profile.php?id=100084366705613\",\"https:\\\/\\\/www.instagram.com\\\/med.tattoo_official\\\/\"]}]}<\/script>\n<!-- \/ Yoast SEO plugin. -->","yoast_head_json":{"title":"Substrat cu folie 1x h\u00e2rtie absorbant\u0103 1x folie 38cm x 50m Roz - MED.TATTOO","robots":{"index":"index","follow":"follow","max-snippet":"max-snippet:-1","max-image-preview":"max-image-preview:large","max-video-preview":"max-video-preview:-1"},"canonical":"https:\/\/med.tattoo\/ro\/produs\/substrat-cu-folie-1x-hartie-absorbanta-1x-folie-38cm-x-50m-roz\/","og_locale":"ro_RO","og_type":"article","og_title":"Substrat cu folie 1x h\u00e2rtie absorbant\u0103 1x folie 38cm x 50m Roz - MED.TATTOO","og_description":"Tampon medical cu folie 38 cm V\u0103 \u00eentreba\u021bi cum s\u0103 fixa\u021bi eficient scaunul ginecologic? C\u0103uta\u021bi o modalitate de a asigura confortul pacientei dvs. \u00een timpul examin\u0103rii? Indica\u021biile produsului: Acestea includ, printre altele, toate tipurile de teste \u0219i tratamente Propriet\u0103\u021bi: p\u00e2n\u0103 la 50 de metri pe rol\u0103! Tamponul medical este dublu stratificat (\u021besut + folie), ceea [&hellip;]","og_url":"https:\/\/med.tattoo\/ro\/produs\/substrat-cu-folie-1x-hartie-absorbanta-1x-folie-38cm-x-50m-roz\/","og_site_name":"MED.TATTOO","article_publisher":"https:\/\/www.facebook.com\/profile.php?id=100084366705613","twitter_card":"summary_large_image","twitter_misc":{"Timp estimat pentru citire":"1 minut"},"schema":{"@context":"https:\/\/schema.org","@graph":[{"@type":"WebPage","@id":"https:\/\/med.tattoo\/ro\/produs\/substrat-cu-folie-1x-hartie-absorbanta-1x-folie-38cm-x-50m-roz\/","url":"https:\/\/med.tattoo\/ro\/produs\/substrat-cu-folie-1x-hartie-absorbanta-1x-folie-38cm-x-50m-roz\/","name":"Substrat cu folie 1x h\u00e2rtie absorbant\u0103 1x folie 38cm x 50m Roz - MED.TATTOO","isPartOf":{"@id":"https:\/\/med.tattoo\/ro\/#website"},"primaryImageOfPage":{"@id":"https:\/\/med.tattoo\/ro\/produs\/substrat-cu-folie-1x-hartie-absorbanta-1x-folie-38cm-x-50m-roz\/#primaryimage"},"image":{"@id":"https:\/\/med.tattoo\/ro\/produs\/substrat-cu-folie-1x-hartie-absorbanta-1x-folie-38cm-x-50m-roz\/#primaryimage"},"thumbnailUrl":"https:\/\/med.tattoo\/wp-content\/uploads\/2025\/05\/1601_podklad-podfoliowany-1x-bibula-1x-folia-38cm-x-50r_1744006854.jpg","datePublished":"2025-05-15T05:33:19+00:00","breadcrumb":{"@id":"https:\/\/med.tattoo\/ro\/produs\/substrat-cu-folie-1x-hartie-absorbanta-1x-folie-38cm-x-50m-roz\/#breadcrumb"},"inLanguage":"ro-RO","potentialAction":[{"@type":"ReadAction","target":["https:\/\/med.tattoo\/ro\/produs\/substrat-cu-folie-1x-hartie-absorbanta-1x-folie-38cm-x-50m-roz\/"]}]},{"@type":"ImageObject","inLanguage":"ro-RO","@id":"https:\/\/med.tattoo\/ro\/produs\/substrat-cu-folie-1x-hartie-absorbanta-1x-folie-38cm-x-50m-roz\/#primaryimage","url":"https:\/\/med.tattoo\/wp-content\/uploads\/2025\/05\/1601_podklad-podfoliowany-1x-bibula-1x-folia-38cm-x-50r_1744006854.jpg","contentUrl":"https:\/\/med.tattoo\/wp-content\/uploads\/2025\/05\/1601_podklad-podfoliowany-1x-bibula-1x-folia-38cm-x-50r_1744006854.jpg","width":614,"height":734},{"@type":"BreadcrumbList","@id":"https:\/\/med.tattoo\/ro\/produs\/substrat-cu-folie-1x-hartie-absorbanta-1x-folie-38cm-x-50m-roz\/#breadcrumb","itemListElement":[{"@type":"ListItem","position":1,"name":"Strona G\u0142\u00f3wna","item":"https:\/\/med.tattoo\/ro\/"},{"@type":"ListItem","position":2,"name":"Magazin","item":"https:\/\/med.tattoo\/ro\/shop\/"},{"@type":"ListItem","position":3,"name":"Substrat cu folie 1x h\u00e2rtie absorbant\u0103 1x folie 38cm x 50m Roz"}]},{"@type":"WebSite","@id":"https:\/\/med.tattoo\/ro\/#website","url":"https:\/\/med.tattoo\/ro\/","name":"MED.TATTOO","description":"Wszystko dla Twojego tatua\u017cu","publisher":{"@id":"https:\/\/med.tattoo\/ro\/#organization"},"potentialAction":[{"@type":"SearchAction","target":{"@type":"EntryPoint","urlTemplate":"https:\/\/med.tattoo\/ro\/?s={search_term_string}"},"query-input":{"@type":"PropertyValueSpecification","valueRequired":true,"valueName":"search_term_string"}}],"inLanguage":"ro-RO"},{"@type":"Organization","@id":"https:\/\/med.tattoo\/ro\/#organization","name":"MED.TATTOO","url":"https:\/\/med.tattoo\/ro\/","logo":{"@type":"ImageObject","inLanguage":"ro-RO","@id":"https:\/\/med.tattoo\/ro\/#\/schema\/logo\/image\/","url":"https:\/\/med.tattoo\/wp-content\/uploads\/2025\/05\/Bez-tytulu-600S300-px-1-e1658908183800.png","contentUrl":"https:\/\/med.tattoo\/wp-content\/uploads\/2025\/05\/Bez-tytulu-600S300-px-1-e1658908183800.png","width":600,"height":61,"caption":"MED.TATTOO"},"image":{"@id":"https:\/\/med.tattoo\/ro\/#\/schema\/logo\/image\/"},"sameAs":["https:\/\/www.facebook.com\/profile.php?id=100084366705613","https:\/\/www.instagram.com\/med.tattoo_official\/"]}]}},"_links":{"self":[{"href":"https:\/\/med.tattoo\/ro\/wp-json\/wp\/v2\/product\/9422","targetHints":{"allow":["GET"]}}],"collection":[{"href":"https:\/\/med.tattoo\/ro\/wp-json\/wp\/v2\/product"}],"about":[{"href":"https:\/\/med.tattoo\/ro\/wp-json\/wp\/v2\/types\/product"}],"replies":[{"embeddable":true,"href":"https:\/\/med.tattoo\/ro\/wp-json\/wp\/v2\/comments?post=9422"}],"wp:featuredmedia":[{"embeddable":true,"href":"https:\/\/med.tattoo\/ro\/wp-json\/wp\/v2\/media\/8262"}],"wp:attachment":[{"href":"https:\/\/med.tattoo\/ro\/wp-json\/wp\/v2\/media?parent=9422"}],"wp:term":[{"taxonomy":"product_brand","embeddable":true,"href":"https:\/\/med.tattoo\/ro\/wp-json\/wp\/v2\/product_brand?post=9422"},{"taxonomy":"product_cat","embeddable":true,"href":"https:\/\/med.tattoo\/ro\/wp-json\/wp\/v2\/product_cat?post=9422"},{"taxonomy":"product_tag","embeddable":true,"href":"https:\/\/med.tattoo\/ro\/wp-json\/wp\/v2\/product_tag?post=9422"}],"curies":[{"name":"wp","href":"https:\/\/api.w.org\/{rel}","templated":true}]}}