{"id":9468,"date":"2025-05-15T07:36:31","date_gmt":"2025-05-15T05:36:31","guid":{"rendered":"https:\/\/med.tattoo\/produkt\/pansament-de-film-suprasorb-f-10cm-10m-pe-rola-2\/"},"modified":"2025-05-15T07:36:31","modified_gmt":"2025-05-15T05:36:31","slug":"pansament-de-film-suprasorb-f-10cm-10m-pe-rola-2","status":"publish","type":"product","link":"https:\/\/med.tattoo\/ro\/produs\/pansament-de-film-suprasorb-f-10cm-10m-pe-rola-2\/","title":{"rendered":"Pansament de film Suprasorb F 10cm* 10m pe rol\u0103"},"content":{"rendered":"<p>Ofer\u0103 protec\u021bie transparent\u0103. Pelicula poliuretanic\u0103 flexibil\u0103 este permeabil\u0103 la aer \u0219i, prin schimbul de gaze \u0219i c\u0103ldur\u0103, permite crearea unui mediu umed al pl\u0103gii pentru a favoriza vindecarea. Suprasorb F este impermeabil la fluide \u0219i protejeaz\u0103 rana sau locul punc\u021biei de colonizarea de c\u0103tre bacteriile care p\u0103trund din exterior.  <\/p>\n<p>Structura transparent\u0103 a pansamentului faciliteaz\u0103 inspectarea pl\u0103gii \u0219i a locului punc\u021biei. Suprasorb F este un pansament flexibil \u0219i extensibil, care este foarte u\u0219or de utilizat. Suprasorb F se poate \u0219terge, chiar \u0219i cu dezinfectan\u021bi care con\u021bin alcool, iod sau octenidin\u0103. Pansamentul ofer\u0103 o bun\u0103 protec\u021bie \u00eempotriva influen\u021belor externe \u0219i nu interfereaz\u0103 cu \u00eemb\u0103ierea sau du\u0219ul. Suprasorb F este disponibil sub form\u0103 de pansament film steril pentru r\u0103ni sau sub form\u0103 de pansament film nesteril pe rol\u0103.    <\/p>\n<p>Frecven\u021ba schimb\u0103rii pansamentelor:<\/p>\n<p>Medicul curant trebuie s\u0103 schimbe pansamentul \u00een func\u021bie de starea pl\u0103gii, gradul de exudat \u0219i prezen\u021ba unui pansament secundar, dup\u0103 cel mult 5 &#8211; 7 zile.<\/p>\n<p>Propriet\u0103\u021bi:<\/p>\n<p>aplicare u\u0219oar\u0103<br \/>\nconfort ridicat la purtare datorit\u0103 fix\u0103rii sigure \u0219i flexibile<br \/>\ncontrol foarte bun al pl\u0103gii<br \/>\nprotec\u021bie eficient\u0103 \u00eempotriva influen\u021belor externe, de ex. germeni<br \/>\nvindecare foarte bun\u0103 a pl\u0103gii datorit\u0103 permeabilit\u0103\u021bii ridicate la aer<br \/>\nposibilitate de du\u0219 cu pansamentul<br \/>\nrezistent la abraziune, de asemenea cu dezinfectan\u021bi care con\u021bin alcool, iod sau octenidin\u0103<\/p>\n","protected":false},"excerpt":{"rendered":"<p>Ofer\u0103 protec\u021bie transparent\u0103. Pelicula poliuretanic\u0103 flexibil\u0103 este permeabil\u0103 la aer \u0219i, prin schimbul de gaze \u0219i c\u0103ldur\u0103, permite crearea unui mediu umed al pl\u0103gii pentru a favoriza vindecarea. Suprasorb F este impermeabil la fluide \u0219i protejeaz\u0103 rana sau locul punc\u021biei de colonizarea de c\u0103tre bacteriile care p\u0103trund din exterior. Structura transparent\u0103 a pansamentului faciliteaz\u0103 inspectarea [&hellip;]<\/p>\n","protected":false},"featured_media":10772,"comment_status":"closed","ping_status":"open","template":"","meta":{"site-sidebar-layout":"default","site-content-layout":"","ast-site-content-layout":"default","site-content-style":"default","site-sidebar-style":"default","ast-global-header-display":"","ast-banner-title-visibility":"","ast-main-header-display":"","ast-hfb-above-header-display":"","ast-hfb-below-header-display":"","ast-hfb-mobile-header-display":"","site-post-title":"","ast-breadcrumbs-content":"","ast-featured-img":"","footer-sml-layout":"","ast-disable-related-posts":"","theme-transparent-header-meta":"","adv-header-id-meta":"","stick-header-meta":"","header-above-stick-meta":"","header-main-stick-meta":"","header-below-stick-meta":"","astra-migrate-meta-layouts":"default","ast-page-background-enabled":"default","ast-page-background-meta":{"desktop":{"background-color":"var(--ast-global-color-4)","background-image":"","background-repeat":"repeat","background-position":"center center","background-size":"auto","background-attachment":"scroll","background-type":"","background-media":"","overlay-type":"","overlay-color":"","overlay-opacity":"","overlay-gradient":""},"tablet":{"background-color":"","background-image":"","background-repeat":"repeat","background-position":"center center","background-size":"auto","background-attachment":"scroll","background-type":"","background-media":"","overlay-type":"","overlay-color":"","overlay-opacity":"","overlay-gradient":""},"mobile":{"background-color":"","background-image":"","background-repeat":"repeat","background-position":"center center","background-size":"auto","background-attachment":"scroll","background-type":"","background-media":"","overlay-type":"","overlay-color":"","overlay-opacity":"","overlay-gradient":""}},"ast-content-background-meta":{"desktop":{"background-color":"var(--ast-global-color-5)","background-image":"","background-repeat":"repeat","background-position":"center center","background-size":"auto","background-attachment":"scroll","background-type":"","background-media":"","overlay-type":"","overlay-color":"","overlay-opacity":"","overlay-gradient":""},"tablet":{"background-color":"var(--ast-global-color-5)","background-image":"","background-repeat":"repeat","background-position":"center center","background-size":"auto","background-attachment":"scroll","background-type":"","background-media":"","overlay-type":"","overlay-color":"","overlay-opacity":"","overlay-gradient":""},"mobile":{"background-color":"var(--ast-global-color-5)","background-image":"","background-repeat":"repeat","background-position":"center center","background-size":"auto","background-attachment":"scroll","background-type":"","background-media":"","overlay-type":"","overlay-color":"","overlay-opacity":"","overlay-gradient":""}}},"product_brand":[],"product_cat":[25],"product_tag":[],"class_list":{"0":"post-9468","1":"product","2":"type-product","3":"status-publish","4":"has-post-thumbnail","6":"product_cat-med-tattoo","7":"desktop-align-left","8":"tablet-align-left","9":"mobile-align-left","10":"ast-product-gallery-layout-horizontal-slider","11":"ast-product-gallery-with-no-image","12":"ast-product-tabs-layout-distributed","14":"first","15":"instock","16":"purchasable","17":"product-type-simple"},"yoast_head":"<!-- This site is optimized with the Yoast SEO plugin v27.3 - https:\/\/yoast.com\/product\/yoast-seo-wordpress\/ -->\n<title>Pansament de film Suprasorb F 10cm* 10m pe rol\u0103 - MED.TATTOO<\/title>\n<meta name=\"robots\" content=\"index, follow, max-snippet:-1, max-image-preview:large, max-video-preview:-1\" \/>\n<link rel=\"canonical\" href=\"https:\/\/med.tattoo\/ro\/produs\/pansament-de-film-suprasorb-f-10cm-10m-pe-rola-2\/\" \/>\n<meta property=\"og:locale\" content=\"ro_RO\" \/>\n<meta property=\"og:type\" content=\"article\" \/>\n<meta property=\"og:title\" content=\"Pansament de film Suprasorb F 10cm* 10m pe rol\u0103 - MED.TATTOO\" \/>\n<meta property=\"og:description\" content=\"Ofer\u0103 protec\u021bie transparent\u0103. Pelicula poliuretanic\u0103 flexibil\u0103 este permeabil\u0103 la aer \u0219i, prin schimbul de gaze \u0219i c\u0103ldur\u0103, permite crearea unui mediu umed al pl\u0103gii pentru a favoriza vindecarea. Suprasorb F este impermeabil la fluide \u0219i protejeaz\u0103 rana sau locul punc\u021biei de colonizarea de c\u0103tre bacteriile care p\u0103trund din exterior. Structura transparent\u0103 a pansamentului faciliteaz\u0103 inspectarea [&hellip;]\" \/>\n<meta property=\"og:url\" content=\"https:\/\/med.tattoo\/ro\/produs\/pansament-de-film-suprasorb-f-10cm-10m-pe-rola-2\/\" \/>\n<meta property=\"og:site_name\" content=\"MED.TATTOO\" \/>\n<meta property=\"article:publisher\" content=\"https:\/\/www.facebook.com\/profile.php?id=100084366705613\" \/>\n<meta name=\"twitter:card\" content=\"summary_large_image\" \/>\n<meta name=\"twitter:label1\" content=\"Timp estimat pentru citire\" \/>\n\t<meta name=\"twitter:data1\" content=\"1 minut\" \/>\n<script type=\"application\/ld+json\" class=\"yoast-schema-graph\">{\"@context\":\"https:\\\/\\\/schema.org\",\"@graph\":[{\"@type\":\"WebPage\",\"@id\":\"https:\\\/\\\/med.tattoo\\\/ro\\\/produs\\\/pansament-de-film-suprasorb-f-10cm-10m-pe-rola-2\\\/\",\"url\":\"https:\\\/\\\/med.tattoo\\\/ro\\\/produs\\\/pansament-de-film-suprasorb-f-10cm-10m-pe-rola-2\\\/\",\"name\":\"Pansament de film Suprasorb F 10cm* 10m pe rol\u0103 - MED.TATTOO\",\"isPartOf\":{\"@id\":\"https:\\\/\\\/med.tattoo\\\/ro\\\/#website\"},\"primaryImageOfPage\":{\"@id\":\"https:\\\/\\\/med.tattoo\\\/ro\\\/produs\\\/pansament-de-film-suprasorb-f-10cm-10m-pe-rola-2\\\/#primaryimage\"},\"image\":{\"@id\":\"https:\\\/\\\/med.tattoo\\\/ro\\\/produs\\\/pansament-de-film-suprasorb-f-10cm-10m-pe-rola-2\\\/#primaryimage\"},\"thumbnailUrl\":\"https:\\\/\\\/med.tattoo\\\/wp-content\\\/uploads\\\/2025\\\/05\\\/2333_suprasorb-f-10-10cm-opatrunek-foliowy-na-rolce_1742990462.jpg\",\"datePublished\":\"2025-05-15T05:36:31+00:00\",\"breadcrumb\":{\"@id\":\"https:\\\/\\\/med.tattoo\\\/ro\\\/produs\\\/pansament-de-film-suprasorb-f-10cm-10m-pe-rola-2\\\/#breadcrumb\"},\"inLanguage\":\"ro-RO\",\"potentialAction\":[{\"@type\":\"ReadAction\",\"target\":[\"https:\\\/\\\/med.tattoo\\\/ro\\\/produs\\\/pansament-de-film-suprasorb-f-10cm-10m-pe-rola-2\\\/\"]}]},{\"@type\":\"ImageObject\",\"inLanguage\":\"ro-RO\",\"@id\":\"https:\\\/\\\/med.tattoo\\\/ro\\\/produs\\\/pansament-de-film-suprasorb-f-10cm-10m-pe-rola-2\\\/#primaryimage\",\"url\":\"https:\\\/\\\/med.tattoo\\\/wp-content\\\/uploads\\\/2025\\\/05\\\/2333_suprasorb-f-10-10cm-opatrunek-foliowy-na-rolce_1742990462.jpg\",\"contentUrl\":\"https:\\\/\\\/med.tattoo\\\/wp-content\\\/uploads\\\/2025\\\/05\\\/2333_suprasorb-f-10-10cm-opatrunek-foliowy-na-rolce_1742990462.jpg\",\"width\":826,\"height\":633},{\"@type\":\"BreadcrumbList\",\"@id\":\"https:\\\/\\\/med.tattoo\\\/ro\\\/produs\\\/pansament-de-film-suprasorb-f-10cm-10m-pe-rola-2\\\/#breadcrumb\",\"itemListElement\":[{\"@type\":\"ListItem\",\"position\":1,\"name\":\"Strona G\u0142\u00f3wna\",\"item\":\"https:\\\/\\\/med.tattoo\\\/ro\\\/\"},{\"@type\":\"ListItem\",\"position\":2,\"name\":\"Magazin\",\"item\":\"https:\\\/\\\/med.tattoo\\\/ro\\\/shop\\\/\"},{\"@type\":\"ListItem\",\"position\":3,\"name\":\"Pansament de film Suprasorb F 10cm* 10m pe rol\u0103\"}]},{\"@type\":\"WebSite\",\"@id\":\"https:\\\/\\\/med.tattoo\\\/ro\\\/#website\",\"url\":\"https:\\\/\\\/med.tattoo\\\/ro\\\/\",\"name\":\"MED.TATTOO\",\"description\":\"Wszystko dla Twojego tatua\u017cu\",\"publisher\":{\"@id\":\"https:\\\/\\\/med.tattoo\\\/ro\\\/#organization\"},\"potentialAction\":[{\"@type\":\"SearchAction\",\"target\":{\"@type\":\"EntryPoint\",\"urlTemplate\":\"https:\\\/\\\/med.tattoo\\\/ro\\\/?s={search_term_string}\"},\"query-input\":{\"@type\":\"PropertyValueSpecification\",\"valueRequired\":true,\"valueName\":\"search_term_string\"}}],\"inLanguage\":\"ro-RO\"},{\"@type\":\"Organization\",\"@id\":\"https:\\\/\\\/med.tattoo\\\/ro\\\/#organization\",\"name\":\"MED.TATTOO\",\"url\":\"https:\\\/\\\/med.tattoo\\\/ro\\\/\",\"logo\":{\"@type\":\"ImageObject\",\"inLanguage\":\"ro-RO\",\"@id\":\"https:\\\/\\\/med.tattoo\\\/ro\\\/#\\\/schema\\\/logo\\\/image\\\/\",\"url\":\"https:\\\/\\\/med.tattoo\\\/wp-content\\\/uploads\\\/2025\\\/05\\\/Bez-tytulu-600S300-px-1-e1658908183800.png\",\"contentUrl\":\"https:\\\/\\\/med.tattoo\\\/wp-content\\\/uploads\\\/2025\\\/05\\\/Bez-tytulu-600S300-px-1-e1658908183800.png\",\"width\":600,\"height\":61,\"caption\":\"MED.TATTOO\"},\"image\":{\"@id\":\"https:\\\/\\\/med.tattoo\\\/ro\\\/#\\\/schema\\\/logo\\\/image\\\/\"},\"sameAs\":[\"https:\\\/\\\/www.facebook.com\\\/profile.php?id=100084366705613\",\"https:\\\/\\\/www.instagram.com\\\/med.tattoo_official\\\/\"]}]}<\/script>\n<!-- \/ Yoast SEO plugin. -->","yoast_head_json":{"title":"Pansament de film Suprasorb F 10cm* 10m pe rol\u0103 - MED.TATTOO","robots":{"index":"index","follow":"follow","max-snippet":"max-snippet:-1","max-image-preview":"max-image-preview:large","max-video-preview":"max-video-preview:-1"},"canonical":"https:\/\/med.tattoo\/ro\/produs\/pansament-de-film-suprasorb-f-10cm-10m-pe-rola-2\/","og_locale":"ro_RO","og_type":"article","og_title":"Pansament de film Suprasorb F 10cm* 10m pe rol\u0103 - MED.TATTOO","og_description":"Ofer\u0103 protec\u021bie transparent\u0103. Pelicula poliuretanic\u0103 flexibil\u0103 este permeabil\u0103 la aer \u0219i, prin schimbul de gaze \u0219i c\u0103ldur\u0103, permite crearea unui mediu umed al pl\u0103gii pentru a favoriza vindecarea. Suprasorb F este impermeabil la fluide \u0219i protejeaz\u0103 rana sau locul punc\u021biei de colonizarea de c\u0103tre bacteriile care p\u0103trund din exterior. Structura transparent\u0103 a pansamentului faciliteaz\u0103 inspectarea [&hellip;]","og_url":"https:\/\/med.tattoo\/ro\/produs\/pansament-de-film-suprasorb-f-10cm-10m-pe-rola-2\/","og_site_name":"MED.TATTOO","article_publisher":"https:\/\/www.facebook.com\/profile.php?id=100084366705613","twitter_card":"summary_large_image","twitter_misc":{"Timp estimat pentru citire":"1 minut"},"schema":{"@context":"https:\/\/schema.org","@graph":[{"@type":"WebPage","@id":"https:\/\/med.tattoo\/ro\/produs\/pansament-de-film-suprasorb-f-10cm-10m-pe-rola-2\/","url":"https:\/\/med.tattoo\/ro\/produs\/pansament-de-film-suprasorb-f-10cm-10m-pe-rola-2\/","name":"Pansament de film Suprasorb F 10cm* 10m pe rol\u0103 - MED.TATTOO","isPartOf":{"@id":"https:\/\/med.tattoo\/ro\/#website"},"primaryImageOfPage":{"@id":"https:\/\/med.tattoo\/ro\/produs\/pansament-de-film-suprasorb-f-10cm-10m-pe-rola-2\/#primaryimage"},"image":{"@id":"https:\/\/med.tattoo\/ro\/produs\/pansament-de-film-suprasorb-f-10cm-10m-pe-rola-2\/#primaryimage"},"thumbnailUrl":"https:\/\/med.tattoo\/wp-content\/uploads\/2025\/05\/2333_suprasorb-f-10-10cm-opatrunek-foliowy-na-rolce_1742990462.jpg","datePublished":"2025-05-15T05:36:31+00:00","breadcrumb":{"@id":"https:\/\/med.tattoo\/ro\/produs\/pansament-de-film-suprasorb-f-10cm-10m-pe-rola-2\/#breadcrumb"},"inLanguage":"ro-RO","potentialAction":[{"@type":"ReadAction","target":["https:\/\/med.tattoo\/ro\/produs\/pansament-de-film-suprasorb-f-10cm-10m-pe-rola-2\/"]}]},{"@type":"ImageObject","inLanguage":"ro-RO","@id":"https:\/\/med.tattoo\/ro\/produs\/pansament-de-film-suprasorb-f-10cm-10m-pe-rola-2\/#primaryimage","url":"https:\/\/med.tattoo\/wp-content\/uploads\/2025\/05\/2333_suprasorb-f-10-10cm-opatrunek-foliowy-na-rolce_1742990462.jpg","contentUrl":"https:\/\/med.tattoo\/wp-content\/uploads\/2025\/05\/2333_suprasorb-f-10-10cm-opatrunek-foliowy-na-rolce_1742990462.jpg","width":826,"height":633},{"@type":"BreadcrumbList","@id":"https:\/\/med.tattoo\/ro\/produs\/pansament-de-film-suprasorb-f-10cm-10m-pe-rola-2\/#breadcrumb","itemListElement":[{"@type":"ListItem","position":1,"name":"Strona G\u0142\u00f3wna","item":"https:\/\/med.tattoo\/ro\/"},{"@type":"ListItem","position":2,"name":"Magazin","item":"https:\/\/med.tattoo\/ro\/shop\/"},{"@type":"ListItem","position":3,"name":"Pansament de film Suprasorb F 10cm* 10m pe rol\u0103"}]},{"@type":"WebSite","@id":"https:\/\/med.tattoo\/ro\/#website","url":"https:\/\/med.tattoo\/ro\/","name":"MED.TATTOO","description":"Wszystko dla Twojego tatua\u017cu","publisher":{"@id":"https:\/\/med.tattoo\/ro\/#organization"},"potentialAction":[{"@type":"SearchAction","target":{"@type":"EntryPoint","urlTemplate":"https:\/\/med.tattoo\/ro\/?s={search_term_string}"},"query-input":{"@type":"PropertyValueSpecification","valueRequired":true,"valueName":"search_term_string"}}],"inLanguage":"ro-RO"},{"@type":"Organization","@id":"https:\/\/med.tattoo\/ro\/#organization","name":"MED.TATTOO","url":"https:\/\/med.tattoo\/ro\/","logo":{"@type":"ImageObject","inLanguage":"ro-RO","@id":"https:\/\/med.tattoo\/ro\/#\/schema\/logo\/image\/","url":"https:\/\/med.tattoo\/wp-content\/uploads\/2025\/05\/Bez-tytulu-600S300-px-1-e1658908183800.png","contentUrl":"https:\/\/med.tattoo\/wp-content\/uploads\/2025\/05\/Bez-tytulu-600S300-px-1-e1658908183800.png","width":600,"height":61,"caption":"MED.TATTOO"},"image":{"@id":"https:\/\/med.tattoo\/ro\/#\/schema\/logo\/image\/"},"sameAs":["https:\/\/www.facebook.com\/profile.php?id=100084366705613","https:\/\/www.instagram.com\/med.tattoo_official\/"]}]}},"_links":{"self":[{"href":"https:\/\/med.tattoo\/ro\/wp-json\/wp\/v2\/product\/9468","targetHints":{"allow":["GET"]}}],"collection":[{"href":"https:\/\/med.tattoo\/ro\/wp-json\/wp\/v2\/product"}],"about":[{"href":"https:\/\/med.tattoo\/ro\/wp-json\/wp\/v2\/types\/product"}],"replies":[{"embeddable":true,"href":"https:\/\/med.tattoo\/ro\/wp-json\/wp\/v2\/comments?post=9468"}],"wp:featuredmedia":[{"embeddable":true,"href":"https:\/\/med.tattoo\/ro\/wp-json\/wp\/v2\/media\/10772"}],"wp:attachment":[{"href":"https:\/\/med.tattoo\/ro\/wp-json\/wp\/v2\/media?parent=9468"}],"wp:term":[{"taxonomy":"product_brand","embeddable":true,"href":"https:\/\/med.tattoo\/ro\/wp-json\/wp\/v2\/product_brand?post=9468"},{"taxonomy":"product_cat","embeddable":true,"href":"https:\/\/med.tattoo\/ro\/wp-json\/wp\/v2\/product_cat?post=9468"},{"taxonomy":"product_tag","embeddable":true,"href":"https:\/\/med.tattoo\/ro\/wp-json\/wp\/v2\/product_tag?post=9468"}],"curies":[{"name":"wp","href":"https:\/\/api.w.org\/{rel}","templated":true}]}}