{"id":9474,"date":"2025-05-15T07:16:57","date_gmt":"2025-05-15T05:16:57","guid":{"rendered":"https:\/\/med.tattoo\/produkt\/multiabsorb-s-10cm-x-20cm-1-buc-compresa-cu-absorbtie-ridicata-celuloza-netesuta-sterila\/"},"modified":"2025-05-15T07:16:57","modified_gmt":"2025-05-15T05:16:57","slug":"multiabsorb-s-10cm-x-20cm-1-buc-compresa-cu-absorbtie-ridicata-celuloza-netesuta-sterila","status":"publish","type":"product","link":"https:\/\/med.tattoo\/ro\/produs\/multiabsorb-s-10cm-x-20cm-1-buc-compresa-cu-absorbtie-ridicata-celuloza-netesuta-sterila\/","title":{"rendered":"MULTIabsorb S 10cm x 20cm 1 buc Compres\u0103 cu absorb\u021bie ridicat\u0103; celuloz\u0103 ne\u021besut\u0103, steril\u0103"},"content":{"rendered":"<p>Compresa steril\u0103 MULTIabsorb este fabricat\u0103 din material ne\u021besut \u0219i celuloz\u0103.<\/p>\n<p>Are o structur\u0103 stratificat\u0103:<br \/>\nstrat superior fabricat din material ne\u021besut alb, moale,<br \/>\ntampon absorbant fabricat din celuloz\u0103 \u0219i past\u0103 de celuloz\u0103,<br \/>\nstrat inferior fabricat din material ne\u021besut albastru, hidrofug.<\/p>\n<p>Compresa MULTIabsorb este excelent\u0103 \u00een absorb\u021bia chiar \u0219i a volumelor mari de lichid.<\/p>\n<p>Recomandat\u0103 pentru pl\u0103gi chirurgicale \u0219i pl\u0103gi cu exudat ridicat.<\/p>\n","protected":false},"excerpt":{"rendered":"<p>Compresa steril\u0103 MULTIabsorb este fabricat\u0103 din material ne\u021besut \u0219i celuloz\u0103. Are o structur\u0103 stratificat\u0103: strat superior fabricat din material ne\u021besut alb, moale, tampon absorbant fabricat din celuloz\u0103 \u0219i past\u0103 de celuloz\u0103, strat inferior fabricat din material ne\u021besut albastru, hidrofug. Compresa MULTIabsorb este excelent\u0103 \u00een absorb\u021bia chiar \u0219i a volumelor mari de lichid. Recomandat\u0103 pentru pl\u0103gi [&hellip;]<\/p>\n","protected":false},"featured_media":8496,"comment_status":"closed","ping_status":"open","template":"","meta":{"site-sidebar-layout":"default","site-content-layout":"","ast-site-content-layout":"default","site-content-style":"default","site-sidebar-style":"default","ast-global-header-display":"","ast-banner-title-visibility":"","ast-main-header-display":"","ast-hfb-above-header-display":"","ast-hfb-below-header-display":"","ast-hfb-mobile-header-display":"","site-post-title":"","ast-breadcrumbs-content":"","ast-featured-img":"","footer-sml-layout":"","ast-disable-related-posts":"","theme-transparent-header-meta":"","adv-header-id-meta":"","stick-header-meta":"","header-above-stick-meta":"","header-main-stick-meta":"","header-below-stick-meta":"","astra-migrate-meta-layouts":"default","ast-page-background-enabled":"default","ast-page-background-meta":{"desktop":{"background-color":"var(--ast-global-color-4)","background-image":"","background-repeat":"repeat","background-position":"center center","background-size":"auto","background-attachment":"scroll","background-type":"","background-media":"","overlay-type":"","overlay-color":"","overlay-opacity":"","overlay-gradient":""},"tablet":{"background-color":"","background-image":"","background-repeat":"repeat","background-position":"center center","background-size":"auto","background-attachment":"scroll","background-type":"","background-media":"","overlay-type":"","overlay-color":"","overlay-opacity":"","overlay-gradient":""},"mobile":{"background-color":"","background-image":"","background-repeat":"repeat","background-position":"center center","background-size":"auto","background-attachment":"scroll","background-type":"","background-media":"","overlay-type":"","overlay-color":"","overlay-opacity":"","overlay-gradient":""}},"ast-content-background-meta":{"desktop":{"background-color":"var(--ast-global-color-5)","background-image":"","background-repeat":"repeat","background-position":"center center","background-size":"auto","background-attachment":"scroll","background-type":"","background-media":"","overlay-type":"","overlay-color":"","overlay-opacity":"","overlay-gradient":""},"tablet":{"background-color":"var(--ast-global-color-5)","background-image":"","background-repeat":"repeat","background-position":"center center","background-size":"auto","background-attachment":"scroll","background-type":"","background-media":"","overlay-type":"","overlay-color":"","overlay-opacity":"","overlay-gradient":""},"mobile":{"background-color":"var(--ast-global-color-5)","background-image":"","background-repeat":"repeat","background-position":"center center","background-size":"auto","background-attachment":"scroll","background-type":"","background-media":"","overlay-type":"","overlay-color":"","overlay-opacity":"","overlay-gradient":""}}},"product_brand":[],"product_cat":[25],"product_tag":[],"class_list":{"0":"post-9474","1":"product","2":"type-product","3":"status-publish","4":"has-post-thumbnail","6":"product_cat-med-tattoo","7":"desktop-align-left","8":"tablet-align-left","9":"mobile-align-left","10":"ast-product-gallery-layout-horizontal-slider","11":"ast-product-tabs-layout-distributed","13":"first","14":"instock","15":"purchasable","16":"product-type-simple"},"yoast_head":"<!-- This site is optimized with the Yoast SEO plugin v27.4 - https:\/\/yoast.com\/product\/yoast-seo-wordpress\/ -->\n<title>MULTIabsorb S 10cm x 20cm 1 buc Compres\u0103 cu absorb\u021bie ridicat\u0103; celuloz\u0103 ne\u021besut\u0103, steril\u0103 - MED.TATTOO<\/title>\n<meta name=\"robots\" content=\"index, follow, max-snippet:-1, max-image-preview:large, max-video-preview:-1\" \/>\n<link rel=\"canonical\" href=\"https:\/\/med.tattoo\/ro\/produs\/multiabsorb-s-10cm-x-20cm-1-buc-compresa-cu-absorbtie-ridicata-celuloza-netesuta-sterila\/\" \/>\n<meta property=\"og:locale\" content=\"ro_RO\" \/>\n<meta property=\"og:type\" content=\"article\" \/>\n<meta property=\"og:title\" content=\"MULTIabsorb S 10cm x 20cm 1 buc Compres\u0103 cu absorb\u021bie ridicat\u0103; celuloz\u0103 ne\u021besut\u0103, steril\u0103 - MED.TATTOO\" \/>\n<meta property=\"og:description\" content=\"Compresa steril\u0103 MULTIabsorb este fabricat\u0103 din material ne\u021besut \u0219i celuloz\u0103. Are o structur\u0103 stratificat\u0103: strat superior fabricat din material ne\u021besut alb, moale, tampon absorbant fabricat din celuloz\u0103 \u0219i past\u0103 de celuloz\u0103, strat inferior fabricat din material ne\u021besut albastru, hidrofug. Compresa MULTIabsorb este excelent\u0103 \u00een absorb\u021bia chiar \u0219i a volumelor mari de lichid. Recomandat\u0103 pentru pl\u0103gi [&hellip;]\" \/>\n<meta property=\"og:url\" content=\"https:\/\/med.tattoo\/ro\/produs\/multiabsorb-s-10cm-x-20cm-1-buc-compresa-cu-absorbtie-ridicata-celuloza-netesuta-sterila\/\" \/>\n<meta property=\"og:site_name\" content=\"MED.TATTOO\" \/>\n<meta property=\"article:publisher\" content=\"https:\/\/www.facebook.com\/profile.php?id=100084366705613\" \/>\n<meta name=\"twitter:card\" content=\"summary_large_image\" \/>\n<script type=\"application\/ld+json\" class=\"yoast-schema-graph\">{\"@context\":\"https:\\\/\\\/schema.org\",\"@graph\":[{\"@type\":\"WebPage\",\"@id\":\"https:\\\/\\\/med.tattoo\\\/ro\\\/produs\\\/multiabsorb-s-10cm-x-20cm-1-buc-compresa-cu-absorbtie-ridicata-celuloza-netesuta-sterila\\\/\",\"url\":\"https:\\\/\\\/med.tattoo\\\/ro\\\/produs\\\/multiabsorb-s-10cm-x-20cm-1-buc-compresa-cu-absorbtie-ridicata-celuloza-netesuta-sterila\\\/\",\"name\":\"MULTIabsorb S 10cm x 20cm 1 buc Compres\u0103 cu absorb\u021bie ridicat\u0103; celuloz\u0103 ne\u021besut\u0103, steril\u0103 - MED.TATTOO\",\"isPartOf\":{\"@id\":\"https:\\\/\\\/med.tattoo\\\/ro\\\/#website\"},\"primaryImageOfPage\":{\"@id\":\"https:\\\/\\\/med.tattoo\\\/ro\\\/produs\\\/multiabsorb-s-10cm-x-20cm-1-buc-compresa-cu-absorbtie-ridicata-celuloza-netesuta-sterila\\\/#primaryimage\"},\"image\":{\"@id\":\"https:\\\/\\\/med.tattoo\\\/ro\\\/produs\\\/multiabsorb-s-10cm-x-20cm-1-buc-compresa-cu-absorbtie-ridicata-celuloza-netesuta-sterila\\\/#primaryimage\"},\"thumbnailUrl\":\"https:\\\/\\\/med.tattoo\\\/wp-content\\\/uploads\\\/2025\\\/05\\\/2620_multiabsorb-s-10cm-x-20cm-1szt-kompres-wysokochlon_1744877401.jpg\",\"datePublished\":\"2025-05-15T05:16:57+00:00\",\"breadcrumb\":{\"@id\":\"https:\\\/\\\/med.tattoo\\\/ro\\\/produs\\\/multiabsorb-s-10cm-x-20cm-1-buc-compresa-cu-absorbtie-ridicata-celuloza-netesuta-sterila\\\/#breadcrumb\"},\"inLanguage\":\"ro-RO\",\"potentialAction\":[{\"@type\":\"ReadAction\",\"target\":[\"https:\\\/\\\/med.tattoo\\\/ro\\\/produs\\\/multiabsorb-s-10cm-x-20cm-1-buc-compresa-cu-absorbtie-ridicata-celuloza-netesuta-sterila\\\/\"]}]},{\"@type\":\"ImageObject\",\"inLanguage\":\"ro-RO\",\"@id\":\"https:\\\/\\\/med.tattoo\\\/ro\\\/produs\\\/multiabsorb-s-10cm-x-20cm-1-buc-compresa-cu-absorbtie-ridicata-celuloza-netesuta-sterila\\\/#primaryimage\",\"url\":\"https:\\\/\\\/med.tattoo\\\/wp-content\\\/uploads\\\/2025\\\/05\\\/2620_multiabsorb-s-10cm-x-20cm-1szt-kompres-wysokochlon_1744877401.jpg\",\"contentUrl\":\"https:\\\/\\\/med.tattoo\\\/wp-content\\\/uploads\\\/2025\\\/05\\\/2620_multiabsorb-s-10cm-x-20cm-1szt-kompres-wysokochlon_1744877401.jpg\",\"width\":628,\"height\":475},{\"@type\":\"BreadcrumbList\",\"@id\":\"https:\\\/\\\/med.tattoo\\\/ro\\\/produs\\\/multiabsorb-s-10cm-x-20cm-1-buc-compresa-cu-absorbtie-ridicata-celuloza-netesuta-sterila\\\/#breadcrumb\",\"itemListElement\":[{\"@type\":\"ListItem\",\"position\":1,\"name\":\"Strona G\u0142\u00f3wna\",\"item\":\"https:\\\/\\\/med.tattoo\\\/ro\\\/\"},{\"@type\":\"ListItem\",\"position\":2,\"name\":\"Magazin\",\"item\":\"https:\\\/\\\/med.tattoo\\\/ro\\\/shop\\\/\"},{\"@type\":\"ListItem\",\"position\":3,\"name\":\"MULTIabsorb S 10cm x 20cm 1 buc Compres\u0103 cu absorb\u021bie ridicat\u0103; celuloz\u0103 ne\u021besut\u0103, steril\u0103\"}]},{\"@type\":\"WebSite\",\"@id\":\"https:\\\/\\\/med.tattoo\\\/ro\\\/#website\",\"url\":\"https:\\\/\\\/med.tattoo\\\/ro\\\/\",\"name\":\"MED.TATTOO\",\"description\":\"Wszystko dla Twojego tatua\u017cu\",\"publisher\":{\"@id\":\"https:\\\/\\\/med.tattoo\\\/ro\\\/#organization\"},\"potentialAction\":[{\"@type\":\"SearchAction\",\"target\":{\"@type\":\"EntryPoint\",\"urlTemplate\":\"https:\\\/\\\/med.tattoo\\\/ro\\\/?s={search_term_string}\"},\"query-input\":{\"@type\":\"PropertyValueSpecification\",\"valueRequired\":true,\"valueName\":\"search_term_string\"}}],\"inLanguage\":\"ro-RO\"},{\"@type\":\"Organization\",\"@id\":\"https:\\\/\\\/med.tattoo\\\/ro\\\/#organization\",\"name\":\"MED.TATTOO\",\"url\":\"https:\\\/\\\/med.tattoo\\\/ro\\\/\",\"logo\":{\"@type\":\"ImageObject\",\"inLanguage\":\"ro-RO\",\"@id\":\"https:\\\/\\\/med.tattoo\\\/ro\\\/#\\\/schema\\\/logo\\\/image\\\/\",\"url\":\"https:\\\/\\\/med.tattoo\\\/wp-content\\\/uploads\\\/2025\\\/05\\\/Bez-tytulu-600S300-px-1-e1658908183800.png\",\"contentUrl\":\"https:\\\/\\\/med.tattoo\\\/wp-content\\\/uploads\\\/2025\\\/05\\\/Bez-tytulu-600S300-px-1-e1658908183800.png\",\"width\":600,\"height\":61,\"caption\":\"MED.TATTOO\"},\"image\":{\"@id\":\"https:\\\/\\\/med.tattoo\\\/ro\\\/#\\\/schema\\\/logo\\\/image\\\/\"},\"sameAs\":[\"https:\\\/\\\/www.facebook.com\\\/profile.php?id=100084366705613\",\"https:\\\/\\\/www.instagram.com\\\/med.tattoo_official\\\/\"]}]}<\/script>\n<!-- \/ Yoast SEO plugin. -->","yoast_head_json":{"title":"MULTIabsorb S 10cm x 20cm 1 buc Compres\u0103 cu absorb\u021bie ridicat\u0103; celuloz\u0103 ne\u021besut\u0103, steril\u0103 - MED.TATTOO","robots":{"index":"index","follow":"follow","max-snippet":"max-snippet:-1","max-image-preview":"max-image-preview:large","max-video-preview":"max-video-preview:-1"},"canonical":"https:\/\/med.tattoo\/ro\/produs\/multiabsorb-s-10cm-x-20cm-1-buc-compresa-cu-absorbtie-ridicata-celuloza-netesuta-sterila\/","og_locale":"ro_RO","og_type":"article","og_title":"MULTIabsorb S 10cm x 20cm 1 buc Compres\u0103 cu absorb\u021bie ridicat\u0103; celuloz\u0103 ne\u021besut\u0103, steril\u0103 - MED.TATTOO","og_description":"Compresa steril\u0103 MULTIabsorb este fabricat\u0103 din material ne\u021besut \u0219i celuloz\u0103. Are o structur\u0103 stratificat\u0103: strat superior fabricat din material ne\u021besut alb, moale, tampon absorbant fabricat din celuloz\u0103 \u0219i past\u0103 de celuloz\u0103, strat inferior fabricat din material ne\u021besut albastru, hidrofug. Compresa MULTIabsorb este excelent\u0103 \u00een absorb\u021bia chiar \u0219i a volumelor mari de lichid. Recomandat\u0103 pentru pl\u0103gi [&hellip;]","og_url":"https:\/\/med.tattoo\/ro\/produs\/multiabsorb-s-10cm-x-20cm-1-buc-compresa-cu-absorbtie-ridicata-celuloza-netesuta-sterila\/","og_site_name":"MED.TATTOO","article_publisher":"https:\/\/www.facebook.com\/profile.php?id=100084366705613","twitter_card":"summary_large_image","schema":{"@context":"https:\/\/schema.org","@graph":[{"@type":"WebPage","@id":"https:\/\/med.tattoo\/ro\/produs\/multiabsorb-s-10cm-x-20cm-1-buc-compresa-cu-absorbtie-ridicata-celuloza-netesuta-sterila\/","url":"https:\/\/med.tattoo\/ro\/produs\/multiabsorb-s-10cm-x-20cm-1-buc-compresa-cu-absorbtie-ridicata-celuloza-netesuta-sterila\/","name":"MULTIabsorb S 10cm x 20cm 1 buc Compres\u0103 cu absorb\u021bie ridicat\u0103; celuloz\u0103 ne\u021besut\u0103, steril\u0103 - MED.TATTOO","isPartOf":{"@id":"https:\/\/med.tattoo\/ro\/#website"},"primaryImageOfPage":{"@id":"https:\/\/med.tattoo\/ro\/produs\/multiabsorb-s-10cm-x-20cm-1-buc-compresa-cu-absorbtie-ridicata-celuloza-netesuta-sterila\/#primaryimage"},"image":{"@id":"https:\/\/med.tattoo\/ro\/produs\/multiabsorb-s-10cm-x-20cm-1-buc-compresa-cu-absorbtie-ridicata-celuloza-netesuta-sterila\/#primaryimage"},"thumbnailUrl":"https:\/\/med.tattoo\/wp-content\/uploads\/2025\/05\/2620_multiabsorb-s-10cm-x-20cm-1szt-kompres-wysokochlon_1744877401.jpg","datePublished":"2025-05-15T05:16:57+00:00","breadcrumb":{"@id":"https:\/\/med.tattoo\/ro\/produs\/multiabsorb-s-10cm-x-20cm-1-buc-compresa-cu-absorbtie-ridicata-celuloza-netesuta-sterila\/#breadcrumb"},"inLanguage":"ro-RO","potentialAction":[{"@type":"ReadAction","target":["https:\/\/med.tattoo\/ro\/produs\/multiabsorb-s-10cm-x-20cm-1-buc-compresa-cu-absorbtie-ridicata-celuloza-netesuta-sterila\/"]}]},{"@type":"ImageObject","inLanguage":"ro-RO","@id":"https:\/\/med.tattoo\/ro\/produs\/multiabsorb-s-10cm-x-20cm-1-buc-compresa-cu-absorbtie-ridicata-celuloza-netesuta-sterila\/#primaryimage","url":"https:\/\/med.tattoo\/wp-content\/uploads\/2025\/05\/2620_multiabsorb-s-10cm-x-20cm-1szt-kompres-wysokochlon_1744877401.jpg","contentUrl":"https:\/\/med.tattoo\/wp-content\/uploads\/2025\/05\/2620_multiabsorb-s-10cm-x-20cm-1szt-kompres-wysokochlon_1744877401.jpg","width":628,"height":475},{"@type":"BreadcrumbList","@id":"https:\/\/med.tattoo\/ro\/produs\/multiabsorb-s-10cm-x-20cm-1-buc-compresa-cu-absorbtie-ridicata-celuloza-netesuta-sterila\/#breadcrumb","itemListElement":[{"@type":"ListItem","position":1,"name":"Strona G\u0142\u00f3wna","item":"https:\/\/med.tattoo\/ro\/"},{"@type":"ListItem","position":2,"name":"Magazin","item":"https:\/\/med.tattoo\/ro\/shop\/"},{"@type":"ListItem","position":3,"name":"MULTIabsorb S 10cm x 20cm 1 buc Compres\u0103 cu absorb\u021bie ridicat\u0103; celuloz\u0103 ne\u021besut\u0103, steril\u0103"}]},{"@type":"WebSite","@id":"https:\/\/med.tattoo\/ro\/#website","url":"https:\/\/med.tattoo\/ro\/","name":"MED.TATTOO","description":"Wszystko dla Twojego tatua\u017cu","publisher":{"@id":"https:\/\/med.tattoo\/ro\/#organization"},"potentialAction":[{"@type":"SearchAction","target":{"@type":"EntryPoint","urlTemplate":"https:\/\/med.tattoo\/ro\/?s={search_term_string}"},"query-input":{"@type":"PropertyValueSpecification","valueRequired":true,"valueName":"search_term_string"}}],"inLanguage":"ro-RO"},{"@type":"Organization","@id":"https:\/\/med.tattoo\/ro\/#organization","name":"MED.TATTOO","url":"https:\/\/med.tattoo\/ro\/","logo":{"@type":"ImageObject","inLanguage":"ro-RO","@id":"https:\/\/med.tattoo\/ro\/#\/schema\/logo\/image\/","url":"https:\/\/med.tattoo\/wp-content\/uploads\/2025\/05\/Bez-tytulu-600S300-px-1-e1658908183800.png","contentUrl":"https:\/\/med.tattoo\/wp-content\/uploads\/2025\/05\/Bez-tytulu-600S300-px-1-e1658908183800.png","width":600,"height":61,"caption":"MED.TATTOO"},"image":{"@id":"https:\/\/med.tattoo\/ro\/#\/schema\/logo\/image\/"},"sameAs":["https:\/\/www.facebook.com\/profile.php?id=100084366705613","https:\/\/www.instagram.com\/med.tattoo_official\/"]}]}},"_links":{"self":[{"href":"https:\/\/med.tattoo\/ro\/wp-json\/wp\/v2\/product\/9474","targetHints":{"allow":["GET"]}}],"collection":[{"href":"https:\/\/med.tattoo\/ro\/wp-json\/wp\/v2\/product"}],"about":[{"href":"https:\/\/med.tattoo\/ro\/wp-json\/wp\/v2\/types\/product"}],"replies":[{"embeddable":true,"href":"https:\/\/med.tattoo\/ro\/wp-json\/wp\/v2\/comments?post=9474"}],"wp:featuredmedia":[{"embeddable":true,"href":"https:\/\/med.tattoo\/ro\/wp-json\/wp\/v2\/media\/8496"}],"wp:attachment":[{"href":"https:\/\/med.tattoo\/ro\/wp-json\/wp\/v2\/media?parent=9474"}],"wp:term":[{"taxonomy":"product_brand","embeddable":true,"href":"https:\/\/med.tattoo\/ro\/wp-json\/wp\/v2\/product_brand?post=9474"},{"taxonomy":"product_cat","embeddable":true,"href":"https:\/\/med.tattoo\/ro\/wp-json\/wp\/v2\/product_cat?post=9474"},{"taxonomy":"product_tag","embeddable":true,"href":"https:\/\/med.tattoo\/ro\/wp-json\/wp\/v2\/product_tag?post=9474"}],"curies":[{"name":"wp","href":"https:\/\/api.w.org\/{rel}","templated":true}]}}