{"id":9505,"date":"2025-05-15T07:16:57","date_gmt":"2025-05-15T05:16:57","guid":{"rendered":"https:\/\/med.tattoo\/produkt\/aparat-de-ras-chirurgical-cu-o-singura-lama-8-1pc\/"},"modified":"2025-05-15T07:16:57","modified_gmt":"2025-05-15T05:16:57","slug":"aparat-de-ras-chirurgical-cu-o-singura-lama-8-1pc","status":"publish","type":"product","link":"https:\/\/med.tattoo\/ro\/produs\/aparat-de-ras-chirurgical-cu-o-singura-lama-8-1pc\/","title":{"rendered":"Aparat de ras chirurgical cu o singur\u0103 lam\u0103 8% 1pc"},"content":{"rendered":"<p>Aparate de ras de unic\u0103 folosin\u021b\u0103 &#8211; aparat de ras dintr-o singur\u0103 bucat\u0103 cu o singur\u0103 lam\u0103.<\/p>\n<p>Produsul este u\u0219or \u0219i confortabil de utilizat. M\u00e2nerul este fabricat din plastic, iar lama unic\u0103 este fabricat\u0103 din o\u021bel inoxidabil, f\u0103r\u0103 protec\u021bie. <\/p>\n<p>Aparat de ras pentru proceduri medicale \u0219i cosmetice. \u00cendep\u0103rteaz\u0103 eficient \u0219i sigur p\u0103rul f\u0103r\u0103 a provoca zg\u00e2rieturi sau t\u0103ieturi. Ideal pentru saloanele de tatuaje, ca parte a kitului de igien\u0103 de baz\u0103. Produsul este disponibil \u00eentr-un pachet de 100.   <\/p>\n","protected":false},"excerpt":{"rendered":"<p>Aparate de ras de unic\u0103 folosin\u021b\u0103 &#8211; aparat de ras dintr-o singur\u0103 bucat\u0103 cu o singur\u0103 lam\u0103. Produsul este u\u0219or \u0219i confortabil de utilizat. M\u00e2nerul este fabricat din plastic, iar lama unic\u0103 este fabricat\u0103 din o\u021bel inoxidabil, f\u0103r\u0103 protec\u021bie. Aparat de ras pentru proceduri medicale \u0219i cosmetice. \u00cendep\u0103rteaz\u0103 eficient \u0219i sigur p\u0103rul f\u0103r\u0103 a provoca [&hellip;]<\/p>\n","protected":false},"featured_media":8480,"comment_status":"closed","ping_status":"open","template":"","meta":{"site-sidebar-layout":"default","site-content-layout":"","ast-site-content-layout":"default","site-content-style":"default","site-sidebar-style":"default","ast-global-header-display":"","ast-banner-title-visibility":"","ast-main-header-display":"","ast-hfb-above-header-display":"","ast-hfb-below-header-display":"","ast-hfb-mobile-header-display":"","site-post-title":"","ast-breadcrumbs-content":"","ast-featured-img":"","footer-sml-layout":"","ast-disable-related-posts":"","theme-transparent-header-meta":"","adv-header-id-meta":"","stick-header-meta":"","header-above-stick-meta":"","header-main-stick-meta":"","header-below-stick-meta":"","astra-migrate-meta-layouts":"default","ast-page-background-enabled":"default","ast-page-background-meta":{"desktop":{"background-color":"var(--ast-global-color-4)","background-image":"","background-repeat":"repeat","background-position":"center center","background-size":"auto","background-attachment":"scroll","background-type":"","background-media":"","overlay-type":"","overlay-color":"","overlay-opacity":"","overlay-gradient":""},"tablet":{"background-color":"","background-image":"","background-repeat":"repeat","background-position":"center center","background-size":"auto","background-attachment":"scroll","background-type":"","background-media":"","overlay-type":"","overlay-color":"","overlay-opacity":"","overlay-gradient":""},"mobile":{"background-color":"","background-image":"","background-repeat":"repeat","background-position":"center center","background-size":"auto","background-attachment":"scroll","background-type":"","background-media":"","overlay-type":"","overlay-color":"","overlay-opacity":"","overlay-gradient":""}},"ast-content-background-meta":{"desktop":{"background-color":"var(--ast-global-color-5)","background-image":"","background-repeat":"repeat","background-position":"center center","background-size":"auto","background-attachment":"scroll","background-type":"","background-media":"","overlay-type":"","overlay-color":"","overlay-opacity":"","overlay-gradient":""},"tablet":{"background-color":"var(--ast-global-color-5)","background-image":"","background-repeat":"repeat","background-position":"center center","background-size":"auto","background-attachment":"scroll","background-type":"","background-media":"","overlay-type":"","overlay-color":"","overlay-opacity":"","overlay-gradient":""},"mobile":{"background-color":"var(--ast-global-color-5)","background-image":"","background-repeat":"repeat","background-position":"center center","background-size":"auto","background-attachment":"scroll","background-type":"","background-media":"","overlay-type":"","overlay-color":"","overlay-opacity":"","overlay-gradient":""}}},"product_brand":[],"product_cat":[25],"product_tag":[],"class_list":{"0":"post-9505","1":"product","2":"type-product","3":"status-publish","4":"has-post-thumbnail","6":"product_cat-med-tattoo","7":"desktop-align-left","8":"tablet-align-left","9":"mobile-align-left","10":"ast-product-gallery-layout-horizontal-slider","11":"ast-product-tabs-layout-distributed","13":"first","14":"instock","15":"purchasable","16":"product-type-simple"},"yoast_head":"<!-- This site is optimized with the Yoast SEO plugin v27.3 - https:\/\/yoast.com\/product\/yoast-seo-wordpress\/ -->\n<title>Aparat de ras chirurgical cu o singur\u0103 lam\u0103 8% 1pc - MED.TATTOO<\/title>\n<meta name=\"robots\" content=\"index, follow, max-snippet:-1, max-image-preview:large, max-video-preview:-1\" \/>\n<link rel=\"canonical\" href=\"https:\/\/med.tattoo\/ro\/produs\/aparat-de-ras-chirurgical-cu-o-singura-lama-8-1pc\/\" \/>\n<meta property=\"og:locale\" content=\"ro_RO\" \/>\n<meta property=\"og:type\" content=\"article\" \/>\n<meta property=\"og:title\" content=\"Aparat de ras chirurgical cu o singur\u0103 lam\u0103 8% 1pc - MED.TATTOO\" \/>\n<meta property=\"og:description\" content=\"Aparate de ras de unic\u0103 folosin\u021b\u0103 &#8211; aparat de ras dintr-o singur\u0103 bucat\u0103 cu o singur\u0103 lam\u0103. Produsul este u\u0219or \u0219i confortabil de utilizat. M\u00e2nerul este fabricat din plastic, iar lama unic\u0103 este fabricat\u0103 din o\u021bel inoxidabil, f\u0103r\u0103 protec\u021bie. Aparat de ras pentru proceduri medicale \u0219i cosmetice. \u00cendep\u0103rteaz\u0103 eficient \u0219i sigur p\u0103rul f\u0103r\u0103 a provoca [&hellip;]\" \/>\n<meta property=\"og:url\" content=\"https:\/\/med.tattoo\/ro\/produs\/aparat-de-ras-chirurgical-cu-o-singura-lama-8-1pc\/\" \/>\n<meta property=\"og:site_name\" content=\"MED.TATTOO\" \/>\n<meta property=\"article:publisher\" content=\"https:\/\/www.facebook.com\/profile.php?id=100084366705613\" \/>\n<meta name=\"twitter:card\" content=\"summary_large_image\" \/>\n<script type=\"application\/ld+json\" class=\"yoast-schema-graph\">{\"@context\":\"https:\\\/\\\/schema.org\",\"@graph\":[{\"@type\":\"WebPage\",\"@id\":\"https:\\\/\\\/med.tattoo\\\/ro\\\/produs\\\/aparat-de-ras-chirurgical-cu-o-singura-lama-8-1pc\\\/\",\"url\":\"https:\\\/\\\/med.tattoo\\\/ro\\\/produs\\\/aparat-de-ras-chirurgical-cu-o-singura-lama-8-1pc\\\/\",\"name\":\"Aparat de ras chirurgical cu o singur\u0103 lam\u0103 8% 1pc - MED.TATTOO\",\"isPartOf\":{\"@id\":\"https:\\\/\\\/med.tattoo\\\/ro\\\/#website\"},\"primaryImageOfPage\":{\"@id\":\"https:\\\/\\\/med.tattoo\\\/ro\\\/produs\\\/aparat-de-ras-chirurgical-cu-o-singura-lama-8-1pc\\\/#primaryimage\"},\"image\":{\"@id\":\"https:\\\/\\\/med.tattoo\\\/ro\\\/produs\\\/aparat-de-ras-chirurgical-cu-o-singura-lama-8-1pc\\\/#primaryimage\"},\"thumbnailUrl\":\"https:\\\/\\\/med.tattoo\\\/wp-content\\\/uploads\\\/2025\\\/05\\\/3468_golarka-ju.-chirurgiczna-8-1szt_1742990450.png\",\"datePublished\":\"2025-05-15T05:16:57+00:00\",\"breadcrumb\":{\"@id\":\"https:\\\/\\\/med.tattoo\\\/ro\\\/produs\\\/aparat-de-ras-chirurgical-cu-o-singura-lama-8-1pc\\\/#breadcrumb\"},\"inLanguage\":\"ro-RO\",\"potentialAction\":[{\"@type\":\"ReadAction\",\"target\":[\"https:\\\/\\\/med.tattoo\\\/ro\\\/produs\\\/aparat-de-ras-chirurgical-cu-o-singura-lama-8-1pc\\\/\"]}]},{\"@type\":\"ImageObject\",\"inLanguage\":\"ro-RO\",\"@id\":\"https:\\\/\\\/med.tattoo\\\/ro\\\/produs\\\/aparat-de-ras-chirurgical-cu-o-singura-lama-8-1pc\\\/#primaryimage\",\"url\":\"https:\\\/\\\/med.tattoo\\\/wp-content\\\/uploads\\\/2025\\\/05\\\/3468_golarka-ju.-chirurgiczna-8-1szt_1742990450.png\",\"contentUrl\":\"https:\\\/\\\/med.tattoo\\\/wp-content\\\/uploads\\\/2025\\\/05\\\/3468_golarka-ju.-chirurgiczna-8-1szt_1742990450.png\",\"width\":631,\"height\":415},{\"@type\":\"BreadcrumbList\",\"@id\":\"https:\\\/\\\/med.tattoo\\\/ro\\\/produs\\\/aparat-de-ras-chirurgical-cu-o-singura-lama-8-1pc\\\/#breadcrumb\",\"itemListElement\":[{\"@type\":\"ListItem\",\"position\":1,\"name\":\"Strona G\u0142\u00f3wna\",\"item\":\"https:\\\/\\\/med.tattoo\\\/ro\\\/\"},{\"@type\":\"ListItem\",\"position\":2,\"name\":\"Magazin\",\"item\":\"https:\\\/\\\/med.tattoo\\\/ro\\\/shop\\\/\"},{\"@type\":\"ListItem\",\"position\":3,\"name\":\"Aparat de ras chirurgical cu o singur\u0103 lam\u0103 8% 1pc\"}]},{\"@type\":\"WebSite\",\"@id\":\"https:\\\/\\\/med.tattoo\\\/ro\\\/#website\",\"url\":\"https:\\\/\\\/med.tattoo\\\/ro\\\/\",\"name\":\"MED.TATTOO\",\"description\":\"Wszystko dla Twojego tatua\u017cu\",\"publisher\":{\"@id\":\"https:\\\/\\\/med.tattoo\\\/ro\\\/#organization\"},\"potentialAction\":[{\"@type\":\"SearchAction\",\"target\":{\"@type\":\"EntryPoint\",\"urlTemplate\":\"https:\\\/\\\/med.tattoo\\\/ro\\\/?s={search_term_string}\"},\"query-input\":{\"@type\":\"PropertyValueSpecification\",\"valueRequired\":true,\"valueName\":\"search_term_string\"}}],\"inLanguage\":\"ro-RO\"},{\"@type\":\"Organization\",\"@id\":\"https:\\\/\\\/med.tattoo\\\/ro\\\/#organization\",\"name\":\"MED.TATTOO\",\"url\":\"https:\\\/\\\/med.tattoo\\\/ro\\\/\",\"logo\":{\"@type\":\"ImageObject\",\"inLanguage\":\"ro-RO\",\"@id\":\"https:\\\/\\\/med.tattoo\\\/ro\\\/#\\\/schema\\\/logo\\\/image\\\/\",\"url\":\"https:\\\/\\\/med.tattoo\\\/wp-content\\\/uploads\\\/2025\\\/05\\\/Bez-tytulu-600S300-px-1-e1658908183800.png\",\"contentUrl\":\"https:\\\/\\\/med.tattoo\\\/wp-content\\\/uploads\\\/2025\\\/05\\\/Bez-tytulu-600S300-px-1-e1658908183800.png\",\"width\":600,\"height\":61,\"caption\":\"MED.TATTOO\"},\"image\":{\"@id\":\"https:\\\/\\\/med.tattoo\\\/ro\\\/#\\\/schema\\\/logo\\\/image\\\/\"},\"sameAs\":[\"https:\\\/\\\/www.facebook.com\\\/profile.php?id=100084366705613\",\"https:\\\/\\\/www.instagram.com\\\/med.tattoo_official\\\/\"]}]}<\/script>\n<!-- \/ Yoast SEO plugin. -->","yoast_head_json":{"title":"Aparat de ras chirurgical cu o singur\u0103 lam\u0103 8% 1pc - MED.TATTOO","robots":{"index":"index","follow":"follow","max-snippet":"max-snippet:-1","max-image-preview":"max-image-preview:large","max-video-preview":"max-video-preview:-1"},"canonical":"https:\/\/med.tattoo\/ro\/produs\/aparat-de-ras-chirurgical-cu-o-singura-lama-8-1pc\/","og_locale":"ro_RO","og_type":"article","og_title":"Aparat de ras chirurgical cu o singur\u0103 lam\u0103 8% 1pc - MED.TATTOO","og_description":"Aparate de ras de unic\u0103 folosin\u021b\u0103 &#8211; aparat de ras dintr-o singur\u0103 bucat\u0103 cu o singur\u0103 lam\u0103. Produsul este u\u0219or \u0219i confortabil de utilizat. M\u00e2nerul este fabricat din plastic, iar lama unic\u0103 este fabricat\u0103 din o\u021bel inoxidabil, f\u0103r\u0103 protec\u021bie. Aparat de ras pentru proceduri medicale \u0219i cosmetice. \u00cendep\u0103rteaz\u0103 eficient \u0219i sigur p\u0103rul f\u0103r\u0103 a provoca [&hellip;]","og_url":"https:\/\/med.tattoo\/ro\/produs\/aparat-de-ras-chirurgical-cu-o-singura-lama-8-1pc\/","og_site_name":"MED.TATTOO","article_publisher":"https:\/\/www.facebook.com\/profile.php?id=100084366705613","twitter_card":"summary_large_image","schema":{"@context":"https:\/\/schema.org","@graph":[{"@type":"WebPage","@id":"https:\/\/med.tattoo\/ro\/produs\/aparat-de-ras-chirurgical-cu-o-singura-lama-8-1pc\/","url":"https:\/\/med.tattoo\/ro\/produs\/aparat-de-ras-chirurgical-cu-o-singura-lama-8-1pc\/","name":"Aparat de ras chirurgical cu o singur\u0103 lam\u0103 8% 1pc - MED.TATTOO","isPartOf":{"@id":"https:\/\/med.tattoo\/ro\/#website"},"primaryImageOfPage":{"@id":"https:\/\/med.tattoo\/ro\/produs\/aparat-de-ras-chirurgical-cu-o-singura-lama-8-1pc\/#primaryimage"},"image":{"@id":"https:\/\/med.tattoo\/ro\/produs\/aparat-de-ras-chirurgical-cu-o-singura-lama-8-1pc\/#primaryimage"},"thumbnailUrl":"https:\/\/med.tattoo\/wp-content\/uploads\/2025\/05\/3468_golarka-ju.-chirurgiczna-8-1szt_1742990450.png","datePublished":"2025-05-15T05:16:57+00:00","breadcrumb":{"@id":"https:\/\/med.tattoo\/ro\/produs\/aparat-de-ras-chirurgical-cu-o-singura-lama-8-1pc\/#breadcrumb"},"inLanguage":"ro-RO","potentialAction":[{"@type":"ReadAction","target":["https:\/\/med.tattoo\/ro\/produs\/aparat-de-ras-chirurgical-cu-o-singura-lama-8-1pc\/"]}]},{"@type":"ImageObject","inLanguage":"ro-RO","@id":"https:\/\/med.tattoo\/ro\/produs\/aparat-de-ras-chirurgical-cu-o-singura-lama-8-1pc\/#primaryimage","url":"https:\/\/med.tattoo\/wp-content\/uploads\/2025\/05\/3468_golarka-ju.-chirurgiczna-8-1szt_1742990450.png","contentUrl":"https:\/\/med.tattoo\/wp-content\/uploads\/2025\/05\/3468_golarka-ju.-chirurgiczna-8-1szt_1742990450.png","width":631,"height":415},{"@type":"BreadcrumbList","@id":"https:\/\/med.tattoo\/ro\/produs\/aparat-de-ras-chirurgical-cu-o-singura-lama-8-1pc\/#breadcrumb","itemListElement":[{"@type":"ListItem","position":1,"name":"Strona G\u0142\u00f3wna","item":"https:\/\/med.tattoo\/ro\/"},{"@type":"ListItem","position":2,"name":"Magazin","item":"https:\/\/med.tattoo\/ro\/shop\/"},{"@type":"ListItem","position":3,"name":"Aparat de ras chirurgical cu o singur\u0103 lam\u0103 8% 1pc"}]},{"@type":"WebSite","@id":"https:\/\/med.tattoo\/ro\/#website","url":"https:\/\/med.tattoo\/ro\/","name":"MED.TATTOO","description":"Wszystko dla Twojego tatua\u017cu","publisher":{"@id":"https:\/\/med.tattoo\/ro\/#organization"},"potentialAction":[{"@type":"SearchAction","target":{"@type":"EntryPoint","urlTemplate":"https:\/\/med.tattoo\/ro\/?s={search_term_string}"},"query-input":{"@type":"PropertyValueSpecification","valueRequired":true,"valueName":"search_term_string"}}],"inLanguage":"ro-RO"},{"@type":"Organization","@id":"https:\/\/med.tattoo\/ro\/#organization","name":"MED.TATTOO","url":"https:\/\/med.tattoo\/ro\/","logo":{"@type":"ImageObject","inLanguage":"ro-RO","@id":"https:\/\/med.tattoo\/ro\/#\/schema\/logo\/image\/","url":"https:\/\/med.tattoo\/wp-content\/uploads\/2025\/05\/Bez-tytulu-600S300-px-1-e1658908183800.png","contentUrl":"https:\/\/med.tattoo\/wp-content\/uploads\/2025\/05\/Bez-tytulu-600S300-px-1-e1658908183800.png","width":600,"height":61,"caption":"MED.TATTOO"},"image":{"@id":"https:\/\/med.tattoo\/ro\/#\/schema\/logo\/image\/"},"sameAs":["https:\/\/www.facebook.com\/profile.php?id=100084366705613","https:\/\/www.instagram.com\/med.tattoo_official\/"]}]}},"_links":{"self":[{"href":"https:\/\/med.tattoo\/ro\/wp-json\/wp\/v2\/product\/9505","targetHints":{"allow":["GET"]}}],"collection":[{"href":"https:\/\/med.tattoo\/ro\/wp-json\/wp\/v2\/product"}],"about":[{"href":"https:\/\/med.tattoo\/ro\/wp-json\/wp\/v2\/types\/product"}],"replies":[{"embeddable":true,"href":"https:\/\/med.tattoo\/ro\/wp-json\/wp\/v2\/comments?post=9505"}],"wp:featuredmedia":[{"embeddable":true,"href":"https:\/\/med.tattoo\/ro\/wp-json\/wp\/v2\/media\/8480"}],"wp:attachment":[{"href":"https:\/\/med.tattoo\/ro\/wp-json\/wp\/v2\/media?parent=9505"}],"wp:term":[{"taxonomy":"product_brand","embeddable":true,"href":"https:\/\/med.tattoo\/ro\/wp-json\/wp\/v2\/product_brand?post=9505"},{"taxonomy":"product_cat","embeddable":true,"href":"https:\/\/med.tattoo\/ro\/wp-json\/wp\/v2\/product_cat?post=9505"},{"taxonomy":"product_tag","embeddable":true,"href":"https:\/\/med.tattoo\/ro\/wp-json\/wp\/v2\/product_tag?post=9505"}],"curies":[{"name":"wp","href":"https:\/\/api.w.org\/{rel}","templated":true}]}}