{"id":9558,"date":"2025-05-15T07:36:31","date_gmt":"2025-05-15T05:36:31","guid":{"rendered":"https:\/\/med.tattoo\/produkt\/rola-de-prosop-din-celuloza-2-straturi-150m-alb-1-buc-premium\/"},"modified":"2025-05-15T07:36:31","modified_gmt":"2025-05-15T05:36:31","slug":"rola-de-prosop-din-celuloza-2-straturi-150m-alb-1-buc-premium","status":"publish","type":"product","link":"https:\/\/med.tattoo\/ro\/produs\/rola-de-prosop-din-celuloza-2-straturi-150m-alb-1-buc-premium\/","title":{"rendered":"Rol\u0103 de prosop din celuloz\u0103 2 straturi 150m alb 1 buc PREMIUM"},"content":{"rendered":"<p>Prosop de h\u00e2rtie Celuloz\u0103 italian\u0103 150m 2 straturi  <\/p>\n<p>-Surs\u0103: 100% italian\u0103 Pura Ovata Di Cellulosa<\/p>\n<p>-Num\u0103r de straturi: 2<br \/>\n-Lungime: 150 m<br \/>\n-Diametru rol\u0103: 20 cm<br \/>\n-\u00cen\u0103l\u021bime rol\u0103: 20 cm<br \/>\n-Dimensiuni frunze: 24&#215;20 cm<br \/>\n-6 buc\u0103\u021bi per pachet<br \/>\n-Culoare: alb z\u0103pad\u0103<br \/>\n-Grooved \u0219i perforat<\/p>\n<p>P\u00e2nzele de cur\u0103\u021bat industriale din celuloz\u0103 sunt produse universale de calitate superioar\u0103, fabricate din 100% celuloz\u0103 &#8211; o materie prim\u0103 moale, dar dur\u0103, care este rezistent\u0103 la delaminare \u0219i umezire.  <\/p>\n<p>Scopul principal al produsului este de a cur\u0103\u021ba \u0219i lustrui diferite tipuri de suprafe\u021be f\u0103r\u0103 a l\u0103sa zg\u00e2rieturi. \u0218erve\u021belele de cur\u0103\u021bare din celuloz\u0103 sunt potrivite pentru cur\u0103\u021barea suprafe\u021belor cu ap\u0103, solven\u021bi, uleiuri \u0219i detergen\u021bi. <\/p>\n<p>Ambalate \u00een 6 buc\u0103\u021bi<\/p>\n<p>Pre\u021b per rol\u0103<\/p>\n","protected":false},"excerpt":{"rendered":"<p>Prosop de h\u00e2rtie Celuloz\u0103 italian\u0103 150m 2 straturi -Surs\u0103: 100% italian\u0103 Pura Ovata Di Cellulosa -Num\u0103r de straturi: 2 -Lungime: 150 m -Diametru rol\u0103: 20 cm -\u00cen\u0103l\u021bime rol\u0103: 20 cm -Dimensiuni frunze: 24&#215;20 cm -6 buc\u0103\u021bi per pachet -Culoare: alb z\u0103pad\u0103 -Grooved \u0219i perforat P\u00e2nzele de cur\u0103\u021bat industriale din celuloz\u0103 sunt produse universale de calitate [&hellip;]<\/p>\n","protected":false},"featured_media":8347,"comment_status":"closed","ping_status":"open","template":"","meta":{"site-sidebar-layout":"default","site-content-layout":"","ast-site-content-layout":"default","site-content-style":"default","site-sidebar-style":"default","ast-global-header-display":"","ast-banner-title-visibility":"","ast-main-header-display":"","ast-hfb-above-header-display":"","ast-hfb-below-header-display":"","ast-hfb-mobile-header-display":"","site-post-title":"","ast-breadcrumbs-content":"","ast-featured-img":"","footer-sml-layout":"","ast-disable-related-posts":"","theme-transparent-header-meta":"","adv-header-id-meta":"","stick-header-meta":"","header-above-stick-meta":"","header-main-stick-meta":"","header-below-stick-meta":"","astra-migrate-meta-layouts":"default","ast-page-background-enabled":"default","ast-page-background-meta":{"desktop":{"background-color":"var(--ast-global-color-4)","background-image":"","background-repeat":"repeat","background-position":"center center","background-size":"auto","background-attachment":"scroll","background-type":"","background-media":"","overlay-type":"","overlay-color":"","overlay-opacity":"","overlay-gradient":""},"tablet":{"background-color":"","background-image":"","background-repeat":"repeat","background-position":"center center","background-size":"auto","background-attachment":"scroll","background-type":"","background-media":"","overlay-type":"","overlay-color":"","overlay-opacity":"","overlay-gradient":""},"mobile":{"background-color":"","background-image":"","background-repeat":"repeat","background-position":"center center","background-size":"auto","background-attachment":"scroll","background-type":"","background-media":"","overlay-type":"","overlay-color":"","overlay-opacity":"","overlay-gradient":""}},"ast-content-background-meta":{"desktop":{"background-color":"var(--ast-global-color-5)","background-image":"","background-repeat":"repeat","background-position":"center center","background-size":"auto","background-attachment":"scroll","background-type":"","background-media":"","overlay-type":"","overlay-color":"","overlay-opacity":"","overlay-gradient":""},"tablet":{"background-color":"var(--ast-global-color-5)","background-image":"","background-repeat":"repeat","background-position":"center center","background-size":"auto","background-attachment":"scroll","background-type":"","background-media":"","overlay-type":"","overlay-color":"","overlay-opacity":"","overlay-gradient":""},"mobile":{"background-color":"var(--ast-global-color-5)","background-image":"","background-repeat":"repeat","background-position":"center center","background-size":"auto","background-attachment":"scroll","background-type":"","background-media":"","overlay-type":"","overlay-color":"","overlay-opacity":"","overlay-gradient":""}}},"product_brand":[],"product_cat":[25],"product_tag":[],"class_list":{"0":"post-9558","1":"product","2":"type-product","3":"status-publish","4":"has-post-thumbnail","6":"product_cat-med-tattoo","7":"desktop-align-left","8":"tablet-align-left","9":"mobile-align-left","10":"ast-product-gallery-layout-horizontal-slider","11":"ast-product-gallery-with-no-image","12":"ast-product-tabs-layout-distributed","14":"first","15":"instock","16":"purchasable","17":"product-type-simple"},"yoast_head":"<!-- This site is optimized with the Yoast SEO plugin v27.3 - https:\/\/yoast.com\/product\/yoast-seo-wordpress\/ -->\n<title>Rol\u0103 de prosop din celuloz\u0103 2 straturi 150m alb 1 buc PREMIUM - MED.TATTOO<\/title>\n<meta name=\"robots\" content=\"index, follow, max-snippet:-1, max-image-preview:large, max-video-preview:-1\" \/>\n<link rel=\"canonical\" href=\"https:\/\/med.tattoo\/ro\/produs\/rola-de-prosop-din-celuloza-2-straturi-150m-alb-1-buc-premium\/\" \/>\n<meta property=\"og:locale\" content=\"ro_RO\" \/>\n<meta property=\"og:type\" content=\"article\" \/>\n<meta property=\"og:title\" content=\"Rol\u0103 de prosop din celuloz\u0103 2 straturi 150m alb 1 buc PREMIUM - MED.TATTOO\" \/>\n<meta property=\"og:description\" content=\"Prosop de h\u00e2rtie Celuloz\u0103 italian\u0103 150m 2 straturi -Surs\u0103: 100% italian\u0103 Pura Ovata Di Cellulosa -Num\u0103r de straturi: 2 -Lungime: 150 m -Diametru rol\u0103: 20 cm -\u00cen\u0103l\u021bime rol\u0103: 20 cm -Dimensiuni frunze: 24&#215;20 cm -6 buc\u0103\u021bi per pachet -Culoare: alb z\u0103pad\u0103 -Grooved \u0219i perforat P\u00e2nzele de cur\u0103\u021bat industriale din celuloz\u0103 sunt produse universale de calitate [&hellip;]\" \/>\n<meta property=\"og:url\" content=\"https:\/\/med.tattoo\/ro\/produs\/rola-de-prosop-din-celuloza-2-straturi-150m-alb-1-buc-premium\/\" \/>\n<meta property=\"og:site_name\" content=\"MED.TATTOO\" \/>\n<meta property=\"article:publisher\" content=\"https:\/\/www.facebook.com\/profile.php?id=100084366705613\" \/>\n<meta name=\"twitter:card\" content=\"summary_large_image\" \/>\n<meta name=\"twitter:label1\" content=\"Timp estimat pentru citire\" \/>\n\t<meta name=\"twitter:data1\" content=\"1 minut\" \/>\n<script type=\"application\/ld+json\" class=\"yoast-schema-graph\">{\"@context\":\"https:\\\/\\\/schema.org\",\"@graph\":[{\"@type\":\"WebPage\",\"@id\":\"https:\\\/\\\/med.tattoo\\\/ro\\\/produs\\\/rola-de-prosop-din-celuloza-2-straturi-150m-alb-1-buc-premium\\\/\",\"url\":\"https:\\\/\\\/med.tattoo\\\/ro\\\/produs\\\/rola-de-prosop-din-celuloza-2-straturi-150m-alb-1-buc-premium\\\/\",\"name\":\"Rol\u0103 de prosop din celuloz\u0103 2 straturi 150m alb 1 buc PREMIUM - MED.TATTOO\",\"isPartOf\":{\"@id\":\"https:\\\/\\\/med.tattoo\\\/ro\\\/#website\"},\"primaryImageOfPage\":{\"@id\":\"https:\\\/\\\/med.tattoo\\\/ro\\\/produs\\\/rola-de-prosop-din-celuloza-2-straturi-150m-alb-1-buc-premium\\\/#primaryimage\"},\"image\":{\"@id\":\"https:\\\/\\\/med.tattoo\\\/ro\\\/produs\\\/rola-de-prosop-din-celuloza-2-straturi-150m-alb-1-buc-premium\\\/#primaryimage\"},\"thumbnailUrl\":\"https:\\\/\\\/med.tattoo\\\/wp-content\\\/uploads\\\/2025\\\/05\\\/297_recznik-czysciwo-z-celulozy-w-roli-midi-2-warstwy_1744006931.png\",\"datePublished\":\"2025-05-15T05:36:31+00:00\",\"breadcrumb\":{\"@id\":\"https:\\\/\\\/med.tattoo\\\/ro\\\/produs\\\/rola-de-prosop-din-celuloza-2-straturi-150m-alb-1-buc-premium\\\/#breadcrumb\"},\"inLanguage\":\"ro-RO\",\"potentialAction\":[{\"@type\":\"ReadAction\",\"target\":[\"https:\\\/\\\/med.tattoo\\\/ro\\\/produs\\\/rola-de-prosop-din-celuloza-2-straturi-150m-alb-1-buc-premium\\\/\"]}]},{\"@type\":\"ImageObject\",\"inLanguage\":\"ro-RO\",\"@id\":\"https:\\\/\\\/med.tattoo\\\/ro\\\/produs\\\/rola-de-prosop-din-celuloza-2-straturi-150m-alb-1-buc-premium\\\/#primaryimage\",\"url\":\"https:\\\/\\\/med.tattoo\\\/wp-content\\\/uploads\\\/2025\\\/05\\\/297_recznik-czysciwo-z-celulozy-w-roli-midi-2-warstwy_1744006931.png\",\"contentUrl\":\"https:\\\/\\\/med.tattoo\\\/wp-content\\\/uploads\\\/2025\\\/05\\\/297_recznik-czysciwo-z-celulozy-w-roli-midi-2-warstwy_1744006931.png\",\"width\":785,\"height\":741},{\"@type\":\"BreadcrumbList\",\"@id\":\"https:\\\/\\\/med.tattoo\\\/ro\\\/produs\\\/rola-de-prosop-din-celuloza-2-straturi-150m-alb-1-buc-premium\\\/#breadcrumb\",\"itemListElement\":[{\"@type\":\"ListItem\",\"position\":1,\"name\":\"Strona G\u0142\u00f3wna\",\"item\":\"https:\\\/\\\/med.tattoo\\\/ro\\\/\"},{\"@type\":\"ListItem\",\"position\":2,\"name\":\"Magazin\",\"item\":\"https:\\\/\\\/med.tattoo\\\/ro\\\/shop\\\/\"},{\"@type\":\"ListItem\",\"position\":3,\"name\":\"Rol\u0103 de prosop din celuloz\u0103 2 straturi 150m alb 1 buc PREMIUM\"}]},{\"@type\":\"WebSite\",\"@id\":\"https:\\\/\\\/med.tattoo\\\/ro\\\/#website\",\"url\":\"https:\\\/\\\/med.tattoo\\\/ro\\\/\",\"name\":\"MED.TATTOO\",\"description\":\"Wszystko dla Twojego tatua\u017cu\",\"publisher\":{\"@id\":\"https:\\\/\\\/med.tattoo\\\/ro\\\/#organization\"},\"potentialAction\":[{\"@type\":\"SearchAction\",\"target\":{\"@type\":\"EntryPoint\",\"urlTemplate\":\"https:\\\/\\\/med.tattoo\\\/ro\\\/?s={search_term_string}\"},\"query-input\":{\"@type\":\"PropertyValueSpecification\",\"valueRequired\":true,\"valueName\":\"search_term_string\"}}],\"inLanguage\":\"ro-RO\"},{\"@type\":\"Organization\",\"@id\":\"https:\\\/\\\/med.tattoo\\\/ro\\\/#organization\",\"name\":\"MED.TATTOO\",\"url\":\"https:\\\/\\\/med.tattoo\\\/ro\\\/\",\"logo\":{\"@type\":\"ImageObject\",\"inLanguage\":\"ro-RO\",\"@id\":\"https:\\\/\\\/med.tattoo\\\/ro\\\/#\\\/schema\\\/logo\\\/image\\\/\",\"url\":\"https:\\\/\\\/med.tattoo\\\/wp-content\\\/uploads\\\/2025\\\/05\\\/Bez-tytulu-600S300-px-1-e1658908183800.png\",\"contentUrl\":\"https:\\\/\\\/med.tattoo\\\/wp-content\\\/uploads\\\/2025\\\/05\\\/Bez-tytulu-600S300-px-1-e1658908183800.png\",\"width\":600,\"height\":61,\"caption\":\"MED.TATTOO\"},\"image\":{\"@id\":\"https:\\\/\\\/med.tattoo\\\/ro\\\/#\\\/schema\\\/logo\\\/image\\\/\"},\"sameAs\":[\"https:\\\/\\\/www.facebook.com\\\/profile.php?id=100084366705613\",\"https:\\\/\\\/www.instagram.com\\\/med.tattoo_official\\\/\"]}]}<\/script>\n<!-- \/ Yoast SEO plugin. -->","yoast_head_json":{"title":"Rol\u0103 de prosop din celuloz\u0103 2 straturi 150m alb 1 buc PREMIUM - MED.TATTOO","robots":{"index":"index","follow":"follow","max-snippet":"max-snippet:-1","max-image-preview":"max-image-preview:large","max-video-preview":"max-video-preview:-1"},"canonical":"https:\/\/med.tattoo\/ro\/produs\/rola-de-prosop-din-celuloza-2-straturi-150m-alb-1-buc-premium\/","og_locale":"ro_RO","og_type":"article","og_title":"Rol\u0103 de prosop din celuloz\u0103 2 straturi 150m alb 1 buc PREMIUM - MED.TATTOO","og_description":"Prosop de h\u00e2rtie Celuloz\u0103 italian\u0103 150m 2 straturi -Surs\u0103: 100% italian\u0103 Pura Ovata Di Cellulosa -Num\u0103r de straturi: 2 -Lungime: 150 m -Diametru rol\u0103: 20 cm -\u00cen\u0103l\u021bime rol\u0103: 20 cm -Dimensiuni frunze: 24&#215;20 cm -6 buc\u0103\u021bi per pachet -Culoare: alb z\u0103pad\u0103 -Grooved \u0219i perforat P\u00e2nzele de cur\u0103\u021bat industriale din celuloz\u0103 sunt produse universale de calitate [&hellip;]","og_url":"https:\/\/med.tattoo\/ro\/produs\/rola-de-prosop-din-celuloza-2-straturi-150m-alb-1-buc-premium\/","og_site_name":"MED.TATTOO","article_publisher":"https:\/\/www.facebook.com\/profile.php?id=100084366705613","twitter_card":"summary_large_image","twitter_misc":{"Timp estimat pentru citire":"1 minut"},"schema":{"@context":"https:\/\/schema.org","@graph":[{"@type":"WebPage","@id":"https:\/\/med.tattoo\/ro\/produs\/rola-de-prosop-din-celuloza-2-straturi-150m-alb-1-buc-premium\/","url":"https:\/\/med.tattoo\/ro\/produs\/rola-de-prosop-din-celuloza-2-straturi-150m-alb-1-buc-premium\/","name":"Rol\u0103 de prosop din celuloz\u0103 2 straturi 150m alb 1 buc PREMIUM - MED.TATTOO","isPartOf":{"@id":"https:\/\/med.tattoo\/ro\/#website"},"primaryImageOfPage":{"@id":"https:\/\/med.tattoo\/ro\/produs\/rola-de-prosop-din-celuloza-2-straturi-150m-alb-1-buc-premium\/#primaryimage"},"image":{"@id":"https:\/\/med.tattoo\/ro\/produs\/rola-de-prosop-din-celuloza-2-straturi-150m-alb-1-buc-premium\/#primaryimage"},"thumbnailUrl":"https:\/\/med.tattoo\/wp-content\/uploads\/2025\/05\/297_recznik-czysciwo-z-celulozy-w-roli-midi-2-warstwy_1744006931.png","datePublished":"2025-05-15T05:36:31+00:00","breadcrumb":{"@id":"https:\/\/med.tattoo\/ro\/produs\/rola-de-prosop-din-celuloza-2-straturi-150m-alb-1-buc-premium\/#breadcrumb"},"inLanguage":"ro-RO","potentialAction":[{"@type":"ReadAction","target":["https:\/\/med.tattoo\/ro\/produs\/rola-de-prosop-din-celuloza-2-straturi-150m-alb-1-buc-premium\/"]}]},{"@type":"ImageObject","inLanguage":"ro-RO","@id":"https:\/\/med.tattoo\/ro\/produs\/rola-de-prosop-din-celuloza-2-straturi-150m-alb-1-buc-premium\/#primaryimage","url":"https:\/\/med.tattoo\/wp-content\/uploads\/2025\/05\/297_recznik-czysciwo-z-celulozy-w-roli-midi-2-warstwy_1744006931.png","contentUrl":"https:\/\/med.tattoo\/wp-content\/uploads\/2025\/05\/297_recznik-czysciwo-z-celulozy-w-roli-midi-2-warstwy_1744006931.png","width":785,"height":741},{"@type":"BreadcrumbList","@id":"https:\/\/med.tattoo\/ro\/produs\/rola-de-prosop-din-celuloza-2-straturi-150m-alb-1-buc-premium\/#breadcrumb","itemListElement":[{"@type":"ListItem","position":1,"name":"Strona G\u0142\u00f3wna","item":"https:\/\/med.tattoo\/ro\/"},{"@type":"ListItem","position":2,"name":"Magazin","item":"https:\/\/med.tattoo\/ro\/shop\/"},{"@type":"ListItem","position":3,"name":"Rol\u0103 de prosop din celuloz\u0103 2 straturi 150m alb 1 buc PREMIUM"}]},{"@type":"WebSite","@id":"https:\/\/med.tattoo\/ro\/#website","url":"https:\/\/med.tattoo\/ro\/","name":"MED.TATTOO","description":"Wszystko dla Twojego tatua\u017cu","publisher":{"@id":"https:\/\/med.tattoo\/ro\/#organization"},"potentialAction":[{"@type":"SearchAction","target":{"@type":"EntryPoint","urlTemplate":"https:\/\/med.tattoo\/ro\/?s={search_term_string}"},"query-input":{"@type":"PropertyValueSpecification","valueRequired":true,"valueName":"search_term_string"}}],"inLanguage":"ro-RO"},{"@type":"Organization","@id":"https:\/\/med.tattoo\/ro\/#organization","name":"MED.TATTOO","url":"https:\/\/med.tattoo\/ro\/","logo":{"@type":"ImageObject","inLanguage":"ro-RO","@id":"https:\/\/med.tattoo\/ro\/#\/schema\/logo\/image\/","url":"https:\/\/med.tattoo\/wp-content\/uploads\/2025\/05\/Bez-tytulu-600S300-px-1-e1658908183800.png","contentUrl":"https:\/\/med.tattoo\/wp-content\/uploads\/2025\/05\/Bez-tytulu-600S300-px-1-e1658908183800.png","width":600,"height":61,"caption":"MED.TATTOO"},"image":{"@id":"https:\/\/med.tattoo\/ro\/#\/schema\/logo\/image\/"},"sameAs":["https:\/\/www.facebook.com\/profile.php?id=100084366705613","https:\/\/www.instagram.com\/med.tattoo_official\/"]}]}},"_links":{"self":[{"href":"https:\/\/med.tattoo\/ro\/wp-json\/wp\/v2\/product\/9558","targetHints":{"allow":["GET"]}}],"collection":[{"href":"https:\/\/med.tattoo\/ro\/wp-json\/wp\/v2\/product"}],"about":[{"href":"https:\/\/med.tattoo\/ro\/wp-json\/wp\/v2\/types\/product"}],"replies":[{"embeddable":true,"href":"https:\/\/med.tattoo\/ro\/wp-json\/wp\/v2\/comments?post=9558"}],"wp:featuredmedia":[{"embeddable":true,"href":"https:\/\/med.tattoo\/ro\/wp-json\/wp\/v2\/media\/8347"}],"wp:attachment":[{"href":"https:\/\/med.tattoo\/ro\/wp-json\/wp\/v2\/media?parent=9558"}],"wp:term":[{"taxonomy":"product_brand","embeddable":true,"href":"https:\/\/med.tattoo\/ro\/wp-json\/wp\/v2\/product_brand?post=9558"},{"taxonomy":"product_cat","embeddable":true,"href":"https:\/\/med.tattoo\/ro\/wp-json\/wp\/v2\/product_cat?post=9558"},{"taxonomy":"product_tag","embeddable":true,"href":"https:\/\/med.tattoo\/ro\/wp-json\/wp\/v2\/product_tag?post=9558"}],"curies":[{"name":"wp","href":"https:\/\/api.w.org\/{rel}","templated":true}]}}