{"id":9589,"date":"2025-05-15T07:29:14","date_gmt":"2025-05-15T05:29:14","guid":{"rendered":"https:\/\/med.tattoo\/produkt\/manusi-din-nitril-fara-pudra-100pcs-xs-negru\/"},"modified":"2025-05-15T07:29:14","modified_gmt":"2025-05-15T05:29:14","slug":"manusi-din-nitril-fara-pudra-100pcs-xs-negru","status":"publish","type":"product","link":"https:\/\/med.tattoo\/ro\/produs\/manusi-din-nitril-fara-pudra-100pcs-xs-negru\/","title":{"rendered":"M\u0103nu\u0219i din nitril f\u0103r\u0103 pudr\u0103 100pcs XS negru"},"content":{"rendered":"<p>Aceste m\u0103nu\u0219i din nitril extrem de eficiente v\u0103 vor oferi m\u00e2inilor o protec\u021bie excelent\u0103 \u00eentr-o varietate de condi\u021bii. Ele pot fi utilizate \u00een industria alimentar\u0103, magazine, saloane de \u00eenfrumuse\u021bare, saloane de coafur\u0103, studiouri de tatuaje, clinici \u0219i spitale. Datorit\u0103 designului lor texturat, acestea sunt ideale \u0219i pentru lucr\u0103ri de precizie. Sunt fabricate din material nitrilic extrem de durabil \u0219i rezistent. Nu con\u021bin latex, ceea ce \u00eenseamn\u0103 c\u0103 pot fi folosite \u0219i de persoanele cu piele sensibil\u0103 sau alergii. Sunt extrem de flexibile \u0219i rezistente la \u00een\u021bep\u0103turi, t\u0103ieturi \u0219i g\u0103uri. Sunt sub\u021biri, astfel \u00eenc\u00e2t nu limiteaz\u0103 sensibilitatea m\u00e2inii \u0219i se potrivesc perfect.      <\/p>\n<p>Protec\u021bie eficient\u0103<br \/>\nM\u0103nu\u0219ile din nitril sunt fabricate din materiale de \u00eenalt\u0103 calitate care nu con\u021bin proteine din latex, ceea ce le face ideale pentru persoanele alergice \u0219i persoanele cu pielea sensibil\u0103 predispus\u0103 la \u00eenro\u0219ire. Acestea v\u0103 vor proteja m\u00e2inile \u00eempotriva substan\u021belor chimice, agen\u021bilor citostatici, viru\u0219ilor \u0219i bacteriilor. <\/p>\n<p>Flexibil<br \/>\nNitrilul este un material extrem de flexibil care se adapteaz\u0103 la orice form\u0103 a m\u00e2inii. Un pachet con\u021bine m\u0103nu\u0219i care se vor potrivi at\u00e2t m\u00e2inii drepte, c\u00e2t \u0219i m\u00e2inii st\u00e2ngi. Acestea au o rezisten\u021b\u0103 extrem de ridicat\u0103 la \u00een\u021bep\u0103turi, perfor\u0103ri \u0219i t\u0103ieturi. Prin urmare, acestea v\u0103 vor proteja perfect m\u00e2inile.   <\/p>\n<p>M\u0103nu\u0219ile multifunc\u021bionale<br \/>\nsunt ideale pentru persoanele care lucreaz\u0103 \u00een locuri publice, cum ar fi magazine, saloane de \u00eenfrumuse\u021bare, coafori \u0219i clinici sau spitale. Acestea pot fi utilizate zilnic \u00een timpul unei pandemii sau epidemii. <\/p>\n<p>Texturate<br \/>\nSuprafa\u021ba m\u0103nu\u0219ilor este texturat\u0103, f\u0103c\u00e2nd mult mai u\u0219oar\u0103 prinderea obiectelor de diferite forme \u0219i suprafe\u021be, at\u00e2t uscate, c\u00e2t \u0219i umede. Acestea sunt perfecte pentru munca de precizie. Pachetul con\u021bine p\u00e2n\u0103 la 100 de m\u0103nu\u0219i, care v\u0103 vor permite s\u0103 v\u0103 proteja\u021bi \u00een cazul unei pandemii sau epidemii.  <\/p>\n<p>AQL: 1.5 dup\u0103 ambalare (informa\u021bii despre fabric\u0103 pe ambalaj)<\/p>\n<p>Grosime (perete simplu) min: Deget: 0,10 mm Palm\u0103: 0,07 mm<\/p>\n<p>Lungimea m\u0103nu\u0219ii \u00een conformitate cu EN 455-2: min. 240 mm <\/p>\n<p>For\u021ba de rupere \u00eenainte\/dup\u0103 \u00eemb\u0103tr\u00e2nire: min. 7,0 N <\/p>\n<p>Conformitate: Clasa I \u00een conformitate cu Directiva privind dispozitivele medicale 93\/42\/CEE \u0219i MDR (UE 2017\/745) Categoria III \u00een conformitate cu Regulamentul privind echipamentele de protec\u021bie personal\u0103 2016\/425 Marcajul CE<\/p>\n<p>Conformitate cu standardele: EN 455-1,2,3,4; EN ISO 374-1,5; EN 374-2,3,4; EN 16523-1; EN 420; EN 388; ASTM F 1671; ASTM D 6978; ISO 22000; ISO 9001; ISO 13485; ISO 14001; OHSAS 18001; EN ISO 15223-1; ISO-10993-1; EN ISO 14971; ISO 2859-1; EN ISO 21171.<\/p>\n","protected":false},"excerpt":{"rendered":"<p>Aceste m\u0103nu\u0219i din nitril extrem de eficiente v\u0103 vor oferi m\u00e2inilor o protec\u021bie excelent\u0103 \u00eentr-o varietate de condi\u021bii. Ele pot fi utilizate \u00een industria alimentar\u0103, magazine, saloane de \u00eenfrumuse\u021bare, saloane de coafur\u0103, studiouri de tatuaje, clinici \u0219i spitale. Datorit\u0103 designului lor texturat, acestea sunt ideale \u0219i pentru lucr\u0103ri de precizie. Sunt fabricate din material nitrilic [&hellip;]<\/p>\n","protected":false},"featured_media":7919,"comment_status":"closed","ping_status":"closed","template":"","meta":{"site-sidebar-layout":"default","site-content-layout":"","ast-site-content-layout":"default","site-content-style":"default","site-sidebar-style":"default","ast-global-header-display":"","ast-banner-title-visibility":"","ast-main-header-display":"","ast-hfb-above-header-display":"","ast-hfb-below-header-display":"","ast-hfb-mobile-header-display":"","site-post-title":"","ast-breadcrumbs-content":"","ast-featured-img":"","footer-sml-layout":"","ast-disable-related-posts":"","theme-transparent-header-meta":"","adv-header-id-meta":"","stick-header-meta":"","header-above-stick-meta":"","header-main-stick-meta":"","header-below-stick-meta":"","astra-migrate-meta-layouts":"default","ast-page-background-enabled":"default","ast-page-background-meta":{"desktop":{"background-color":"var(--ast-global-color-4)","background-image":"","background-repeat":"repeat","background-position":"center center","background-size":"auto","background-attachment":"scroll","background-type":"","background-media":"","overlay-type":"","overlay-color":"","overlay-opacity":"","overlay-gradient":""},"tablet":{"background-color":"","background-image":"","background-repeat":"repeat","background-position":"center center","background-size":"auto","background-attachment":"scroll","background-type":"","background-media":"","overlay-type":"","overlay-color":"","overlay-opacity":"","overlay-gradient":""},"mobile":{"background-color":"","background-image":"","background-repeat":"repeat","background-position":"center center","background-size":"auto","background-attachment":"scroll","background-type":"","background-media":"","overlay-type":"","overlay-color":"","overlay-opacity":"","overlay-gradient":""}},"ast-content-background-meta":{"desktop":{"background-color":"var(--ast-global-color-5)","background-image":"","background-repeat":"repeat","background-position":"center center","background-size":"auto","background-attachment":"scroll","background-type":"","background-media":"","overlay-type":"","overlay-color":"","overlay-opacity":"","overlay-gradient":""},"tablet":{"background-color":"var(--ast-global-color-5)","background-image":"","background-repeat":"repeat","background-position":"center center","background-size":"auto","background-attachment":"scroll","background-type":"","background-media":"","overlay-type":"","overlay-color":"","overlay-opacity":"","overlay-gradient":""},"mobile":{"background-color":"var(--ast-global-color-5)","background-image":"","background-repeat":"repeat","background-position":"center center","background-size":"auto","background-attachment":"scroll","background-type":"","background-media":"","overlay-type":"","overlay-color":"","overlay-opacity":"","overlay-gradient":""}}},"product_brand":[],"product_cat":[25],"product_tag":[],"class_list":{"0":"post-9589","1":"product","2":"type-product","3":"status-publish","4":"has-post-thumbnail","6":"product_cat-med-tattoo","7":"desktop-align-left","8":"tablet-align-left","9":"mobile-align-left","10":"ast-product-gallery-layout-horizontal-slider","11":"ast-product-gallery-with-no-image","12":"ast-product-tabs-layout-distributed","14":"first","15":"instock","16":"purchasable","17":"product-type-simple"},"yoast_head":"<!-- This site is optimized with the Yoast SEO plugin v27.4 - https:\/\/yoast.com\/product\/yoast-seo-wordpress\/ -->\n<title>M\u0103nu\u0219i din nitril f\u0103r\u0103 pudr\u0103 100pcs XS negru - MED.TATTOO<\/title>\n<meta name=\"robots\" content=\"index, follow, max-snippet:-1, max-image-preview:large, max-video-preview:-1\" \/>\n<link rel=\"canonical\" href=\"https:\/\/med.tattoo\/ro\/produs\/manusi-din-nitril-fara-pudra-100pcs-xs-negru\/\" \/>\n<meta property=\"og:locale\" content=\"ro_RO\" \/>\n<meta property=\"og:type\" content=\"article\" \/>\n<meta property=\"og:title\" content=\"M\u0103nu\u0219i din nitril f\u0103r\u0103 pudr\u0103 100pcs XS negru - MED.TATTOO\" \/>\n<meta property=\"og:description\" content=\"Aceste m\u0103nu\u0219i din nitril extrem de eficiente v\u0103 vor oferi m\u00e2inilor o protec\u021bie excelent\u0103 \u00eentr-o varietate de condi\u021bii. Ele pot fi utilizate \u00een industria alimentar\u0103, magazine, saloane de \u00eenfrumuse\u021bare, saloane de coafur\u0103, studiouri de tatuaje, clinici \u0219i spitale. Datorit\u0103 designului lor texturat, acestea sunt ideale \u0219i pentru lucr\u0103ri de precizie. Sunt fabricate din material nitrilic [&hellip;]\" \/>\n<meta property=\"og:url\" content=\"https:\/\/med.tattoo\/ro\/produs\/manusi-din-nitril-fara-pudra-100pcs-xs-negru\/\" \/>\n<meta property=\"og:site_name\" content=\"MED.TATTOO\" \/>\n<meta property=\"article:publisher\" content=\"https:\/\/www.facebook.com\/profile.php?id=100084366705613\" \/>\n<meta name=\"twitter:card\" content=\"summary_large_image\" \/>\n<meta name=\"twitter:label1\" content=\"Timp estimat pentru citire\" \/>\n\t<meta name=\"twitter:data1\" content=\"2 minute\" \/>\n<script type=\"application\/ld+json\" class=\"yoast-schema-graph\">{\"@context\":\"https:\\\/\\\/schema.org\",\"@graph\":[{\"@type\":\"WebPage\",\"@id\":\"https:\\\/\\\/med.tattoo\\\/ro\\\/produs\\\/manusi-din-nitril-fara-pudra-100pcs-xs-negru\\\/\",\"url\":\"https:\\\/\\\/med.tattoo\\\/ro\\\/produs\\\/manusi-din-nitril-fara-pudra-100pcs-xs-negru\\\/\",\"name\":\"M\u0103nu\u0219i din nitril f\u0103r\u0103 pudr\u0103 100pcs XS negru - MED.TATTOO\",\"isPartOf\":{\"@id\":\"https:\\\/\\\/med.tattoo\\\/ro\\\/#website\"},\"primaryImageOfPage\":{\"@id\":\"https:\\\/\\\/med.tattoo\\\/ro\\\/produs\\\/manusi-din-nitril-fara-pudra-100pcs-xs-negru\\\/#primaryimage\"},\"image\":{\"@id\":\"https:\\\/\\\/med.tattoo\\\/ro\\\/produs\\\/manusi-din-nitril-fara-pudra-100pcs-xs-negru\\\/#primaryimage\"},\"thumbnailUrl\":\"https:\\\/\\\/med.tattoo\\\/wp-content\\\/uploads\\\/2025\\\/05\\\/122_rekawice-nitrylowe-bezpudrowe-100szt-xs-czarne_1744006959.png\",\"datePublished\":\"2025-05-15T05:29:14+00:00\",\"breadcrumb\":{\"@id\":\"https:\\\/\\\/med.tattoo\\\/ro\\\/produs\\\/manusi-din-nitril-fara-pudra-100pcs-xs-negru\\\/#breadcrumb\"},\"inLanguage\":\"ro-RO\",\"potentialAction\":[{\"@type\":\"ReadAction\",\"target\":[\"https:\\\/\\\/med.tattoo\\\/ro\\\/produs\\\/manusi-din-nitril-fara-pudra-100pcs-xs-negru\\\/\"]}]},{\"@type\":\"ImageObject\",\"inLanguage\":\"ro-RO\",\"@id\":\"https:\\\/\\\/med.tattoo\\\/ro\\\/produs\\\/manusi-din-nitril-fara-pudra-100pcs-xs-negru\\\/#primaryimage\",\"url\":\"https:\\\/\\\/med.tattoo\\\/wp-content\\\/uploads\\\/2025\\\/05\\\/122_rekawice-nitrylowe-bezpudrowe-100szt-xs-czarne_1744006959.png\",\"contentUrl\":\"https:\\\/\\\/med.tattoo\\\/wp-content\\\/uploads\\\/2025\\\/05\\\/122_rekawice-nitrylowe-bezpudrowe-100szt-xs-czarne_1744006959.png\",\"width\":454,\"height\":449},{\"@type\":\"BreadcrumbList\",\"@id\":\"https:\\\/\\\/med.tattoo\\\/ro\\\/produs\\\/manusi-din-nitril-fara-pudra-100pcs-xs-negru\\\/#breadcrumb\",\"itemListElement\":[{\"@type\":\"ListItem\",\"position\":1,\"name\":\"Strona G\u0142\u00f3wna\",\"item\":\"https:\\\/\\\/med.tattoo\\\/ro\\\/\"},{\"@type\":\"ListItem\",\"position\":2,\"name\":\"Magazin\",\"item\":\"https:\\\/\\\/med.tattoo\\\/ro\\\/shop\\\/\"},{\"@type\":\"ListItem\",\"position\":3,\"name\":\"M\u0103nu\u0219i din nitril f\u0103r\u0103 pudr\u0103 100pcs XS negru\"}]},{\"@type\":\"WebSite\",\"@id\":\"https:\\\/\\\/med.tattoo\\\/ro\\\/#website\",\"url\":\"https:\\\/\\\/med.tattoo\\\/ro\\\/\",\"name\":\"MED.TATTOO\",\"description\":\"Wszystko dla Twojego tatua\u017cu\",\"publisher\":{\"@id\":\"https:\\\/\\\/med.tattoo\\\/ro\\\/#organization\"},\"potentialAction\":[{\"@type\":\"SearchAction\",\"target\":{\"@type\":\"EntryPoint\",\"urlTemplate\":\"https:\\\/\\\/med.tattoo\\\/ro\\\/?s={search_term_string}\"},\"query-input\":{\"@type\":\"PropertyValueSpecification\",\"valueRequired\":true,\"valueName\":\"search_term_string\"}}],\"inLanguage\":\"ro-RO\"},{\"@type\":\"Organization\",\"@id\":\"https:\\\/\\\/med.tattoo\\\/ro\\\/#organization\",\"name\":\"MED.TATTOO\",\"url\":\"https:\\\/\\\/med.tattoo\\\/ro\\\/\",\"logo\":{\"@type\":\"ImageObject\",\"inLanguage\":\"ro-RO\",\"@id\":\"https:\\\/\\\/med.tattoo\\\/ro\\\/#\\\/schema\\\/logo\\\/image\\\/\",\"url\":\"https:\\\/\\\/med.tattoo\\\/wp-content\\\/uploads\\\/2025\\\/05\\\/Bez-tytulu-600S300-px-1-e1658908183800.png\",\"contentUrl\":\"https:\\\/\\\/med.tattoo\\\/wp-content\\\/uploads\\\/2025\\\/05\\\/Bez-tytulu-600S300-px-1-e1658908183800.png\",\"width\":600,\"height\":61,\"caption\":\"MED.TATTOO\"},\"image\":{\"@id\":\"https:\\\/\\\/med.tattoo\\\/ro\\\/#\\\/schema\\\/logo\\\/image\\\/\"},\"sameAs\":[\"https:\\\/\\\/www.facebook.com\\\/profile.php?id=100084366705613\",\"https:\\\/\\\/www.instagram.com\\\/med.tattoo_official\\\/\"]}]}<\/script>\n<!-- \/ Yoast SEO plugin. -->","yoast_head_json":{"title":"M\u0103nu\u0219i din nitril f\u0103r\u0103 pudr\u0103 100pcs XS negru - MED.TATTOO","robots":{"index":"index","follow":"follow","max-snippet":"max-snippet:-1","max-image-preview":"max-image-preview:large","max-video-preview":"max-video-preview:-1"},"canonical":"https:\/\/med.tattoo\/ro\/produs\/manusi-din-nitril-fara-pudra-100pcs-xs-negru\/","og_locale":"ro_RO","og_type":"article","og_title":"M\u0103nu\u0219i din nitril f\u0103r\u0103 pudr\u0103 100pcs XS negru - MED.TATTOO","og_description":"Aceste m\u0103nu\u0219i din nitril extrem de eficiente v\u0103 vor oferi m\u00e2inilor o protec\u021bie excelent\u0103 \u00eentr-o varietate de condi\u021bii. Ele pot fi utilizate \u00een industria alimentar\u0103, magazine, saloane de \u00eenfrumuse\u021bare, saloane de coafur\u0103, studiouri de tatuaje, clinici \u0219i spitale. Datorit\u0103 designului lor texturat, acestea sunt ideale \u0219i pentru lucr\u0103ri de precizie. Sunt fabricate din material nitrilic [&hellip;]","og_url":"https:\/\/med.tattoo\/ro\/produs\/manusi-din-nitril-fara-pudra-100pcs-xs-negru\/","og_site_name":"MED.TATTOO","article_publisher":"https:\/\/www.facebook.com\/profile.php?id=100084366705613","twitter_card":"summary_large_image","twitter_misc":{"Timp estimat pentru citire":"2 minute"},"schema":{"@context":"https:\/\/schema.org","@graph":[{"@type":"WebPage","@id":"https:\/\/med.tattoo\/ro\/produs\/manusi-din-nitril-fara-pudra-100pcs-xs-negru\/","url":"https:\/\/med.tattoo\/ro\/produs\/manusi-din-nitril-fara-pudra-100pcs-xs-negru\/","name":"M\u0103nu\u0219i din nitril f\u0103r\u0103 pudr\u0103 100pcs XS negru - MED.TATTOO","isPartOf":{"@id":"https:\/\/med.tattoo\/ro\/#website"},"primaryImageOfPage":{"@id":"https:\/\/med.tattoo\/ro\/produs\/manusi-din-nitril-fara-pudra-100pcs-xs-negru\/#primaryimage"},"image":{"@id":"https:\/\/med.tattoo\/ro\/produs\/manusi-din-nitril-fara-pudra-100pcs-xs-negru\/#primaryimage"},"thumbnailUrl":"https:\/\/med.tattoo\/wp-content\/uploads\/2025\/05\/122_rekawice-nitrylowe-bezpudrowe-100szt-xs-czarne_1744006959.png","datePublished":"2025-05-15T05:29:14+00:00","breadcrumb":{"@id":"https:\/\/med.tattoo\/ro\/produs\/manusi-din-nitril-fara-pudra-100pcs-xs-negru\/#breadcrumb"},"inLanguage":"ro-RO","potentialAction":[{"@type":"ReadAction","target":["https:\/\/med.tattoo\/ro\/produs\/manusi-din-nitril-fara-pudra-100pcs-xs-negru\/"]}]},{"@type":"ImageObject","inLanguage":"ro-RO","@id":"https:\/\/med.tattoo\/ro\/produs\/manusi-din-nitril-fara-pudra-100pcs-xs-negru\/#primaryimage","url":"https:\/\/med.tattoo\/wp-content\/uploads\/2025\/05\/122_rekawice-nitrylowe-bezpudrowe-100szt-xs-czarne_1744006959.png","contentUrl":"https:\/\/med.tattoo\/wp-content\/uploads\/2025\/05\/122_rekawice-nitrylowe-bezpudrowe-100szt-xs-czarne_1744006959.png","width":454,"height":449},{"@type":"BreadcrumbList","@id":"https:\/\/med.tattoo\/ro\/produs\/manusi-din-nitril-fara-pudra-100pcs-xs-negru\/#breadcrumb","itemListElement":[{"@type":"ListItem","position":1,"name":"Strona G\u0142\u00f3wna","item":"https:\/\/med.tattoo\/ro\/"},{"@type":"ListItem","position":2,"name":"Magazin","item":"https:\/\/med.tattoo\/ro\/shop\/"},{"@type":"ListItem","position":3,"name":"M\u0103nu\u0219i din nitril f\u0103r\u0103 pudr\u0103 100pcs XS negru"}]},{"@type":"WebSite","@id":"https:\/\/med.tattoo\/ro\/#website","url":"https:\/\/med.tattoo\/ro\/","name":"MED.TATTOO","description":"Wszystko dla Twojego tatua\u017cu","publisher":{"@id":"https:\/\/med.tattoo\/ro\/#organization"},"potentialAction":[{"@type":"SearchAction","target":{"@type":"EntryPoint","urlTemplate":"https:\/\/med.tattoo\/ro\/?s={search_term_string}"},"query-input":{"@type":"PropertyValueSpecification","valueRequired":true,"valueName":"search_term_string"}}],"inLanguage":"ro-RO"},{"@type":"Organization","@id":"https:\/\/med.tattoo\/ro\/#organization","name":"MED.TATTOO","url":"https:\/\/med.tattoo\/ro\/","logo":{"@type":"ImageObject","inLanguage":"ro-RO","@id":"https:\/\/med.tattoo\/ro\/#\/schema\/logo\/image\/","url":"https:\/\/med.tattoo\/wp-content\/uploads\/2025\/05\/Bez-tytulu-600S300-px-1-e1658908183800.png","contentUrl":"https:\/\/med.tattoo\/wp-content\/uploads\/2025\/05\/Bez-tytulu-600S300-px-1-e1658908183800.png","width":600,"height":61,"caption":"MED.TATTOO"},"image":{"@id":"https:\/\/med.tattoo\/ro\/#\/schema\/logo\/image\/"},"sameAs":["https:\/\/www.facebook.com\/profile.php?id=100084366705613","https:\/\/www.instagram.com\/med.tattoo_official\/"]}]}},"_links":{"self":[{"href":"https:\/\/med.tattoo\/ro\/wp-json\/wp\/v2\/product\/9589","targetHints":{"allow":["GET"]}}],"collection":[{"href":"https:\/\/med.tattoo\/ro\/wp-json\/wp\/v2\/product"}],"about":[{"href":"https:\/\/med.tattoo\/ro\/wp-json\/wp\/v2\/types\/product"}],"replies":[{"embeddable":true,"href":"https:\/\/med.tattoo\/ro\/wp-json\/wp\/v2\/comments?post=9589"}],"wp:featuredmedia":[{"embeddable":true,"href":"https:\/\/med.tattoo\/ro\/wp-json\/wp\/v2\/media\/7919"}],"wp:attachment":[{"href":"https:\/\/med.tattoo\/ro\/wp-json\/wp\/v2\/media?parent=9589"}],"wp:term":[{"taxonomy":"product_brand","embeddable":true,"href":"https:\/\/med.tattoo\/ro\/wp-json\/wp\/v2\/product_brand?post=9589"},{"taxonomy":"product_cat","embeddable":true,"href":"https:\/\/med.tattoo\/ro\/wp-json\/wp\/v2\/product_cat?post=9589"},{"taxonomy":"product_tag","embeddable":true,"href":"https:\/\/med.tattoo\/ro\/wp-json\/wp\/v2\/product_tag?post=9589"}],"curies":[{"name":"wp","href":"https:\/\/api.w.org\/{rel}","templated":true}]}}