{"id":9591,"date":"2025-05-15T07:29:14","date_gmt":"2025-05-15T05:29:14","guid":{"rendered":"https:\/\/med.tattoo\/produkt\/stoma-underlay-halat-in-rola-33x48cm-40pcs-verde\/"},"modified":"2025-05-15T07:29:14","modified_gmt":"2025-05-15T05:29:14","slug":"stoma-underlay-halat-in-rola-33x48cm-40pcs-verde","status":"publish","type":"product","link":"https:\/\/med.tattoo\/ro\/produs\/stoma-underlay-halat-in-rola-33x48cm-40pcs-verde\/","title":{"rendered":"Stoma underlay \/ halat \u00een rol\u0103 33x48cm\/40pcs verde"},"content":{"rendered":"<p>\u0218erve\u021bele de unic\u0103 folosin\u021b\u0103 \u00een rol\u0103<\/p>\n<p>Pre\u021bul se refer\u0103 la 1 buc.<\/p>\n<p>Produsul este v\u00e2ndut \u00een cutii de 35 de buc\u0103\u021bi.<\/p>\n<p>\u0218erve\u021belele rulate de unic\u0103 folosin\u021b\u0103 sunt echipamente esen\u021biale \u00een practicile medicale \u00een care este necesar\u0103 protejarea pacientului \u00een timpul procedurilor medicale. \u0218erve\u021belele de unic\u0103 folosin\u021b\u0103 sunt concepute pentru a absorbi fluidele corporale, preparatele terapeutice sau alte substan\u021be utilizate \u00een timpul procedurilor din chirurgia dentar\u0103 sau ortodontic\u0103. \u0218erve\u021belele rulate de unic\u0103 folosin\u021b\u0103 pot fi utilizate \u0219i \u00een spitale, c\u0103mine de b\u0103tr\u00e2ni \u0219i ospicii pentru \u00eengrijirea pacien\u021bilor la pat (administrarea oral\u0103 de lichide sau mese).  <\/p>\n<p>Scop:<\/p>\n<p>Opera\u021bii stomatologice,<br \/>\nopera\u021bii ortodontice,<br \/>\nopera\u021bii protetice,<br \/>\nspitale,<br \/>\nospicii,<br \/>\nc\u0103mine de b\u0103tr\u00e2ni,<br \/>\nAplica\u021bii:<\/p>\n<p>Protec\u021bia pacientului<br \/>\nAvantaje:<\/p>\n<p>gam\u0103 larg\u0103 de culori &#8211; adaptabil la schema de culori \u0219i decorul<br \/>\nal biroului:<\/p>\n<p>de unic\u0103 folosin\u021b\u0103,<br \/>\nde protec\u021bie &#8211; protejeaz\u0103 hainele pacientului de murd\u0103rie,<br \/>\nmoale, pl\u0103cut la atingere,<br \/>\ncu perfora\u021bie pentru \u00eendep\u0103rtarea u\u0219oar\u0103 a draperiilor individuale,<br \/>\ndin h\u00e2rtie tissue, protejat suplimentar cu un strat de folie,<br \/>\nprotejeaz\u0103 p\u0103r\u021bile neacoperite ale corpului pacientului de posibile irita\u021bii sau alergii,<br \/>\n\u00eempiedic\u0103 transferul de bacterii prin corpul sau hainele contaminate ale pacientului,<br \/>\nreduce riscul de infec\u021bie,<br \/>\nDimensiuni:<\/p>\n<p>33 x 48<br \/>\n40 buc. \u00een 1 rol\u0103 <\/p>\n","protected":false},"excerpt":{"rendered":"<p>\u0218erve\u021bele de unic\u0103 folosin\u021b\u0103 \u00een rol\u0103 Pre\u021bul se refer\u0103 la 1 buc. Produsul este v\u00e2ndut \u00een cutii de 35 de buc\u0103\u021bi. \u0218erve\u021belele rulate de unic\u0103 folosin\u021b\u0103 sunt echipamente esen\u021biale \u00een practicile medicale \u00een care este necesar\u0103 protejarea pacientului \u00een timpul procedurilor medicale. \u0218erve\u021belele de unic\u0103 folosin\u021b\u0103 sunt concepute pentru a absorbi fluidele corporale, preparatele terapeutice [&hellip;]<\/p>\n","protected":false},"featured_media":7975,"comment_status":"closed","ping_status":"open","template":"","meta":{"site-sidebar-layout":"default","site-content-layout":"","ast-site-content-layout":"default","site-content-style":"default","site-sidebar-style":"default","ast-global-header-display":"","ast-banner-title-visibility":"","ast-main-header-display":"","ast-hfb-above-header-display":"","ast-hfb-below-header-display":"","ast-hfb-mobile-header-display":"","site-post-title":"","ast-breadcrumbs-content":"","ast-featured-img":"","footer-sml-layout":"","ast-disable-related-posts":"","theme-transparent-header-meta":"","adv-header-id-meta":"","stick-header-meta":"","header-above-stick-meta":"","header-main-stick-meta":"","header-below-stick-meta":"","astra-migrate-meta-layouts":"default","ast-page-background-enabled":"default","ast-page-background-meta":{"desktop":{"background-color":"var(--ast-global-color-4)","background-image":"","background-repeat":"repeat","background-position":"center center","background-size":"auto","background-attachment":"scroll","background-type":"","background-media":"","overlay-type":"","overlay-color":"","overlay-opacity":"","overlay-gradient":""},"tablet":{"background-color":"","background-image":"","background-repeat":"repeat","background-position":"center center","background-size":"auto","background-attachment":"scroll","background-type":"","background-media":"","overlay-type":"","overlay-color":"","overlay-opacity":"","overlay-gradient":""},"mobile":{"background-color":"","background-image":"","background-repeat":"repeat","background-position":"center center","background-size":"auto","background-attachment":"scroll","background-type":"","background-media":"","overlay-type":"","overlay-color":"","overlay-opacity":"","overlay-gradient":""}},"ast-content-background-meta":{"desktop":{"background-color":"var(--ast-global-color-5)","background-image":"","background-repeat":"repeat","background-position":"center center","background-size":"auto","background-attachment":"scroll","background-type":"","background-media":"","overlay-type":"","overlay-color":"","overlay-opacity":"","overlay-gradient":""},"tablet":{"background-color":"var(--ast-global-color-5)","background-image":"","background-repeat":"repeat","background-position":"center center","background-size":"auto","background-attachment":"scroll","background-type":"","background-media":"","overlay-type":"","overlay-color":"","overlay-opacity":"","overlay-gradient":""},"mobile":{"background-color":"var(--ast-global-color-5)","background-image":"","background-repeat":"repeat","background-position":"center center","background-size":"auto","background-attachment":"scroll","background-type":"","background-media":"","overlay-type":"","overlay-color":"","overlay-opacity":"","overlay-gradient":""}}},"product_brand":[],"product_cat":[25],"product_tag":[],"class_list":{"0":"post-9591","1":"product","2":"type-product","3":"status-publish","4":"has-post-thumbnail","6":"product_cat-med-tattoo","7":"desktop-align-left","8":"tablet-align-left","9":"mobile-align-left","10":"ast-product-gallery-layout-horizontal-slider","11":"ast-product-gallery-with-no-image","12":"ast-product-tabs-layout-distributed","14":"first","15":"outofstock","16":"purchasable","17":"product-type-simple"},"yoast_head":"<!-- This site is optimized with the Yoast SEO plugin v27.3 - https:\/\/yoast.com\/product\/yoast-seo-wordpress\/ -->\n<title>Stoma underlay \/ halat \u00een rol\u0103 33x48cm\/40pcs verde - MED.TATTOO<\/title>\n<meta name=\"robots\" content=\"index, follow, max-snippet:-1, max-image-preview:large, max-video-preview:-1\" \/>\n<link rel=\"canonical\" href=\"https:\/\/med.tattoo\/ro\/produs\/stoma-underlay-halat-in-rola-33x48cm-40pcs-verde\/\" \/>\n<meta property=\"og:locale\" content=\"ro_RO\" \/>\n<meta property=\"og:type\" content=\"article\" \/>\n<meta property=\"og:title\" content=\"Stoma underlay \/ halat \u00een rol\u0103 33x48cm\/40pcs verde - MED.TATTOO\" \/>\n<meta property=\"og:description\" content=\"\u0218erve\u021bele de unic\u0103 folosin\u021b\u0103 \u00een rol\u0103 Pre\u021bul se refer\u0103 la 1 buc. Produsul este v\u00e2ndut \u00een cutii de 35 de buc\u0103\u021bi. \u0218erve\u021belele rulate de unic\u0103 folosin\u021b\u0103 sunt echipamente esen\u021biale \u00een practicile medicale \u00een care este necesar\u0103 protejarea pacientului \u00een timpul procedurilor medicale. \u0218erve\u021belele de unic\u0103 folosin\u021b\u0103 sunt concepute pentru a absorbi fluidele corporale, preparatele terapeutice [&hellip;]\" \/>\n<meta property=\"og:url\" content=\"https:\/\/med.tattoo\/ro\/produs\/stoma-underlay-halat-in-rola-33x48cm-40pcs-verde\/\" \/>\n<meta property=\"og:site_name\" content=\"MED.TATTOO\" \/>\n<meta property=\"article:publisher\" content=\"https:\/\/www.facebook.com\/profile.php?id=100084366705613\" \/>\n<meta name=\"twitter:card\" content=\"summary_large_image\" \/>\n<meta name=\"twitter:label1\" content=\"Timp estimat pentru citire\" \/>\n\t<meta name=\"twitter:data1\" content=\"1 minut\" \/>\n<script type=\"application\/ld+json\" class=\"yoast-schema-graph\">{\"@context\":\"https:\\\/\\\/schema.org\",\"@graph\":[{\"@type\":\"WebPage\",\"@id\":\"https:\\\/\\\/med.tattoo\\\/ro\\\/produs\\\/stoma-underlay-halat-in-rola-33x48cm-40pcs-verde\\\/\",\"url\":\"https:\\\/\\\/med.tattoo\\\/ro\\\/produs\\\/stoma-underlay-halat-in-rola-33x48cm-40pcs-verde\\\/\",\"name\":\"Stoma underlay \\\/ halat \u00een rol\u0103 33x48cm\\\/40pcs verde - MED.TATTOO\",\"isPartOf\":{\"@id\":\"https:\\\/\\\/med.tattoo\\\/ro\\\/#website\"},\"primaryImageOfPage\":{\"@id\":\"https:\\\/\\\/med.tattoo\\\/ro\\\/produs\\\/stoma-underlay-halat-in-rola-33x48cm-40pcs-verde\\\/#primaryimage\"},\"image\":{\"@id\":\"https:\\\/\\\/med.tattoo\\\/ro\\\/produs\\\/stoma-underlay-halat-in-rola-33x48cm-40pcs-verde\\\/#primaryimage\"},\"thumbnailUrl\":\"https:\\\/\\\/med.tattoo\\\/wp-content\\\/uploads\\\/2025\\\/05\\\/239_podklad-serweta-stom.w-rolce-33x48cm-40szt-zielona_1744006858.png\",\"datePublished\":\"2025-05-15T05:29:14+00:00\",\"breadcrumb\":{\"@id\":\"https:\\\/\\\/med.tattoo\\\/ro\\\/produs\\\/stoma-underlay-halat-in-rola-33x48cm-40pcs-verde\\\/#breadcrumb\"},\"inLanguage\":\"ro-RO\",\"potentialAction\":[{\"@type\":\"ReadAction\",\"target\":[\"https:\\\/\\\/med.tattoo\\\/ro\\\/produs\\\/stoma-underlay-halat-in-rola-33x48cm-40pcs-verde\\\/\"]}]},{\"@type\":\"ImageObject\",\"inLanguage\":\"ro-RO\",\"@id\":\"https:\\\/\\\/med.tattoo\\\/ro\\\/produs\\\/stoma-underlay-halat-in-rola-33x48cm-40pcs-verde\\\/#primaryimage\",\"url\":\"https:\\\/\\\/med.tattoo\\\/wp-content\\\/uploads\\\/2025\\\/05\\\/239_podklad-serweta-stom.w-rolce-33x48cm-40szt-zielona_1744006858.png\",\"contentUrl\":\"https:\\\/\\\/med.tattoo\\\/wp-content\\\/uploads\\\/2025\\\/05\\\/239_podklad-serweta-stom.w-rolce-33x48cm-40szt-zielona_1744006858.png\",\"width\":637,\"height\":581},{\"@type\":\"BreadcrumbList\",\"@id\":\"https:\\\/\\\/med.tattoo\\\/ro\\\/produs\\\/stoma-underlay-halat-in-rola-33x48cm-40pcs-verde\\\/#breadcrumb\",\"itemListElement\":[{\"@type\":\"ListItem\",\"position\":1,\"name\":\"Strona G\u0142\u00f3wna\",\"item\":\"https:\\\/\\\/med.tattoo\\\/ro\\\/\"},{\"@type\":\"ListItem\",\"position\":2,\"name\":\"Magazin\",\"item\":\"https:\\\/\\\/med.tattoo\\\/ro\\\/shop\\\/\"},{\"@type\":\"ListItem\",\"position\":3,\"name\":\"Stoma underlay \\\/ halat \u00een rol\u0103 33x48cm\\\/40pcs verde\"}]},{\"@type\":\"WebSite\",\"@id\":\"https:\\\/\\\/med.tattoo\\\/ro\\\/#website\",\"url\":\"https:\\\/\\\/med.tattoo\\\/ro\\\/\",\"name\":\"MED.TATTOO\",\"description\":\"Wszystko dla Twojego tatua\u017cu\",\"publisher\":{\"@id\":\"https:\\\/\\\/med.tattoo\\\/ro\\\/#organization\"},\"potentialAction\":[{\"@type\":\"SearchAction\",\"target\":{\"@type\":\"EntryPoint\",\"urlTemplate\":\"https:\\\/\\\/med.tattoo\\\/ro\\\/?s={search_term_string}\"},\"query-input\":{\"@type\":\"PropertyValueSpecification\",\"valueRequired\":true,\"valueName\":\"search_term_string\"}}],\"inLanguage\":\"ro-RO\"},{\"@type\":\"Organization\",\"@id\":\"https:\\\/\\\/med.tattoo\\\/ro\\\/#organization\",\"name\":\"MED.TATTOO\",\"url\":\"https:\\\/\\\/med.tattoo\\\/ro\\\/\",\"logo\":{\"@type\":\"ImageObject\",\"inLanguage\":\"ro-RO\",\"@id\":\"https:\\\/\\\/med.tattoo\\\/ro\\\/#\\\/schema\\\/logo\\\/image\\\/\",\"url\":\"https:\\\/\\\/med.tattoo\\\/wp-content\\\/uploads\\\/2025\\\/05\\\/Bez-tytulu-600S300-px-1-e1658908183800.png\",\"contentUrl\":\"https:\\\/\\\/med.tattoo\\\/wp-content\\\/uploads\\\/2025\\\/05\\\/Bez-tytulu-600S300-px-1-e1658908183800.png\",\"width\":600,\"height\":61,\"caption\":\"MED.TATTOO\"},\"image\":{\"@id\":\"https:\\\/\\\/med.tattoo\\\/ro\\\/#\\\/schema\\\/logo\\\/image\\\/\"},\"sameAs\":[\"https:\\\/\\\/www.facebook.com\\\/profile.php?id=100084366705613\",\"https:\\\/\\\/www.instagram.com\\\/med.tattoo_official\\\/\"]}]}<\/script>\n<!-- \/ Yoast SEO plugin. -->","yoast_head_json":{"title":"Stoma underlay \/ halat \u00een rol\u0103 33x48cm\/40pcs verde - MED.TATTOO","robots":{"index":"index","follow":"follow","max-snippet":"max-snippet:-1","max-image-preview":"max-image-preview:large","max-video-preview":"max-video-preview:-1"},"canonical":"https:\/\/med.tattoo\/ro\/produs\/stoma-underlay-halat-in-rola-33x48cm-40pcs-verde\/","og_locale":"ro_RO","og_type":"article","og_title":"Stoma underlay \/ halat \u00een rol\u0103 33x48cm\/40pcs verde - MED.TATTOO","og_description":"\u0218erve\u021bele de unic\u0103 folosin\u021b\u0103 \u00een rol\u0103 Pre\u021bul se refer\u0103 la 1 buc. Produsul este v\u00e2ndut \u00een cutii de 35 de buc\u0103\u021bi. \u0218erve\u021belele rulate de unic\u0103 folosin\u021b\u0103 sunt echipamente esen\u021biale \u00een practicile medicale \u00een care este necesar\u0103 protejarea pacientului \u00een timpul procedurilor medicale. \u0218erve\u021belele de unic\u0103 folosin\u021b\u0103 sunt concepute pentru a absorbi fluidele corporale, preparatele terapeutice [&hellip;]","og_url":"https:\/\/med.tattoo\/ro\/produs\/stoma-underlay-halat-in-rola-33x48cm-40pcs-verde\/","og_site_name":"MED.TATTOO","article_publisher":"https:\/\/www.facebook.com\/profile.php?id=100084366705613","twitter_card":"summary_large_image","twitter_misc":{"Timp estimat pentru citire":"1 minut"},"schema":{"@context":"https:\/\/schema.org","@graph":[{"@type":"WebPage","@id":"https:\/\/med.tattoo\/ro\/produs\/stoma-underlay-halat-in-rola-33x48cm-40pcs-verde\/","url":"https:\/\/med.tattoo\/ro\/produs\/stoma-underlay-halat-in-rola-33x48cm-40pcs-verde\/","name":"Stoma underlay \/ halat \u00een rol\u0103 33x48cm\/40pcs verde - MED.TATTOO","isPartOf":{"@id":"https:\/\/med.tattoo\/ro\/#website"},"primaryImageOfPage":{"@id":"https:\/\/med.tattoo\/ro\/produs\/stoma-underlay-halat-in-rola-33x48cm-40pcs-verde\/#primaryimage"},"image":{"@id":"https:\/\/med.tattoo\/ro\/produs\/stoma-underlay-halat-in-rola-33x48cm-40pcs-verde\/#primaryimage"},"thumbnailUrl":"https:\/\/med.tattoo\/wp-content\/uploads\/2025\/05\/239_podklad-serweta-stom.w-rolce-33x48cm-40szt-zielona_1744006858.png","datePublished":"2025-05-15T05:29:14+00:00","breadcrumb":{"@id":"https:\/\/med.tattoo\/ro\/produs\/stoma-underlay-halat-in-rola-33x48cm-40pcs-verde\/#breadcrumb"},"inLanguage":"ro-RO","potentialAction":[{"@type":"ReadAction","target":["https:\/\/med.tattoo\/ro\/produs\/stoma-underlay-halat-in-rola-33x48cm-40pcs-verde\/"]}]},{"@type":"ImageObject","inLanguage":"ro-RO","@id":"https:\/\/med.tattoo\/ro\/produs\/stoma-underlay-halat-in-rola-33x48cm-40pcs-verde\/#primaryimage","url":"https:\/\/med.tattoo\/wp-content\/uploads\/2025\/05\/239_podklad-serweta-stom.w-rolce-33x48cm-40szt-zielona_1744006858.png","contentUrl":"https:\/\/med.tattoo\/wp-content\/uploads\/2025\/05\/239_podklad-serweta-stom.w-rolce-33x48cm-40szt-zielona_1744006858.png","width":637,"height":581},{"@type":"BreadcrumbList","@id":"https:\/\/med.tattoo\/ro\/produs\/stoma-underlay-halat-in-rola-33x48cm-40pcs-verde\/#breadcrumb","itemListElement":[{"@type":"ListItem","position":1,"name":"Strona G\u0142\u00f3wna","item":"https:\/\/med.tattoo\/ro\/"},{"@type":"ListItem","position":2,"name":"Magazin","item":"https:\/\/med.tattoo\/ro\/shop\/"},{"@type":"ListItem","position":3,"name":"Stoma underlay \/ halat \u00een rol\u0103 33x48cm\/40pcs verde"}]},{"@type":"WebSite","@id":"https:\/\/med.tattoo\/ro\/#website","url":"https:\/\/med.tattoo\/ro\/","name":"MED.TATTOO","description":"Wszystko dla Twojego tatua\u017cu","publisher":{"@id":"https:\/\/med.tattoo\/ro\/#organization"},"potentialAction":[{"@type":"SearchAction","target":{"@type":"EntryPoint","urlTemplate":"https:\/\/med.tattoo\/ro\/?s={search_term_string}"},"query-input":{"@type":"PropertyValueSpecification","valueRequired":true,"valueName":"search_term_string"}}],"inLanguage":"ro-RO"},{"@type":"Organization","@id":"https:\/\/med.tattoo\/ro\/#organization","name":"MED.TATTOO","url":"https:\/\/med.tattoo\/ro\/","logo":{"@type":"ImageObject","inLanguage":"ro-RO","@id":"https:\/\/med.tattoo\/ro\/#\/schema\/logo\/image\/","url":"https:\/\/med.tattoo\/wp-content\/uploads\/2025\/05\/Bez-tytulu-600S300-px-1-e1658908183800.png","contentUrl":"https:\/\/med.tattoo\/wp-content\/uploads\/2025\/05\/Bez-tytulu-600S300-px-1-e1658908183800.png","width":600,"height":61,"caption":"MED.TATTOO"},"image":{"@id":"https:\/\/med.tattoo\/ro\/#\/schema\/logo\/image\/"},"sameAs":["https:\/\/www.facebook.com\/profile.php?id=100084366705613","https:\/\/www.instagram.com\/med.tattoo_official\/"]}]}},"_links":{"self":[{"href":"https:\/\/med.tattoo\/ro\/wp-json\/wp\/v2\/product\/9591","targetHints":{"allow":["GET"]}}],"collection":[{"href":"https:\/\/med.tattoo\/ro\/wp-json\/wp\/v2\/product"}],"about":[{"href":"https:\/\/med.tattoo\/ro\/wp-json\/wp\/v2\/types\/product"}],"replies":[{"embeddable":true,"href":"https:\/\/med.tattoo\/ro\/wp-json\/wp\/v2\/comments?post=9591"}],"wp:featuredmedia":[{"embeddable":true,"href":"https:\/\/med.tattoo\/ro\/wp-json\/wp\/v2\/media\/7975"}],"wp:attachment":[{"href":"https:\/\/med.tattoo\/ro\/wp-json\/wp\/v2\/media?parent=9591"}],"wp:term":[{"taxonomy":"product_brand","embeddable":true,"href":"https:\/\/med.tattoo\/ro\/wp-json\/wp\/v2\/product_brand?post=9591"},{"taxonomy":"product_cat","embeddable":true,"href":"https:\/\/med.tattoo\/ro\/wp-json\/wp\/v2\/product_cat?post=9591"},{"taxonomy":"product_tag","embeddable":true,"href":"https:\/\/med.tattoo\/ro\/wp-json\/wp\/v2\/product_tag?post=9591"}],"curies":[{"name":"wp","href":"https:\/\/api.w.org\/{rel}","templated":true}]}}