{"id":9645,"date":"2025-05-15T07:36:31","date_gmt":"2025-05-15T05:36:31","guid":{"rendered":"https:\/\/med.tattoo\/produkt\/banda-adeziva-25-cm-45-m-1-buc-turcoaz-elastic-autoadeziv\/"},"modified":"2025-05-15T07:36:31","modified_gmt":"2025-05-15T05:36:31","slug":"banda-adeziva-25-cm-45-m-1-buc-turcoaz-elastic-autoadeziv","status":"publish","type":"product","link":"https:\/\/med.tattoo\/ro\/produs\/banda-adeziva-25-cm-45-m-1-buc-turcoaz-elastic-autoadeziv\/","title":{"rendered":"Band\u0103 adeziv\u0103 2,5 cm * 4,5 m 1 buc turcoaz elastic, autoadeziv"},"content":{"rendered":"<p>Un bandaj este un bandaj elastic (men\u021bine o tensiune constant\u0103) cu o structur\u0103 coerent\u0103 (autoadeziv, se lipe\u0219te numai de sine). Bandajul nostru elastic este fabricat dintr-un material u\u0219or, respirabil \u0219i durabil, care nu afecteaz\u0103 pielea. Gradul dorit de compresie este ob\u021binut \u00een momentul aplic\u0103rii. Nu necesit\u0103 utilizarea de clipsuri sau plasturi de fixare suplimentari. Lungimea bandajului poate fi ajustat\u0103 f\u0103r\u0103 a utiliza foarfece. Nu las\u0103 urme atunci c\u00e2nd este \u00eendep\u0103rtat. Bandajul elastic este potrivit pentru suprafe\u021be inegale datorit\u0103 propriet\u0103\u021bilor sale. Previne supra\u00eenc\u0103lzirea \u0219i permite pielii s\u0103 respire &#8211; este permeabil la vaporii de ap\u0103 \u0219i la aer. Ofer\u0103 confort \u0219i comoditate \u00een timpul utiliz\u0103rii.        <\/p>\n<p>\u00cen produc\u021bia de bandaje elastice, ne baz\u0103m pe tehnologii moderne \u0219i solu\u021bii inovatoare pentru a ne asigura c\u0103 calitatea produselor oferite este c\u00e2t mai ridicat\u0103 posibil.<\/p>\n<p>Bandajul este disponibil \u00een mai multe culori \u0219i dimensiuni.<\/p>\n<p>Bandajul este un excelent protector de bandaj &#8211; men\u021bine bandajul ferm \u00een pozi\u021bie f\u0103r\u0103 riscul de deplasare. Excelent pentru utilizare dup\u0103 leziuni. De asemenea, este folosit pentru a face bandaje pentru cot, \u00eencheietur\u0103, picior, genunchi. Bandajul elastic \u0219i-a g\u0103sit, de asemenea, utilizarea ca protec\u021bie suplimentar\u0103 sub protectori. Prin controlul for\u021bei de compresie, bandajul elastic poate fi utilizat ca bandaj de compresie pentru bolile venoase ale membrelor inferioare. Datorit\u0103 aplic\u0103rii sale rapide \u0219i u\u0219oare, bandajul nostru elastic poate fi utilizat \u0219i pentru fixarea dispozitivelor utilizate pentru tatuaje, machiaj permanent \u0219i alte dispozitive medicale.     <\/p>\n<p>Bandajul nostru este perfect pentru uz veterinar, deoarece nu se lipe\u0219te de p\u0103r.<br \/>\nAplica\u021bii:<br \/>\nSe utilizeaz\u0103 pentru a bandaja cotul, \u00eencheietura m\u00e2inii, genunchiul \u0219i piciorul.<br \/>\nProdusul este cel mai adesea utilizat ca strat sub tencuieli, \u00eenlocuind un burete u\u0219or, asigur\u00e2nd \u00een plus stabilizarea zonei.<br \/>\nSe utilizeaz\u0103 ca protec\u021bie suplimentar\u0103 sub tampoane.<br \/>\nDe asemenea, este util \u00een zonele de \u00eendoire frecvent\u0103, de exemplu articula\u021biile.<br \/>\nProdusul este utilizat \u00een bandajul sportiv. Ajut\u0103 la \u00eembun\u0103t\u0103\u021birea aderen\u021bei plasturilor de kinesiotaping &#8211; prin urmare, se recomand\u0103 utilizarea acestuia pentru a cre\u0219te durabilitatea \u0219i confortul benzilor.<br \/>\nBandajul este flexibil, ceea ce \u00eel face ideal pentru aplica\u021bii pe zone ale pielii predispuse la transpira\u021bie crescut\u0103 (de exemplu, palmele m\u00e2inilor sau t\u0103lpile picioarelor). Produsul asigur\u0103 c\u0103 nu exist\u0103 disconfort, ci doar confort cauzat de aplicarea sa.<br \/>\nPoate fi utilizat ca un bandaj de compresie \u0219i protec\u021bie pentru bolile venoase ale membrelor inferioare &#8211; prevenirea \u0219i tratarea leziunilor mu\u0219chilor, tendoanelor \u0219i ligamentelor.<br \/>\nDe asemenea, utilizat ca imobilizare par\u021bial\u0103 \u00een caz de entors\u0103, pentru fixarea diferitelor pansamente, atele \u0219i comprese reci \u0219i calde, \u00een caz de umflare a membrelor ca urmare a insuficien\u021bei circulatorii, pentru aplicarea pansamentelor.<br \/>\nAvantajele bandajului :<br \/>\nse aplic\u0103 rapid \u0219i u\u0219or<br \/>\nnu se &#8222;lipe\u0219te&#8221; de piele, haine sau pansamente<br \/>\nautoadezive<br \/>\nprevine supra\u00eenc\u0103lzirea \u0219i permite pielii s\u0103 respire<br \/>\nflexibil<br \/>\nbandajul este u\u0219or de \u00eendep\u0103rtat<br \/>\nnu las\u0103 urme dup\u0103 \u00eendep\u0103rtare<br \/>\npermeabil la vapori de ap\u0103 \u0219i aer<br \/>\ncoezive (autoadezive) \u0219i antiderapante<br \/>\nnu este nevoie de cleme sau plasturi<br \/>\nofer\u0103 confort \u0219i comoditate<br \/>\nmen\u021bine o tensiune constant\u0103 (nu se sl\u0103be\u0219te dup\u0103 aplicare)<br \/>\nconsecvent pe ambele p\u0103r\u021bi<br \/>\np\u0103r\u021bile dorite pot fi separate u\u0219or \u0219i liber prin ruperea lor<br \/>\npermite controlul rezisten\u021bei la compresie<br \/>\n\u00een multe culori \u0219i modele vesele \u0219i \u00een mai multe dimensiuni<\/p>\n","protected":false},"excerpt":{"rendered":"<p>Un bandaj este un bandaj elastic (men\u021bine o tensiune constant\u0103) cu o structur\u0103 coerent\u0103 (autoadeziv, se lipe\u0219te numai de sine). Bandajul nostru elastic este fabricat dintr-un material u\u0219or, respirabil \u0219i durabil, care nu afecteaz\u0103 pielea. Gradul dorit de compresie este ob\u021binut \u00een momentul aplic\u0103rii. Nu necesit\u0103 utilizarea de clipsuri sau plasturi de fixare suplimentari. Lungimea [&hellip;]<\/p>\n","protected":false},"featured_media":8326,"comment_status":"closed","ping_status":"open","template":"","meta":{"site-sidebar-layout":"default","site-content-layout":"","ast-site-content-layout":"default","site-content-style":"default","site-sidebar-style":"default","ast-global-header-display":"","ast-banner-title-visibility":"","ast-main-header-display":"","ast-hfb-above-header-display":"","ast-hfb-below-header-display":"","ast-hfb-mobile-header-display":"","site-post-title":"","ast-breadcrumbs-content":"","ast-featured-img":"","footer-sml-layout":"","ast-disable-related-posts":"","theme-transparent-header-meta":"","adv-header-id-meta":"","stick-header-meta":"","header-above-stick-meta":"","header-main-stick-meta":"","header-below-stick-meta":"","astra-migrate-meta-layouts":"default","ast-page-background-enabled":"default","ast-page-background-meta":{"desktop":{"background-color":"var(--ast-global-color-4)","background-image":"","background-repeat":"repeat","background-position":"center center","background-size":"auto","background-attachment":"scroll","background-type":"","background-media":"","overlay-type":"","overlay-color":"","overlay-opacity":"","overlay-gradient":""},"tablet":{"background-color":"","background-image":"","background-repeat":"repeat","background-position":"center center","background-size":"auto","background-attachment":"scroll","background-type":"","background-media":"","overlay-type":"","overlay-color":"","overlay-opacity":"","overlay-gradient":""},"mobile":{"background-color":"","background-image":"","background-repeat":"repeat","background-position":"center center","background-size":"auto","background-attachment":"scroll","background-type":"","background-media":"","overlay-type":"","overlay-color":"","overlay-opacity":"","overlay-gradient":""}},"ast-content-background-meta":{"desktop":{"background-color":"var(--ast-global-color-5)","background-image":"","background-repeat":"repeat","background-position":"center center","background-size":"auto","background-attachment":"scroll","background-type":"","background-media":"","overlay-type":"","overlay-color":"","overlay-opacity":"","overlay-gradient":""},"tablet":{"background-color":"var(--ast-global-color-5)","background-image":"","background-repeat":"repeat","background-position":"center center","background-size":"auto","background-attachment":"scroll","background-type":"","background-media":"","overlay-type":"","overlay-color":"","overlay-opacity":"","overlay-gradient":""},"mobile":{"background-color":"var(--ast-global-color-5)","background-image":"","background-repeat":"repeat","background-position":"center center","background-size":"auto","background-attachment":"scroll","background-type":"","background-media":"","overlay-type":"","overlay-color":"","overlay-opacity":"","overlay-gradient":""}}},"product_brand":[],"product_cat":[25],"product_tag":[],"class_list":{"0":"post-9645","1":"product","2":"type-product","3":"status-publish","4":"has-post-thumbnail","6":"product_cat-med-tattoo","7":"desktop-align-left","8":"tablet-align-left","9":"mobile-align-left","10":"ast-product-gallery-layout-horizontal-slider","11":"ast-product-gallery-with-no-image","12":"ast-product-tabs-layout-distributed","14":"first","15":"outofstock","16":"purchasable","17":"product-type-simple"},"yoast_head":"<!-- This site is optimized with the Yoast SEO plugin v27.3 - https:\/\/yoast.com\/product\/yoast-seo-wordpress\/ -->\n<title>Band\u0103 adeziv\u0103 2,5 cm * 4,5 m 1 buc turcoaz elastic, autoadeziv - MED.TATTOO<\/title>\n<meta name=\"robots\" content=\"index, follow, max-snippet:-1, max-image-preview:large, max-video-preview:-1\" \/>\n<link rel=\"canonical\" href=\"https:\/\/med.tattoo\/ro\/produs\/banda-adeziva-25-cm-45-m-1-buc-turcoaz-elastic-autoadeziv\/\" \/>\n<meta property=\"og:locale\" content=\"ro_RO\" \/>\n<meta property=\"og:type\" content=\"article\" \/>\n<meta property=\"og:title\" content=\"Band\u0103 adeziv\u0103 2,5 cm * 4,5 m 1 buc turcoaz elastic, autoadeziv - MED.TATTOO\" \/>\n<meta property=\"og:description\" content=\"Un bandaj este un bandaj elastic (men\u021bine o tensiune constant\u0103) cu o structur\u0103 coerent\u0103 (autoadeziv, se lipe\u0219te numai de sine). Bandajul nostru elastic este fabricat dintr-un material u\u0219or, respirabil \u0219i durabil, care nu afecteaz\u0103 pielea. Gradul dorit de compresie este ob\u021binut \u00een momentul aplic\u0103rii. Nu necesit\u0103 utilizarea de clipsuri sau plasturi de fixare suplimentari. Lungimea [&hellip;]\" \/>\n<meta property=\"og:url\" content=\"https:\/\/med.tattoo\/ro\/produs\/banda-adeziva-25-cm-45-m-1-buc-turcoaz-elastic-autoadeziv\/\" \/>\n<meta property=\"og:site_name\" content=\"MED.TATTOO\" \/>\n<meta property=\"article:publisher\" content=\"https:\/\/www.facebook.com\/profile.php?id=100084366705613\" \/>\n<meta name=\"twitter:card\" content=\"summary_large_image\" \/>\n<meta name=\"twitter:label1\" content=\"Timp estimat pentru citire\" \/>\n\t<meta name=\"twitter:data1\" content=\"3 minute\" \/>\n<script type=\"application\/ld+json\" class=\"yoast-schema-graph\">{\"@context\":\"https:\\\/\\\/schema.org\",\"@graph\":[{\"@type\":\"WebPage\",\"@id\":\"https:\\\/\\\/med.tattoo\\\/ro\\\/produs\\\/banda-adeziva-25-cm-45-m-1-buc-turcoaz-elastic-autoadeziv\\\/\",\"url\":\"https:\\\/\\\/med.tattoo\\\/ro\\\/produs\\\/banda-adeziva-25-cm-45-m-1-buc-turcoaz-elastic-autoadeziv\\\/\",\"name\":\"Band\u0103 adeziv\u0103 2,5 cm * 4,5 m 1 buc turcoaz elastic, autoadeziv - MED.TATTOO\",\"isPartOf\":{\"@id\":\"https:\\\/\\\/med.tattoo\\\/ro\\\/#website\"},\"primaryImageOfPage\":{\"@id\":\"https:\\\/\\\/med.tattoo\\\/ro\\\/produs\\\/banda-adeziva-25-cm-45-m-1-buc-turcoaz-elastic-autoadeziv\\\/#primaryimage\"},\"image\":{\"@id\":\"https:\\\/\\\/med.tattoo\\\/ro\\\/produs\\\/banda-adeziva-25-cm-45-m-1-buc-turcoaz-elastic-autoadeziv\\\/#primaryimage\"},\"thumbnailUrl\":\"https:\\\/\\\/med.tattoo\\\/wp-content\\\/uploads\\\/2025\\\/05\\\/2246_opaska-kohezyjna-2-5cm-4-5m-1szt-turkusowa-elastyc_1744006712.jpg\",\"datePublished\":\"2025-05-15T05:36:31+00:00\",\"breadcrumb\":{\"@id\":\"https:\\\/\\\/med.tattoo\\\/ro\\\/produs\\\/banda-adeziva-25-cm-45-m-1-buc-turcoaz-elastic-autoadeziv\\\/#breadcrumb\"},\"inLanguage\":\"ro-RO\",\"potentialAction\":[{\"@type\":\"ReadAction\",\"target\":[\"https:\\\/\\\/med.tattoo\\\/ro\\\/produs\\\/banda-adeziva-25-cm-45-m-1-buc-turcoaz-elastic-autoadeziv\\\/\"]}]},{\"@type\":\"ImageObject\",\"inLanguage\":\"ro-RO\",\"@id\":\"https:\\\/\\\/med.tattoo\\\/ro\\\/produs\\\/banda-adeziva-25-cm-45-m-1-buc-turcoaz-elastic-autoadeziv\\\/#primaryimage\",\"url\":\"https:\\\/\\\/med.tattoo\\\/wp-content\\\/uploads\\\/2025\\\/05\\\/2246_opaska-kohezyjna-2-5cm-4-5m-1szt-turkusowa-elastyc_1744006712.jpg\",\"contentUrl\":\"https:\\\/\\\/med.tattoo\\\/wp-content\\\/uploads\\\/2025\\\/05\\\/2246_opaska-kohezyjna-2-5cm-4-5m-1szt-turkusowa-elastyc_1744006712.jpg\",\"width\":832,\"height\":633},{\"@type\":\"BreadcrumbList\",\"@id\":\"https:\\\/\\\/med.tattoo\\\/ro\\\/produs\\\/banda-adeziva-25-cm-45-m-1-buc-turcoaz-elastic-autoadeziv\\\/#breadcrumb\",\"itemListElement\":[{\"@type\":\"ListItem\",\"position\":1,\"name\":\"Strona G\u0142\u00f3wna\",\"item\":\"https:\\\/\\\/med.tattoo\\\/ro\\\/\"},{\"@type\":\"ListItem\",\"position\":2,\"name\":\"Magazin\",\"item\":\"https:\\\/\\\/med.tattoo\\\/ro\\\/shop\\\/\"},{\"@type\":\"ListItem\",\"position\":3,\"name\":\"Band\u0103 adeziv\u0103 2,5 cm * 4,5 m 1 buc turcoaz elastic, autoadeziv\"}]},{\"@type\":\"WebSite\",\"@id\":\"https:\\\/\\\/med.tattoo\\\/ro\\\/#website\",\"url\":\"https:\\\/\\\/med.tattoo\\\/ro\\\/\",\"name\":\"MED.TATTOO\",\"description\":\"Wszystko dla Twojego tatua\u017cu\",\"publisher\":{\"@id\":\"https:\\\/\\\/med.tattoo\\\/ro\\\/#organization\"},\"potentialAction\":[{\"@type\":\"SearchAction\",\"target\":{\"@type\":\"EntryPoint\",\"urlTemplate\":\"https:\\\/\\\/med.tattoo\\\/ro\\\/?s={search_term_string}\"},\"query-input\":{\"@type\":\"PropertyValueSpecification\",\"valueRequired\":true,\"valueName\":\"search_term_string\"}}],\"inLanguage\":\"ro-RO\"},{\"@type\":\"Organization\",\"@id\":\"https:\\\/\\\/med.tattoo\\\/ro\\\/#organization\",\"name\":\"MED.TATTOO\",\"url\":\"https:\\\/\\\/med.tattoo\\\/ro\\\/\",\"logo\":{\"@type\":\"ImageObject\",\"inLanguage\":\"ro-RO\",\"@id\":\"https:\\\/\\\/med.tattoo\\\/ro\\\/#\\\/schema\\\/logo\\\/image\\\/\",\"url\":\"https:\\\/\\\/med.tattoo\\\/wp-content\\\/uploads\\\/2025\\\/05\\\/Bez-tytulu-600S300-px-1-e1658908183800.png\",\"contentUrl\":\"https:\\\/\\\/med.tattoo\\\/wp-content\\\/uploads\\\/2025\\\/05\\\/Bez-tytulu-600S300-px-1-e1658908183800.png\",\"width\":600,\"height\":61,\"caption\":\"MED.TATTOO\"},\"image\":{\"@id\":\"https:\\\/\\\/med.tattoo\\\/ro\\\/#\\\/schema\\\/logo\\\/image\\\/\"},\"sameAs\":[\"https:\\\/\\\/www.facebook.com\\\/profile.php?id=100084366705613\",\"https:\\\/\\\/www.instagram.com\\\/med.tattoo_official\\\/\"]}]}<\/script>\n<!-- \/ Yoast SEO plugin. -->","yoast_head_json":{"title":"Band\u0103 adeziv\u0103 2,5 cm * 4,5 m 1 buc turcoaz elastic, autoadeziv - MED.TATTOO","robots":{"index":"index","follow":"follow","max-snippet":"max-snippet:-1","max-image-preview":"max-image-preview:large","max-video-preview":"max-video-preview:-1"},"canonical":"https:\/\/med.tattoo\/ro\/produs\/banda-adeziva-25-cm-45-m-1-buc-turcoaz-elastic-autoadeziv\/","og_locale":"ro_RO","og_type":"article","og_title":"Band\u0103 adeziv\u0103 2,5 cm * 4,5 m 1 buc turcoaz elastic, autoadeziv - MED.TATTOO","og_description":"Un bandaj este un bandaj elastic (men\u021bine o tensiune constant\u0103) cu o structur\u0103 coerent\u0103 (autoadeziv, se lipe\u0219te numai de sine). Bandajul nostru elastic este fabricat dintr-un material u\u0219or, respirabil \u0219i durabil, care nu afecteaz\u0103 pielea. Gradul dorit de compresie este ob\u021binut \u00een momentul aplic\u0103rii. Nu necesit\u0103 utilizarea de clipsuri sau plasturi de fixare suplimentari. Lungimea [&hellip;]","og_url":"https:\/\/med.tattoo\/ro\/produs\/banda-adeziva-25-cm-45-m-1-buc-turcoaz-elastic-autoadeziv\/","og_site_name":"MED.TATTOO","article_publisher":"https:\/\/www.facebook.com\/profile.php?id=100084366705613","twitter_card":"summary_large_image","twitter_misc":{"Timp estimat pentru citire":"3 minute"},"schema":{"@context":"https:\/\/schema.org","@graph":[{"@type":"WebPage","@id":"https:\/\/med.tattoo\/ro\/produs\/banda-adeziva-25-cm-45-m-1-buc-turcoaz-elastic-autoadeziv\/","url":"https:\/\/med.tattoo\/ro\/produs\/banda-adeziva-25-cm-45-m-1-buc-turcoaz-elastic-autoadeziv\/","name":"Band\u0103 adeziv\u0103 2,5 cm * 4,5 m 1 buc turcoaz elastic, autoadeziv - MED.TATTOO","isPartOf":{"@id":"https:\/\/med.tattoo\/ro\/#website"},"primaryImageOfPage":{"@id":"https:\/\/med.tattoo\/ro\/produs\/banda-adeziva-25-cm-45-m-1-buc-turcoaz-elastic-autoadeziv\/#primaryimage"},"image":{"@id":"https:\/\/med.tattoo\/ro\/produs\/banda-adeziva-25-cm-45-m-1-buc-turcoaz-elastic-autoadeziv\/#primaryimage"},"thumbnailUrl":"https:\/\/med.tattoo\/wp-content\/uploads\/2025\/05\/2246_opaska-kohezyjna-2-5cm-4-5m-1szt-turkusowa-elastyc_1744006712.jpg","datePublished":"2025-05-15T05:36:31+00:00","breadcrumb":{"@id":"https:\/\/med.tattoo\/ro\/produs\/banda-adeziva-25-cm-45-m-1-buc-turcoaz-elastic-autoadeziv\/#breadcrumb"},"inLanguage":"ro-RO","potentialAction":[{"@type":"ReadAction","target":["https:\/\/med.tattoo\/ro\/produs\/banda-adeziva-25-cm-45-m-1-buc-turcoaz-elastic-autoadeziv\/"]}]},{"@type":"ImageObject","inLanguage":"ro-RO","@id":"https:\/\/med.tattoo\/ro\/produs\/banda-adeziva-25-cm-45-m-1-buc-turcoaz-elastic-autoadeziv\/#primaryimage","url":"https:\/\/med.tattoo\/wp-content\/uploads\/2025\/05\/2246_opaska-kohezyjna-2-5cm-4-5m-1szt-turkusowa-elastyc_1744006712.jpg","contentUrl":"https:\/\/med.tattoo\/wp-content\/uploads\/2025\/05\/2246_opaska-kohezyjna-2-5cm-4-5m-1szt-turkusowa-elastyc_1744006712.jpg","width":832,"height":633},{"@type":"BreadcrumbList","@id":"https:\/\/med.tattoo\/ro\/produs\/banda-adeziva-25-cm-45-m-1-buc-turcoaz-elastic-autoadeziv\/#breadcrumb","itemListElement":[{"@type":"ListItem","position":1,"name":"Strona G\u0142\u00f3wna","item":"https:\/\/med.tattoo\/ro\/"},{"@type":"ListItem","position":2,"name":"Magazin","item":"https:\/\/med.tattoo\/ro\/shop\/"},{"@type":"ListItem","position":3,"name":"Band\u0103 adeziv\u0103 2,5 cm * 4,5 m 1 buc turcoaz elastic, autoadeziv"}]},{"@type":"WebSite","@id":"https:\/\/med.tattoo\/ro\/#website","url":"https:\/\/med.tattoo\/ro\/","name":"MED.TATTOO","description":"Wszystko dla Twojego tatua\u017cu","publisher":{"@id":"https:\/\/med.tattoo\/ro\/#organization"},"potentialAction":[{"@type":"SearchAction","target":{"@type":"EntryPoint","urlTemplate":"https:\/\/med.tattoo\/ro\/?s={search_term_string}"},"query-input":{"@type":"PropertyValueSpecification","valueRequired":true,"valueName":"search_term_string"}}],"inLanguage":"ro-RO"},{"@type":"Organization","@id":"https:\/\/med.tattoo\/ro\/#organization","name":"MED.TATTOO","url":"https:\/\/med.tattoo\/ro\/","logo":{"@type":"ImageObject","inLanguage":"ro-RO","@id":"https:\/\/med.tattoo\/ro\/#\/schema\/logo\/image\/","url":"https:\/\/med.tattoo\/wp-content\/uploads\/2025\/05\/Bez-tytulu-600S300-px-1-e1658908183800.png","contentUrl":"https:\/\/med.tattoo\/wp-content\/uploads\/2025\/05\/Bez-tytulu-600S300-px-1-e1658908183800.png","width":600,"height":61,"caption":"MED.TATTOO"},"image":{"@id":"https:\/\/med.tattoo\/ro\/#\/schema\/logo\/image\/"},"sameAs":["https:\/\/www.facebook.com\/profile.php?id=100084366705613","https:\/\/www.instagram.com\/med.tattoo_official\/"]}]}},"_links":{"self":[{"href":"https:\/\/med.tattoo\/ro\/wp-json\/wp\/v2\/product\/9645","targetHints":{"allow":["GET"]}}],"collection":[{"href":"https:\/\/med.tattoo\/ro\/wp-json\/wp\/v2\/product"}],"about":[{"href":"https:\/\/med.tattoo\/ro\/wp-json\/wp\/v2\/types\/product"}],"replies":[{"embeddable":true,"href":"https:\/\/med.tattoo\/ro\/wp-json\/wp\/v2\/comments?post=9645"}],"wp:featuredmedia":[{"embeddable":true,"href":"https:\/\/med.tattoo\/ro\/wp-json\/wp\/v2\/media\/8326"}],"wp:attachment":[{"href":"https:\/\/med.tattoo\/ro\/wp-json\/wp\/v2\/media?parent=9645"}],"wp:term":[{"taxonomy":"product_brand","embeddable":true,"href":"https:\/\/med.tattoo\/ro\/wp-json\/wp\/v2\/product_brand?post=9645"},{"taxonomy":"product_cat","embeddable":true,"href":"https:\/\/med.tattoo\/ro\/wp-json\/wp\/v2\/product_cat?post=9645"},{"taxonomy":"product_tag","embeddable":true,"href":"https:\/\/med.tattoo\/ro\/wp-json\/wp\/v2\/product_tag?post=9645"}],"curies":[{"name":"wp","href":"https:\/\/api.w.org\/{rel}","templated":true}]}}