{"id":9856,"date":"2025-05-15T07:31:03","date_gmt":"2025-05-15T05:31:03","guid":{"rendered":"https:\/\/med.tattoo\/produkt\/sterillhand-1l-dezinfectant-pentru-maini-cu-pompa-echivalent-cu-ahd-velodes-skinman\/"},"modified":"2025-05-15T07:31:03","modified_gmt":"2025-05-15T05:31:03","slug":"sterillhand-1l-dezinfectant-pentru-maini-cu-pompa-echivalent-cu-ahd-velodes-skinman","status":"publish","type":"product","link":"https:\/\/med.tattoo\/ro\/produs\/sterillhand-1l-dezinfectant-pentru-maini-cu-pompa-echivalent-cu-ahd-velodes-skinman\/","title":{"rendered":"Sterillhand 1L dezinfectant pentru m\u00e2ini cu pomp\u0103 (echivalent cu AHD, Velodes, Skinman)"},"content":{"rendered":"<p>Un preparat pentru dezinfec\u021bia chirurgical\u0103 \u0219i igienic\u0103 a m\u00e2inilor. Sterihand este un dezinfectant pentru m\u00e2ini pe baz\u0103 de alcool, potrivit pentru utilizarea \u00een unit\u0103\u021bi sanitare, dar \u0219i \u00een locuri precum \u0219coli, cinematografe, locuri de munc\u0103 mari, cluburi \u0219i s\u0103li de sport, unde trebuie men\u021binute standardele de igien\u0103. <\/p>\n<p>Dezinfec\u021bia igienic\u0103 a m\u00e2inilor: Freca\u021bi 3 ml de dezinfectant pentru m\u00e2ini \u0219i piele Sterillhand pe pielea m\u00e2inilor timp de 30 de secunde.<\/p>\n<p>Dezinfec\u021bia chirurgical\u0103 a m\u00e2inilor: Freca\u021bi 5 ml de dezinfectant pentru m\u00e2ini \u0219i piele Sterillhand pe pielea m\u00e2inilor timp de 2,5 minute. Se repet\u0103 procesul. <\/p>\n<p>Distinc\u021bii<\/p>\n<p>dezinfec\u021bia m\u00e2inilor<\/p>\n<p>preparat gata de utilizare, nu usuc\u0103 pielea,<\/p>\n<p>preparat pe baz\u0103 de alcooli cu o compozi\u021bie de substan\u021be hidratante pentru piele,<\/p>\n<p>nu usuc\u0103 m\u00e2inile &#8211; testat dermatologic &#8211; nu provoac\u0103 alergii,<\/p>\n<p>Dezinfectantul pentru m\u00e2ini \u0219i piele Sterillhand este eficient \u00eempotriva: bacteriilor (MRSA), ciupercilor, micobacteriilor (Tbc), viru\u0219ilor: \u00eenveli\u021bi, adeno, polio, rota, HIV, HBV, HCV.<\/p>\n<p>Certificat de \u00eenregistrare nr. MZ 2554\/05, produs biocid. nr. cat. STERILHAND0-5p flacon 5 l  <\/p>\n<p>Compozi\u021bie chimic\u0103<\/p>\n<p>Alcool etilic 72% Alcool izopropilic 3% Alcool benzilic 1% Substan\u021be uleioase.<\/p>\n","protected":false},"excerpt":{"rendered":"<p>Un preparat pentru dezinfec\u021bia chirurgical\u0103 \u0219i igienic\u0103 a m\u00e2inilor. Sterihand este un dezinfectant pentru m\u00e2ini pe baz\u0103 de alcool, potrivit pentru utilizarea \u00een unit\u0103\u021bi sanitare, dar \u0219i \u00een locuri precum \u0219coli, cinematografe, locuri de munc\u0103 mari, cluburi \u0219i s\u0103li de sport, unde trebuie men\u021binute standardele de igien\u0103. Dezinfec\u021bia igienic\u0103 a m\u00e2inilor: Freca\u021bi 3 ml de [&hellip;]<\/p>\n","protected":false},"featured_media":8119,"comment_status":"closed","ping_status":"open","template":"","meta":{"site-sidebar-layout":"default","site-content-layout":"","ast-site-content-layout":"default","site-content-style":"default","site-sidebar-style":"default","ast-global-header-display":"","ast-banner-title-visibility":"","ast-main-header-display":"","ast-hfb-above-header-display":"","ast-hfb-below-header-display":"","ast-hfb-mobile-header-display":"","site-post-title":"","ast-breadcrumbs-content":"","ast-featured-img":"","footer-sml-layout":"","ast-disable-related-posts":"","theme-transparent-header-meta":"","adv-header-id-meta":"","stick-header-meta":"","header-above-stick-meta":"","header-main-stick-meta":"","header-below-stick-meta":"","astra-migrate-meta-layouts":"default","ast-page-background-enabled":"default","ast-page-background-meta":{"desktop":{"background-color":"var(--ast-global-color-4)","background-image":"","background-repeat":"repeat","background-position":"center center","background-size":"auto","background-attachment":"scroll","background-type":"","background-media":"","overlay-type":"","overlay-color":"","overlay-opacity":"","overlay-gradient":""},"tablet":{"background-color":"","background-image":"","background-repeat":"repeat","background-position":"center center","background-size":"auto","background-attachment":"scroll","background-type":"","background-media":"","overlay-type":"","overlay-color":"","overlay-opacity":"","overlay-gradient":""},"mobile":{"background-color":"","background-image":"","background-repeat":"repeat","background-position":"center center","background-size":"auto","background-attachment":"scroll","background-type":"","background-media":"","overlay-type":"","overlay-color":"","overlay-opacity":"","overlay-gradient":""}},"ast-content-background-meta":{"desktop":{"background-color":"var(--ast-global-color-5)","background-image":"","background-repeat":"repeat","background-position":"center center","background-size":"auto","background-attachment":"scroll","background-type":"","background-media":"","overlay-type":"","overlay-color":"","overlay-opacity":"","overlay-gradient":""},"tablet":{"background-color":"var(--ast-global-color-5)","background-image":"","background-repeat":"repeat","background-position":"center center","background-size":"auto","background-attachment":"scroll","background-type":"","background-media":"","overlay-type":"","overlay-color":"","overlay-opacity":"","overlay-gradient":""},"mobile":{"background-color":"var(--ast-global-color-5)","background-image":"","background-repeat":"repeat","background-position":"center center","background-size":"auto","background-attachment":"scroll","background-type":"","background-media":"","overlay-type":"","overlay-color":"","overlay-opacity":"","overlay-gradient":""}}},"product_brand":[],"product_cat":[25],"product_tag":[],"class_list":{"0":"post-9856","1":"product","2":"type-product","3":"status-publish","4":"has-post-thumbnail","6":"product_cat-med-tattoo","7":"desktop-align-left","8":"tablet-align-left","9":"mobile-align-left","10":"ast-product-gallery-layout-horizontal-slider","11":"ast-product-gallery-with-no-image","12":"ast-product-tabs-layout-distributed","14":"first","15":"instock","16":"purchasable","17":"product-type-simple"},"yoast_head":"<!-- This site is optimized with the Yoast SEO plugin v27.3 - https:\/\/yoast.com\/product\/yoast-seo-wordpress\/ -->\n<title>Sterillhand 1L dezinfectant pentru m\u00e2ini cu pomp\u0103 (echivalent cu AHD, Velodes, Skinman) - MED.TATTOO<\/title>\n<meta name=\"robots\" content=\"index, follow, max-snippet:-1, max-image-preview:large, max-video-preview:-1\" \/>\n<link rel=\"canonical\" href=\"https:\/\/med.tattoo\/ro\/produs\/sterillhand-1l-dezinfectant-pentru-maini-cu-pompa-echivalent-cu-ahd-velodes-skinman\/\" \/>\n<meta property=\"og:locale\" content=\"ro_RO\" \/>\n<meta property=\"og:type\" content=\"article\" \/>\n<meta property=\"og:title\" content=\"Sterillhand 1L dezinfectant pentru m\u00e2ini cu pomp\u0103 (echivalent cu AHD, Velodes, Skinman) - MED.TATTOO\" \/>\n<meta property=\"og:description\" content=\"Un preparat pentru dezinfec\u021bia chirurgical\u0103 \u0219i igienic\u0103 a m\u00e2inilor. Sterihand este un dezinfectant pentru m\u00e2ini pe baz\u0103 de alcool, potrivit pentru utilizarea \u00een unit\u0103\u021bi sanitare, dar \u0219i \u00een locuri precum \u0219coli, cinematografe, locuri de munc\u0103 mari, cluburi \u0219i s\u0103li de sport, unde trebuie men\u021binute standardele de igien\u0103. Dezinfec\u021bia igienic\u0103 a m\u00e2inilor: Freca\u021bi 3 ml de [&hellip;]\" \/>\n<meta property=\"og:url\" content=\"https:\/\/med.tattoo\/ro\/produs\/sterillhand-1l-dezinfectant-pentru-maini-cu-pompa-echivalent-cu-ahd-velodes-skinman\/\" \/>\n<meta property=\"og:site_name\" content=\"MED.TATTOO\" \/>\n<meta property=\"article:publisher\" content=\"https:\/\/www.facebook.com\/profile.php?id=100084366705613\" \/>\n<meta name=\"twitter:card\" content=\"summary_large_image\" \/>\n<meta name=\"twitter:label1\" content=\"Timp estimat pentru citire\" \/>\n\t<meta name=\"twitter:data1\" content=\"1 minut\" \/>\n<script type=\"application\/ld+json\" class=\"yoast-schema-graph\">{\"@context\":\"https:\\\/\\\/schema.org\",\"@graph\":[{\"@type\":\"WebPage\",\"@id\":\"https:\\\/\\\/med.tattoo\\\/ro\\\/produs\\\/sterillhand-1l-dezinfectant-pentru-maini-cu-pompa-echivalent-cu-ahd-velodes-skinman\\\/\",\"url\":\"https:\\\/\\\/med.tattoo\\\/ro\\\/produs\\\/sterillhand-1l-dezinfectant-pentru-maini-cu-pompa-echivalent-cu-ahd-velodes-skinman\\\/\",\"name\":\"Sterillhand 1L dezinfectant pentru m\u00e2ini cu pomp\u0103 (echivalent cu AHD, Velodes, Skinman) - MED.TATTOO\",\"isPartOf\":{\"@id\":\"https:\\\/\\\/med.tattoo\\\/ro\\\/#website\"},\"primaryImageOfPage\":{\"@id\":\"https:\\\/\\\/med.tattoo\\\/ro\\\/produs\\\/sterillhand-1l-dezinfectant-pentru-maini-cu-pompa-echivalent-cu-ahd-velodes-skinman\\\/#primaryimage\"},\"image\":{\"@id\":\"https:\\\/\\\/med.tattoo\\\/ro\\\/produs\\\/sterillhand-1l-dezinfectant-pentru-maini-cu-pompa-echivalent-cu-ahd-velodes-skinman\\\/#primaryimage\"},\"thumbnailUrl\":\"https:\\\/\\\/med.tattoo\\\/wp-content\\\/uploads\\\/2025\\\/05\\\/356_sterillhand-1l-z-pompka-plyn-do-dezynfekcji-rak_1744007032.jpg\",\"datePublished\":\"2025-05-15T05:31:03+00:00\",\"breadcrumb\":{\"@id\":\"https:\\\/\\\/med.tattoo\\\/ro\\\/produs\\\/sterillhand-1l-dezinfectant-pentru-maini-cu-pompa-echivalent-cu-ahd-velodes-skinman\\\/#breadcrumb\"},\"inLanguage\":\"ro-RO\",\"potentialAction\":[{\"@type\":\"ReadAction\",\"target\":[\"https:\\\/\\\/med.tattoo\\\/ro\\\/produs\\\/sterillhand-1l-dezinfectant-pentru-maini-cu-pompa-echivalent-cu-ahd-velodes-skinman\\\/\"]}]},{\"@type\":\"ImageObject\",\"inLanguage\":\"ro-RO\",\"@id\":\"https:\\\/\\\/med.tattoo\\\/ro\\\/produs\\\/sterillhand-1l-dezinfectant-pentru-maini-cu-pompa-echivalent-cu-ahd-velodes-skinman\\\/#primaryimage\",\"url\":\"https:\\\/\\\/med.tattoo\\\/wp-content\\\/uploads\\\/2025\\\/05\\\/356_sterillhand-1l-z-pompka-plyn-do-dezynfekcji-rak_1744007032.jpg\",\"contentUrl\":\"https:\\\/\\\/med.tattoo\\\/wp-content\\\/uploads\\\/2025\\\/05\\\/356_sterillhand-1l-z-pompka-plyn-do-dezynfekcji-rak_1744007032.jpg\",\"width\":375,\"height\":800},{\"@type\":\"BreadcrumbList\",\"@id\":\"https:\\\/\\\/med.tattoo\\\/ro\\\/produs\\\/sterillhand-1l-dezinfectant-pentru-maini-cu-pompa-echivalent-cu-ahd-velodes-skinman\\\/#breadcrumb\",\"itemListElement\":[{\"@type\":\"ListItem\",\"position\":1,\"name\":\"Strona G\u0142\u00f3wna\",\"item\":\"https:\\\/\\\/med.tattoo\\\/ro\\\/\"},{\"@type\":\"ListItem\",\"position\":2,\"name\":\"Magazin\",\"item\":\"https:\\\/\\\/med.tattoo\\\/ro\\\/shop\\\/\"},{\"@type\":\"ListItem\",\"position\":3,\"name\":\"Sterillhand 1L dezinfectant pentru m\u00e2ini cu pomp\u0103 (echivalent cu AHD, Velodes, Skinman)\"}]},{\"@type\":\"WebSite\",\"@id\":\"https:\\\/\\\/med.tattoo\\\/ro\\\/#website\",\"url\":\"https:\\\/\\\/med.tattoo\\\/ro\\\/\",\"name\":\"MED.TATTOO\",\"description\":\"Wszystko dla Twojego tatua\u017cu\",\"publisher\":{\"@id\":\"https:\\\/\\\/med.tattoo\\\/ro\\\/#organization\"},\"potentialAction\":[{\"@type\":\"SearchAction\",\"target\":{\"@type\":\"EntryPoint\",\"urlTemplate\":\"https:\\\/\\\/med.tattoo\\\/ro\\\/?s={search_term_string}\"},\"query-input\":{\"@type\":\"PropertyValueSpecification\",\"valueRequired\":true,\"valueName\":\"search_term_string\"}}],\"inLanguage\":\"ro-RO\"},{\"@type\":\"Organization\",\"@id\":\"https:\\\/\\\/med.tattoo\\\/ro\\\/#organization\",\"name\":\"MED.TATTOO\",\"url\":\"https:\\\/\\\/med.tattoo\\\/ro\\\/\",\"logo\":{\"@type\":\"ImageObject\",\"inLanguage\":\"ro-RO\",\"@id\":\"https:\\\/\\\/med.tattoo\\\/ro\\\/#\\\/schema\\\/logo\\\/image\\\/\",\"url\":\"https:\\\/\\\/med.tattoo\\\/wp-content\\\/uploads\\\/2025\\\/05\\\/Bez-tytulu-600S300-px-1-e1658908183800.png\",\"contentUrl\":\"https:\\\/\\\/med.tattoo\\\/wp-content\\\/uploads\\\/2025\\\/05\\\/Bez-tytulu-600S300-px-1-e1658908183800.png\",\"width\":600,\"height\":61,\"caption\":\"MED.TATTOO\"},\"image\":{\"@id\":\"https:\\\/\\\/med.tattoo\\\/ro\\\/#\\\/schema\\\/logo\\\/image\\\/\"},\"sameAs\":[\"https:\\\/\\\/www.facebook.com\\\/profile.php?id=100084366705613\",\"https:\\\/\\\/www.instagram.com\\\/med.tattoo_official\\\/\"]}]}<\/script>\n<!-- \/ Yoast SEO plugin. -->","yoast_head_json":{"title":"Sterillhand 1L dezinfectant pentru m\u00e2ini cu pomp\u0103 (echivalent cu AHD, Velodes, Skinman) - MED.TATTOO","robots":{"index":"index","follow":"follow","max-snippet":"max-snippet:-1","max-image-preview":"max-image-preview:large","max-video-preview":"max-video-preview:-1"},"canonical":"https:\/\/med.tattoo\/ro\/produs\/sterillhand-1l-dezinfectant-pentru-maini-cu-pompa-echivalent-cu-ahd-velodes-skinman\/","og_locale":"ro_RO","og_type":"article","og_title":"Sterillhand 1L dezinfectant pentru m\u00e2ini cu pomp\u0103 (echivalent cu AHD, Velodes, Skinman) - MED.TATTOO","og_description":"Un preparat pentru dezinfec\u021bia chirurgical\u0103 \u0219i igienic\u0103 a m\u00e2inilor. Sterihand este un dezinfectant pentru m\u00e2ini pe baz\u0103 de alcool, potrivit pentru utilizarea \u00een unit\u0103\u021bi sanitare, dar \u0219i \u00een locuri precum \u0219coli, cinematografe, locuri de munc\u0103 mari, cluburi \u0219i s\u0103li de sport, unde trebuie men\u021binute standardele de igien\u0103. Dezinfec\u021bia igienic\u0103 a m\u00e2inilor: Freca\u021bi 3 ml de [&hellip;]","og_url":"https:\/\/med.tattoo\/ro\/produs\/sterillhand-1l-dezinfectant-pentru-maini-cu-pompa-echivalent-cu-ahd-velodes-skinman\/","og_site_name":"MED.TATTOO","article_publisher":"https:\/\/www.facebook.com\/profile.php?id=100084366705613","twitter_card":"summary_large_image","twitter_misc":{"Timp estimat pentru citire":"1 minut"},"schema":{"@context":"https:\/\/schema.org","@graph":[{"@type":"WebPage","@id":"https:\/\/med.tattoo\/ro\/produs\/sterillhand-1l-dezinfectant-pentru-maini-cu-pompa-echivalent-cu-ahd-velodes-skinman\/","url":"https:\/\/med.tattoo\/ro\/produs\/sterillhand-1l-dezinfectant-pentru-maini-cu-pompa-echivalent-cu-ahd-velodes-skinman\/","name":"Sterillhand 1L dezinfectant pentru m\u00e2ini cu pomp\u0103 (echivalent cu AHD, Velodes, Skinman) - MED.TATTOO","isPartOf":{"@id":"https:\/\/med.tattoo\/ro\/#website"},"primaryImageOfPage":{"@id":"https:\/\/med.tattoo\/ro\/produs\/sterillhand-1l-dezinfectant-pentru-maini-cu-pompa-echivalent-cu-ahd-velodes-skinman\/#primaryimage"},"image":{"@id":"https:\/\/med.tattoo\/ro\/produs\/sterillhand-1l-dezinfectant-pentru-maini-cu-pompa-echivalent-cu-ahd-velodes-skinman\/#primaryimage"},"thumbnailUrl":"https:\/\/med.tattoo\/wp-content\/uploads\/2025\/05\/356_sterillhand-1l-z-pompka-plyn-do-dezynfekcji-rak_1744007032.jpg","datePublished":"2025-05-15T05:31:03+00:00","breadcrumb":{"@id":"https:\/\/med.tattoo\/ro\/produs\/sterillhand-1l-dezinfectant-pentru-maini-cu-pompa-echivalent-cu-ahd-velodes-skinman\/#breadcrumb"},"inLanguage":"ro-RO","potentialAction":[{"@type":"ReadAction","target":["https:\/\/med.tattoo\/ro\/produs\/sterillhand-1l-dezinfectant-pentru-maini-cu-pompa-echivalent-cu-ahd-velodes-skinman\/"]}]},{"@type":"ImageObject","inLanguage":"ro-RO","@id":"https:\/\/med.tattoo\/ro\/produs\/sterillhand-1l-dezinfectant-pentru-maini-cu-pompa-echivalent-cu-ahd-velodes-skinman\/#primaryimage","url":"https:\/\/med.tattoo\/wp-content\/uploads\/2025\/05\/356_sterillhand-1l-z-pompka-plyn-do-dezynfekcji-rak_1744007032.jpg","contentUrl":"https:\/\/med.tattoo\/wp-content\/uploads\/2025\/05\/356_sterillhand-1l-z-pompka-plyn-do-dezynfekcji-rak_1744007032.jpg","width":375,"height":800},{"@type":"BreadcrumbList","@id":"https:\/\/med.tattoo\/ro\/produs\/sterillhand-1l-dezinfectant-pentru-maini-cu-pompa-echivalent-cu-ahd-velodes-skinman\/#breadcrumb","itemListElement":[{"@type":"ListItem","position":1,"name":"Strona G\u0142\u00f3wna","item":"https:\/\/med.tattoo\/ro\/"},{"@type":"ListItem","position":2,"name":"Magazin","item":"https:\/\/med.tattoo\/ro\/shop\/"},{"@type":"ListItem","position":3,"name":"Sterillhand 1L dezinfectant pentru m\u00e2ini cu pomp\u0103 (echivalent cu AHD, Velodes, Skinman)"}]},{"@type":"WebSite","@id":"https:\/\/med.tattoo\/ro\/#website","url":"https:\/\/med.tattoo\/ro\/","name":"MED.TATTOO","description":"Wszystko dla Twojego tatua\u017cu","publisher":{"@id":"https:\/\/med.tattoo\/ro\/#organization"},"potentialAction":[{"@type":"SearchAction","target":{"@type":"EntryPoint","urlTemplate":"https:\/\/med.tattoo\/ro\/?s={search_term_string}"},"query-input":{"@type":"PropertyValueSpecification","valueRequired":true,"valueName":"search_term_string"}}],"inLanguage":"ro-RO"},{"@type":"Organization","@id":"https:\/\/med.tattoo\/ro\/#organization","name":"MED.TATTOO","url":"https:\/\/med.tattoo\/ro\/","logo":{"@type":"ImageObject","inLanguage":"ro-RO","@id":"https:\/\/med.tattoo\/ro\/#\/schema\/logo\/image\/","url":"https:\/\/med.tattoo\/wp-content\/uploads\/2025\/05\/Bez-tytulu-600S300-px-1-e1658908183800.png","contentUrl":"https:\/\/med.tattoo\/wp-content\/uploads\/2025\/05\/Bez-tytulu-600S300-px-1-e1658908183800.png","width":600,"height":61,"caption":"MED.TATTOO"},"image":{"@id":"https:\/\/med.tattoo\/ro\/#\/schema\/logo\/image\/"},"sameAs":["https:\/\/www.facebook.com\/profile.php?id=100084366705613","https:\/\/www.instagram.com\/med.tattoo_official\/"]}]}},"_links":{"self":[{"href":"https:\/\/med.tattoo\/ro\/wp-json\/wp\/v2\/product\/9856","targetHints":{"allow":["GET"]}}],"collection":[{"href":"https:\/\/med.tattoo\/ro\/wp-json\/wp\/v2\/product"}],"about":[{"href":"https:\/\/med.tattoo\/ro\/wp-json\/wp\/v2\/types\/product"}],"replies":[{"embeddable":true,"href":"https:\/\/med.tattoo\/ro\/wp-json\/wp\/v2\/comments?post=9856"}],"wp:featuredmedia":[{"embeddable":true,"href":"https:\/\/med.tattoo\/ro\/wp-json\/wp\/v2\/media\/8119"}],"wp:attachment":[{"href":"https:\/\/med.tattoo\/ro\/wp-json\/wp\/v2\/media?parent=9856"}],"wp:term":[{"taxonomy":"product_brand","embeddable":true,"href":"https:\/\/med.tattoo\/ro\/wp-json\/wp\/v2\/product_brand?post=9856"},{"taxonomy":"product_cat","embeddable":true,"href":"https:\/\/med.tattoo\/ro\/wp-json\/wp\/v2\/product_cat?post=9856"},{"taxonomy":"product_tag","embeddable":true,"href":"https:\/\/med.tattoo\/ro\/wp-json\/wp\/v2\/product_tag?post=9856"}],"curies":[{"name":"wp","href":"https:\/\/api.w.org\/{rel}","templated":true}]}}