{"id":9948,"date":"2025-05-15T07:27:36","date_gmt":"2025-05-15T05:27:36","guid":{"rendered":"https:\/\/med.tattoo\/produkt\/substrat-univel-plus-2x-hartie-absorbanta-1x-folie-50cm-x-50m-verde\/"},"modified":"2025-05-15T07:27:36","modified_gmt":"2025-05-15T05:27:36","slug":"substrat-univel-plus-2x-hartie-absorbanta-1x-folie-50cm-x-50m-verde","status":"publish","type":"product","link":"https:\/\/med.tattoo\/ro\/produs\/substrat-univel-plus-2x-hartie-absorbanta-1x-folie-50cm-x-50m-verde\/","title":{"rendered":"Substrat UNIVEL PLUS 2x h\u00e2rtie absorbant\u0103 1x folie 50cm x 50m Verde"},"content":{"rendered":"<p>Tampoane de protec\u021bie de unic\u0103 folosin\u021b\u0103 din h\u00e2rtie-\u021besut \u00een 3 straturi<\/p>\n<p>Tampoanele de protec\u021bie de unic\u0103 folosin\u021b\u0103 Univel Plus sunt fabricate din dou\u0103 straturi de h\u00e2rtie de \u021besut laminate cu un strat de folie de protec\u021bie. Acest lucru face ca tampoanele s\u0103 fie u\u0219oare \u0219i moi. Acestea au o rezisten\u021b\u0103 ridicat\u0103 la rupere \u0219i sunt impermeabile, ceea ce asigur\u0103 confortul \u00een utilizare.  <\/p>\n<p>DETALII<\/p>\n<p>Num\u0103r de buc\u0103\u021bi pe rol\u0103: 80<br \/>\nLungimea benzii pe rol\u0103: 40 mb<br \/>\nNum\u0103r de role per pachet: 9 9<\/p>\n<p>CARE SUNT AVANTAJELE SERIILOR CU PROTEC\u021aIE MAXIM\u0102 PE ROLL Univel Plus?<\/p>\n<p>Tampoanele de protec\u021bie de unic\u0103 folosin\u021b\u0103 Univel Plus sunt din trei straturi (\u0219erve\u021bel, h\u00e2rtie absorbant\u0103, folie). Partea superioar\u0103 este fabricat\u0103 din dou\u0103 straturi de h\u00e2rtie igienic\u0103 tissue (100% celuloz\u0103), pe partea inferioar\u0103 exist\u0103 un strat puternic de folie de polietilen\u0103. Aceast\u0103 combina\u021bie face ca subpatul s\u0103 fie impermeabil \u0219i antiderapant. Absorbantele Univel Plus sunt moi, u\u0219oare, func\u021bionale \u0219i versatile. Sunt impermeabile \u0219i au o rezisten\u021b\u0103 ridicat\u0103 la rupere.    <\/p>\n","protected":false},"excerpt":{"rendered":"<p>Tampoane de protec\u021bie de unic\u0103 folosin\u021b\u0103 din h\u00e2rtie-\u021besut \u00een 3 straturi Tampoanele de protec\u021bie de unic\u0103 folosin\u021b\u0103 Univel Plus sunt fabricate din dou\u0103 straturi de h\u00e2rtie de \u021besut laminate cu un strat de folie de protec\u021bie. Acest lucru face ca tampoanele s\u0103 fie u\u0219oare \u0219i moi. Acestea au o rezisten\u021b\u0103 ridicat\u0103 la rupere \u0219i sunt [&hellip;]<\/p>\n","protected":false},"featured_media":7735,"comment_status":"closed","ping_status":"open","template":"","meta":{"site-sidebar-layout":"default","site-content-layout":"","ast-site-content-layout":"default","site-content-style":"default","site-sidebar-style":"default","ast-global-header-display":"","ast-banner-title-visibility":"","ast-main-header-display":"","ast-hfb-above-header-display":"","ast-hfb-below-header-display":"","ast-hfb-mobile-header-display":"","site-post-title":"","ast-breadcrumbs-content":"","ast-featured-img":"","footer-sml-layout":"","ast-disable-related-posts":"","theme-transparent-header-meta":"","adv-header-id-meta":"","stick-header-meta":"","header-above-stick-meta":"","header-main-stick-meta":"","header-below-stick-meta":"","astra-migrate-meta-layouts":"default","ast-page-background-enabled":"default","ast-page-background-meta":{"desktop":{"background-color":"var(--ast-global-color-4)","background-image":"","background-repeat":"repeat","background-position":"center center","background-size":"auto","background-attachment":"scroll","background-type":"","background-media":"","overlay-type":"","overlay-color":"","overlay-opacity":"","overlay-gradient":""},"tablet":{"background-color":"","background-image":"","background-repeat":"repeat","background-position":"center center","background-size":"auto","background-attachment":"scroll","background-type":"","background-media":"","overlay-type":"","overlay-color":"","overlay-opacity":"","overlay-gradient":""},"mobile":{"background-color":"","background-image":"","background-repeat":"repeat","background-position":"center center","background-size":"auto","background-attachment":"scroll","background-type":"","background-media":"","overlay-type":"","overlay-color":"","overlay-opacity":"","overlay-gradient":""}},"ast-content-background-meta":{"desktop":{"background-color":"var(--ast-global-color-5)","background-image":"","background-repeat":"repeat","background-position":"center center","background-size":"auto","background-attachment":"scroll","background-type":"","background-media":"","overlay-type":"","overlay-color":"","overlay-opacity":"","overlay-gradient":""},"tablet":{"background-color":"var(--ast-global-color-5)","background-image":"","background-repeat":"repeat","background-position":"center center","background-size":"auto","background-attachment":"scroll","background-type":"","background-media":"","overlay-type":"","overlay-color":"","overlay-opacity":"","overlay-gradient":""},"mobile":{"background-color":"var(--ast-global-color-5)","background-image":"","background-repeat":"repeat","background-position":"center center","background-size":"auto","background-attachment":"scroll","background-type":"","background-media":"","overlay-type":"","overlay-color":"","overlay-opacity":"","overlay-gradient":""}}},"product_brand":[],"product_cat":[25],"product_tag":[],"class_list":{"0":"post-9948","1":"product","2":"type-product","3":"status-publish","4":"has-post-thumbnail","6":"product_cat-med-tattoo","7":"desktop-align-left","8":"tablet-align-left","9":"mobile-align-left","10":"ast-product-gallery-layout-horizontal-slider","11":"ast-product-gallery-with-no-image","12":"ast-product-tabs-layout-distributed","14":"first","15":"instock","16":"purchasable","17":"product-type-simple"},"yoast_head":"<!-- This site is optimized with the Yoast SEO plugin v27.4 - https:\/\/yoast.com\/product\/yoast-seo-wordpress\/ -->\n<title>Substrat UNIVEL PLUS 2x h\u00e2rtie absorbant\u0103 1x folie 50cm x 50m Verde - MED.TATTOO<\/title>\n<meta name=\"robots\" content=\"index, follow, max-snippet:-1, max-image-preview:large, max-video-preview:-1\" \/>\n<link rel=\"canonical\" href=\"https:\/\/med.tattoo\/ro\/produs\/substrat-univel-plus-2x-hartie-absorbanta-1x-folie-50cm-x-50m-verde\/\" \/>\n<meta property=\"og:locale\" content=\"ro_RO\" \/>\n<meta property=\"og:type\" content=\"article\" \/>\n<meta property=\"og:title\" content=\"Substrat UNIVEL PLUS 2x h\u00e2rtie absorbant\u0103 1x folie 50cm x 50m Verde - MED.TATTOO\" \/>\n<meta property=\"og:description\" content=\"Tampoane de protec\u021bie de unic\u0103 folosin\u021b\u0103 din h\u00e2rtie-\u021besut \u00een 3 straturi Tampoanele de protec\u021bie de unic\u0103 folosin\u021b\u0103 Univel Plus sunt fabricate din dou\u0103 straturi de h\u00e2rtie de \u021besut laminate cu un strat de folie de protec\u021bie. Acest lucru face ca tampoanele s\u0103 fie u\u0219oare \u0219i moi. Acestea au o rezisten\u021b\u0103 ridicat\u0103 la rupere \u0219i sunt [&hellip;]\" \/>\n<meta property=\"og:url\" content=\"https:\/\/med.tattoo\/ro\/produs\/substrat-univel-plus-2x-hartie-absorbanta-1x-folie-50cm-x-50m-verde\/\" \/>\n<meta property=\"og:site_name\" content=\"MED.TATTOO\" \/>\n<meta property=\"article:publisher\" content=\"https:\/\/www.facebook.com\/profile.php?id=100084366705613\" \/>\n<meta name=\"twitter:card\" content=\"summary_large_image\" \/>\n<meta name=\"twitter:label1\" content=\"Timp estimat pentru citire\" \/>\n\t<meta name=\"twitter:data1\" content=\"1 minut\" \/>\n<script type=\"application\/ld+json\" class=\"yoast-schema-graph\">{\"@context\":\"https:\\\/\\\/schema.org\",\"@graph\":[{\"@type\":\"WebPage\",\"@id\":\"https:\\\/\\\/med.tattoo\\\/ro\\\/produs\\\/substrat-univel-plus-2x-hartie-absorbanta-1x-folie-50cm-x-50m-verde\\\/\",\"url\":\"https:\\\/\\\/med.tattoo\\\/ro\\\/produs\\\/substrat-univel-plus-2x-hartie-absorbanta-1x-folie-50cm-x-50m-verde\\\/\",\"name\":\"Substrat UNIVEL PLUS 2x h\u00e2rtie absorbant\u0103 1x folie 50cm x 50m Verde - MED.TATTOO\",\"isPartOf\":{\"@id\":\"https:\\\/\\\/med.tattoo\\\/ro\\\/#website\"},\"primaryImageOfPage\":{\"@id\":\"https:\\\/\\\/med.tattoo\\\/ro\\\/produs\\\/substrat-univel-plus-2x-hartie-absorbanta-1x-folie-50cm-x-50m-verde\\\/#primaryimage\"},\"image\":{\"@id\":\"https:\\\/\\\/med.tattoo\\\/ro\\\/produs\\\/substrat-univel-plus-2x-hartie-absorbanta-1x-folie-50cm-x-50m-verde\\\/#primaryimage\"},\"thumbnailUrl\":\"https:\\\/\\\/med.tattoo\\\/wp-content\\\/uploads\\\/2025\\\/05\\\/2832_podklad-podfoliowany-2x-bibula-1x-folia-50cm-x-50z_1744006857.jpg\",\"datePublished\":\"2025-05-15T05:27:36+00:00\",\"breadcrumb\":{\"@id\":\"https:\\\/\\\/med.tattoo\\\/ro\\\/produs\\\/substrat-univel-plus-2x-hartie-absorbanta-1x-folie-50cm-x-50m-verde\\\/#breadcrumb\"},\"inLanguage\":\"ro-RO\",\"potentialAction\":[{\"@type\":\"ReadAction\",\"target\":[\"https:\\\/\\\/med.tattoo\\\/ro\\\/produs\\\/substrat-univel-plus-2x-hartie-absorbanta-1x-folie-50cm-x-50m-verde\\\/\"]}]},{\"@type\":\"ImageObject\",\"inLanguage\":\"ro-RO\",\"@id\":\"https:\\\/\\\/med.tattoo\\\/ro\\\/produs\\\/substrat-univel-plus-2x-hartie-absorbanta-1x-folie-50cm-x-50m-verde\\\/#primaryimage\",\"url\":\"https:\\\/\\\/med.tattoo\\\/wp-content\\\/uploads\\\/2025\\\/05\\\/2832_podklad-podfoliowany-2x-bibula-1x-folia-50cm-x-50z_1744006857.jpg\",\"contentUrl\":\"https:\\\/\\\/med.tattoo\\\/wp-content\\\/uploads\\\/2025\\\/05\\\/2832_podklad-podfoliowany-2x-bibula-1x-folia-50cm-x-50z_1744006857.jpg\",\"width\":962,\"height\":622},{\"@type\":\"BreadcrumbList\",\"@id\":\"https:\\\/\\\/med.tattoo\\\/ro\\\/produs\\\/substrat-univel-plus-2x-hartie-absorbanta-1x-folie-50cm-x-50m-verde\\\/#breadcrumb\",\"itemListElement\":[{\"@type\":\"ListItem\",\"position\":1,\"name\":\"Strona G\u0142\u00f3wna\",\"item\":\"https:\\\/\\\/med.tattoo\\\/ro\\\/\"},{\"@type\":\"ListItem\",\"position\":2,\"name\":\"Magazin\",\"item\":\"https:\\\/\\\/med.tattoo\\\/ro\\\/shop\\\/\"},{\"@type\":\"ListItem\",\"position\":3,\"name\":\"Substrat UNIVEL PLUS 2x h\u00e2rtie absorbant\u0103 1x folie 50cm x 50m Verde\"}]},{\"@type\":\"WebSite\",\"@id\":\"https:\\\/\\\/med.tattoo\\\/ro\\\/#website\",\"url\":\"https:\\\/\\\/med.tattoo\\\/ro\\\/\",\"name\":\"MED.TATTOO\",\"description\":\"Wszystko dla Twojego tatua\u017cu\",\"publisher\":{\"@id\":\"https:\\\/\\\/med.tattoo\\\/ro\\\/#organization\"},\"potentialAction\":[{\"@type\":\"SearchAction\",\"target\":{\"@type\":\"EntryPoint\",\"urlTemplate\":\"https:\\\/\\\/med.tattoo\\\/ro\\\/?s={search_term_string}\"},\"query-input\":{\"@type\":\"PropertyValueSpecification\",\"valueRequired\":true,\"valueName\":\"search_term_string\"}}],\"inLanguage\":\"ro-RO\"},{\"@type\":\"Organization\",\"@id\":\"https:\\\/\\\/med.tattoo\\\/ro\\\/#organization\",\"name\":\"MED.TATTOO\",\"url\":\"https:\\\/\\\/med.tattoo\\\/ro\\\/\",\"logo\":{\"@type\":\"ImageObject\",\"inLanguage\":\"ro-RO\",\"@id\":\"https:\\\/\\\/med.tattoo\\\/ro\\\/#\\\/schema\\\/logo\\\/image\\\/\",\"url\":\"https:\\\/\\\/med.tattoo\\\/wp-content\\\/uploads\\\/2025\\\/05\\\/Bez-tytulu-600S300-px-1-e1658908183800.png\",\"contentUrl\":\"https:\\\/\\\/med.tattoo\\\/wp-content\\\/uploads\\\/2025\\\/05\\\/Bez-tytulu-600S300-px-1-e1658908183800.png\",\"width\":600,\"height\":61,\"caption\":\"MED.TATTOO\"},\"image\":{\"@id\":\"https:\\\/\\\/med.tattoo\\\/ro\\\/#\\\/schema\\\/logo\\\/image\\\/\"},\"sameAs\":[\"https:\\\/\\\/www.facebook.com\\\/profile.php?id=100084366705613\",\"https:\\\/\\\/www.instagram.com\\\/med.tattoo_official\\\/\"]}]}<\/script>\n<!-- \/ Yoast SEO plugin. -->","yoast_head_json":{"title":"Substrat UNIVEL PLUS 2x h\u00e2rtie absorbant\u0103 1x folie 50cm x 50m Verde - MED.TATTOO","robots":{"index":"index","follow":"follow","max-snippet":"max-snippet:-1","max-image-preview":"max-image-preview:large","max-video-preview":"max-video-preview:-1"},"canonical":"https:\/\/med.tattoo\/ro\/produs\/substrat-univel-plus-2x-hartie-absorbanta-1x-folie-50cm-x-50m-verde\/","og_locale":"ro_RO","og_type":"article","og_title":"Substrat UNIVEL PLUS 2x h\u00e2rtie absorbant\u0103 1x folie 50cm x 50m Verde - MED.TATTOO","og_description":"Tampoane de protec\u021bie de unic\u0103 folosin\u021b\u0103 din h\u00e2rtie-\u021besut \u00een 3 straturi Tampoanele de protec\u021bie de unic\u0103 folosin\u021b\u0103 Univel Plus sunt fabricate din dou\u0103 straturi de h\u00e2rtie de \u021besut laminate cu un strat de folie de protec\u021bie. Acest lucru face ca tampoanele s\u0103 fie u\u0219oare \u0219i moi. Acestea au o rezisten\u021b\u0103 ridicat\u0103 la rupere \u0219i sunt [&hellip;]","og_url":"https:\/\/med.tattoo\/ro\/produs\/substrat-univel-plus-2x-hartie-absorbanta-1x-folie-50cm-x-50m-verde\/","og_site_name":"MED.TATTOO","article_publisher":"https:\/\/www.facebook.com\/profile.php?id=100084366705613","twitter_card":"summary_large_image","twitter_misc":{"Timp estimat pentru citire":"1 minut"},"schema":{"@context":"https:\/\/schema.org","@graph":[{"@type":"WebPage","@id":"https:\/\/med.tattoo\/ro\/produs\/substrat-univel-plus-2x-hartie-absorbanta-1x-folie-50cm-x-50m-verde\/","url":"https:\/\/med.tattoo\/ro\/produs\/substrat-univel-plus-2x-hartie-absorbanta-1x-folie-50cm-x-50m-verde\/","name":"Substrat UNIVEL PLUS 2x h\u00e2rtie absorbant\u0103 1x folie 50cm x 50m Verde - MED.TATTOO","isPartOf":{"@id":"https:\/\/med.tattoo\/ro\/#website"},"primaryImageOfPage":{"@id":"https:\/\/med.tattoo\/ro\/produs\/substrat-univel-plus-2x-hartie-absorbanta-1x-folie-50cm-x-50m-verde\/#primaryimage"},"image":{"@id":"https:\/\/med.tattoo\/ro\/produs\/substrat-univel-plus-2x-hartie-absorbanta-1x-folie-50cm-x-50m-verde\/#primaryimage"},"thumbnailUrl":"https:\/\/med.tattoo\/wp-content\/uploads\/2025\/05\/2832_podklad-podfoliowany-2x-bibula-1x-folia-50cm-x-50z_1744006857.jpg","datePublished":"2025-05-15T05:27:36+00:00","breadcrumb":{"@id":"https:\/\/med.tattoo\/ro\/produs\/substrat-univel-plus-2x-hartie-absorbanta-1x-folie-50cm-x-50m-verde\/#breadcrumb"},"inLanguage":"ro-RO","potentialAction":[{"@type":"ReadAction","target":["https:\/\/med.tattoo\/ro\/produs\/substrat-univel-plus-2x-hartie-absorbanta-1x-folie-50cm-x-50m-verde\/"]}]},{"@type":"ImageObject","inLanguage":"ro-RO","@id":"https:\/\/med.tattoo\/ro\/produs\/substrat-univel-plus-2x-hartie-absorbanta-1x-folie-50cm-x-50m-verde\/#primaryimage","url":"https:\/\/med.tattoo\/wp-content\/uploads\/2025\/05\/2832_podklad-podfoliowany-2x-bibula-1x-folia-50cm-x-50z_1744006857.jpg","contentUrl":"https:\/\/med.tattoo\/wp-content\/uploads\/2025\/05\/2832_podklad-podfoliowany-2x-bibula-1x-folia-50cm-x-50z_1744006857.jpg","width":962,"height":622},{"@type":"BreadcrumbList","@id":"https:\/\/med.tattoo\/ro\/produs\/substrat-univel-plus-2x-hartie-absorbanta-1x-folie-50cm-x-50m-verde\/#breadcrumb","itemListElement":[{"@type":"ListItem","position":1,"name":"Strona G\u0142\u00f3wna","item":"https:\/\/med.tattoo\/ro\/"},{"@type":"ListItem","position":2,"name":"Magazin","item":"https:\/\/med.tattoo\/ro\/shop\/"},{"@type":"ListItem","position":3,"name":"Substrat UNIVEL PLUS 2x h\u00e2rtie absorbant\u0103 1x folie 50cm x 50m Verde"}]},{"@type":"WebSite","@id":"https:\/\/med.tattoo\/ro\/#website","url":"https:\/\/med.tattoo\/ro\/","name":"MED.TATTOO","description":"Wszystko dla Twojego tatua\u017cu","publisher":{"@id":"https:\/\/med.tattoo\/ro\/#organization"},"potentialAction":[{"@type":"SearchAction","target":{"@type":"EntryPoint","urlTemplate":"https:\/\/med.tattoo\/ro\/?s={search_term_string}"},"query-input":{"@type":"PropertyValueSpecification","valueRequired":true,"valueName":"search_term_string"}}],"inLanguage":"ro-RO"},{"@type":"Organization","@id":"https:\/\/med.tattoo\/ro\/#organization","name":"MED.TATTOO","url":"https:\/\/med.tattoo\/ro\/","logo":{"@type":"ImageObject","inLanguage":"ro-RO","@id":"https:\/\/med.tattoo\/ro\/#\/schema\/logo\/image\/","url":"https:\/\/med.tattoo\/wp-content\/uploads\/2025\/05\/Bez-tytulu-600S300-px-1-e1658908183800.png","contentUrl":"https:\/\/med.tattoo\/wp-content\/uploads\/2025\/05\/Bez-tytulu-600S300-px-1-e1658908183800.png","width":600,"height":61,"caption":"MED.TATTOO"},"image":{"@id":"https:\/\/med.tattoo\/ro\/#\/schema\/logo\/image\/"},"sameAs":["https:\/\/www.facebook.com\/profile.php?id=100084366705613","https:\/\/www.instagram.com\/med.tattoo_official\/"]}]}},"_links":{"self":[{"href":"https:\/\/med.tattoo\/ro\/wp-json\/wp\/v2\/product\/9948","targetHints":{"allow":["GET"]}}],"collection":[{"href":"https:\/\/med.tattoo\/ro\/wp-json\/wp\/v2\/product"}],"about":[{"href":"https:\/\/med.tattoo\/ro\/wp-json\/wp\/v2\/types\/product"}],"replies":[{"embeddable":true,"href":"https:\/\/med.tattoo\/ro\/wp-json\/wp\/v2\/comments?post=9948"}],"wp:featuredmedia":[{"embeddable":true,"href":"https:\/\/med.tattoo\/ro\/wp-json\/wp\/v2\/media\/7735"}],"wp:attachment":[{"href":"https:\/\/med.tattoo\/ro\/wp-json\/wp\/v2\/media?parent=9948"}],"wp:term":[{"taxonomy":"product_brand","embeddable":true,"href":"https:\/\/med.tattoo\/ro\/wp-json\/wp\/v2\/product_brand?post=9948"},{"taxonomy":"product_cat","embeddable":true,"href":"https:\/\/med.tattoo\/ro\/wp-json\/wp\/v2\/product_cat?post=9948"},{"taxonomy":"product_tag","embeddable":true,"href":"https:\/\/med.tattoo\/ro\/wp-json\/wp\/v2\/product_tag?post=9948"}],"curies":[{"name":"wp","href":"https:\/\/api.w.org\/{rel}","templated":true}]}}